{"id":1237,"date":"2024-01-24T10:50:22","date_gmt":"2024-01-24T10:50:22","guid":{"rendered":"https:\/\/www.firstedukit.pl\/?post_type=product&#038;p=1237"},"modified":"2024-09-27T23:27:23","modified_gmt":"2024-09-27T21:27:23","slug":"minecraft-pory-roku","status":"publish","type":"product","link":"https:\/\/www.firstedukit.pl\/index.php\/product\/minecraft-pory-roku\/","title":{"rendered":"SEASONS-Pory Roku w stylu Minecraft"},"content":{"rendered":"<p>Zestaw plik\u00f3w pdf w stylu <strong>Minecraft<\/strong> zawieraj\u0105cy mini ebook z opisem aktywno\u015bci oraz karty i materia\u0142y zwi\u0105zane z porami roku i pogod\u0105,  Karty przygotowane zosta\u0142y w j\u0119zyku <strong>polskim i angielskim!<\/strong><br \/>W sk\u0142ad zestawu wchodz\u0105 pliki pdf z:<br \/>&#8211; dok\u0142adnym opisem 6 proponowanych zabaw\/ aktywno\u015bci zwi\u0105zanych z tematyk\u0105 zaj\u0119\u0107,<br \/>&#8211; 11 kart z czynno\u015bciami z r\u00f3\u017cnych p\u00f3r roku,<br \/>&#8211; 8 obrazk\u00f3w \u0107wicz\u0105cych spostrzegawczo\u015b\u0107,<br \/>&#8211; 4 ilustracje z porami roku,<br \/>&#8211; kostk\u0119 do gry,<br \/>&#8211; 3 BONUSY (memory, pogoda, rodzina).<\/p>\n","protected":false},"excerpt":{"rendered":"<p>Zestaw plik\u00f3w pdf w stylu Minecraft zawieraj\u0105cy mini ebook z opisem aktywno\u015bci oraz karty i materia\u0142y zwi\u0105zane z porami roku i pogod\u0105, Karty przygotowane zosta\u0142y w j\u0119zyku polskim i angielskim!W sk\u0142ad zestawu wchodz\u0105 pliki pdf z:&#8211; dok\u0142adnym opisem 6 proponowanych zabaw\/ aktywno\u015bci zwi\u0105zanych z tematyk\u0105 zaj\u0119\u0107,&#8211; 11 kart z czynno\u015bciami z r\u00f3\u017cnych p\u00f3r roku,&#8211; 8&#8230;<\/p>\n","protected":false},"featured_media":1558,"comment_status":"open","ping_status":"closed","template":"","meta":{"_kad_post_transparent":"","_kad_post_title":"","_kad_post_layout":"","_kad_post_sidebar_id":"","_kad_post_content_style":"","_kad_post_vertical_padding":"","_kad_post_feature":"","_kad_post_feature_position":"","_kad_post_header":false,"_kad_post_footer":false,"jetpack_post_was_ever_published":false},"product_brand":[],"product_cat":[15,24,23],"product_tag":[31,30,27,28,29],"class_list":{"0":"post-1237","1":"product","2":"type-product","3":"status-publish","4":"has-post-thumbnail","6":"product_cat-e-booki","7":"product_cat-karty-na-zajecia","8":"product_cat-karty-pracy","9":"product_tag-minecraftstyle","10":"product_tag-pogoda","11":"product_tag-pory-roku","12":"product_tag-seasons","13":"product_tag-weather","15":"first","16":"instock","17":"downloadable","18":"virtual","19":"sold-individually","20":"taxable","21":"purchasable","22":"product-type-simple","23":"entry","24":"content-bg","25":"loop-entry"},"jetpack_sharing_enabled":true,"_links":{"self":[{"href":"https:\/\/www.firstedukit.pl\/index.php\/wp-json\/wp\/v2\/product\/1237","targetHints":{"allow":["GET"]}}],"collection":[{"href":"https:\/\/www.firstedukit.pl\/index.php\/wp-json\/wp\/v2\/product"}],"about":[{"href":"https:\/\/www.firstedukit.pl\/index.php\/wp-json\/wp\/v2\/types\/product"}],"replies":[{"embeddable":true,"href":"https:\/\/www.firstedukit.pl\/index.php\/wp-json\/wp\/v2\/comments?post=1237"}],"version-history":[{"count":1,"href":"https:\/\/www.firstedukit.pl\/index.php\/wp-json\/wp\/v2\/product\/1237\/revisions"}],"predecessor-version":[{"id":2180,"href":"https:\/\/www.firstedukit.pl\/index.php\/wp-json\/wp\/v2\/product\/1237\/revisions\/2180"}],"wp:featuredmedia":[{"embeddable":true,"href":"https:\/\/www.firstedukit.pl\/index.php\/wp-json\/wp\/v2\/media\/1558"}],"wp:attachment":[{"href":"https:\/\/www.firstedukit.pl\/index.php\/wp-json\/wp\/v2\/media?parent=1237"}],"wp:term":[{"taxonomy":"product_brand","embeddable":true,"href":"https:\/\/www.firstedukit.pl\/index.php\/wp-json\/wp\/v2\/product_brand?post=1237"},{"taxonomy":"product_cat","embeddable":true,"href":"https:\/\/www.firstedukit.pl\/index.php\/wp-json\/wp\/v2\/product_cat?post=1237"},{"taxonomy":"product_tag","embeddable":true,"href":"https:\/\/www.firstedukit.pl\/index.php\/wp-json\/wp\/v2\/product_tag?post=1237"}],"curies":[{"name":"wp","href":"https:\/\/api.w.org\/{rel}","templated":true}]}}