{"id":1351,"date":"2024-01-25T22:33:41","date_gmt":"2024-01-25T22:33:41","guid":{"rendered":"https:\/\/www.firstedukit.pl\/?post_type=product&#038;p=1351"},"modified":"2024-12-01T13:12:26","modified_gmt":"2024-12-01T11:12:26","slug":"oh-no-santa","status":"publish","type":"product","link":"https:\/\/www.firstedukit.pl\/index.php\/product\/oh-no-santa\/","title":{"rendered":"Oh NO, Santa!"},"content":{"rendered":"<p><strong>Uwaga!<\/strong> Ten plik zawiera zabawy z&#8230;. rozbieraniem <strong>Miko\u0142aja <\/strong>\ud83d\ude42 Gwarantowane szerokie u\u015bmiechy na ustach waszych podopiecznych. Dzi\u0119ki proponowanym zabawom dzieci m.in przypomn\u0105 nazwy cz\u0142onk\u00f3w rodziny, cz\u0119\u015bci garderoby brodatego go\u015bcia, prze\u0107wicz\u0105 zdania z &#8222;put on&#8230;&#8221;, &#8222;take off&#8230;&#8221; oraz naucz\u0105 si\u0119 odpowiada\u0107 na pytanie &#8222;What would you like to get from Santa? <br \/>W zestawie pliki pdf:<br \/>&#8211; mini e-book z opisami 7 pomys\u0142\u00f3w na Miko\u0142ajkowe zabawy,<br \/>&#8211; 16 kart przedstawiaj\u0105cych prezenty (opr\u00f3cz popularnych jak <em>doll<\/em> czy <em>train<\/em> znajdziecie tutaj r\u00f3wnie\u017c <em>drone, necklece<\/em> czy <em>remote- controled car)<\/em>,<br \/>&#8211; autorski wiersz o Miko\u0142aju \u015bci\u0105gaj\u0105cym kolejne cz\u0119\u015bci garderoby+ flashcards do niego, <br \/>&#8211; kostk\u0119 do gry <em>Santa get dressed!<\/em><\/p>\n","protected":false},"excerpt":{"rendered":"<p>Uwaga! Ten plik zawiera zabawy z&#8230;. rozbieraniem Miko\u0142aja \ud83d\ude42 Gwarantowane szerokie u\u015bmiechy na ustach waszych podopiecznych. Dzi\u0119ki proponowanym zabawom dzieci m.in przypomn\u0105 nazwy cz\u0142onk\u00f3w rodziny, cz\u0119\u015bci garderoby brodatego go\u015bcia, prze\u0107wicz\u0105 zdania z &#8222;put on&#8230;&#8221;, &#8222;take off&#8230;&#8221; oraz naucz\u0105 si\u0119 odpowiada\u0107 na pytanie &#8222;What would you like to get from Santa? W zestawie pliki pdf:&#8211; mini&#8230;<\/p>\n","protected":false},"featured_media":1557,"comment_status":"open","ping_status":"closed","template":"","meta":{"_kad_post_transparent":"","_kad_post_title":"","_kad_post_layout":"","_kad_post_sidebar_id":"","_kad_post_content_style":"","_kad_post_vertical_padding":"","_kad_post_feature":"","_kad_post_feature_position":"","_kad_post_header":false,"_kad_post_footer":false,"jetpack_post_was_ever_published":false},"product_brand":[],"product_cat":[205,15,24,23,203,206],"product_tag":[37,41,38,42,39,36,43,40],"class_list":{"0":"post-1351","1":"product","2":"type-product","3":"status-publish","4":"has-post-thumbnail","6":"product_cat-christmas","7":"product_cat-e-booki","8":"product_cat-karty-na-zajecia","9":"product_cat-karty-pracy","10":"product_cat-special-days","11":"product_cat-winter","12":"product_tag-christmas","13":"product_tag-gifts","14":"product_tag-mikolaj","15":"product_tag-prezenty","16":"product_tag-put-on","17":"product_tag-santa","18":"product_tag-swieta","19":"product_tag-take","21":"first","22":"instock","23":"downloadable","24":"virtual","25":"sold-individually","26":"taxable","27":"purchasable","28":"product-type-simple","29":"entry","30":"content-bg","31":"loop-entry"},"jetpack_sharing_enabled":true,"_links":{"self":[{"href":"https:\/\/www.firstedukit.pl\/index.php\/wp-json\/wp\/v2\/product\/1351","targetHints":{"allow":["GET"]}}],"collection":[{"href":"https:\/\/www.firstedukit.pl\/index.php\/wp-json\/wp\/v2\/product"}],"about":[{"href":"https:\/\/www.firstedukit.pl\/index.php\/wp-json\/wp\/v2\/types\/product"}],"replies":[{"embeddable":true,"href":"https:\/\/www.firstedukit.pl\/index.php\/wp-json\/wp\/v2\/comments?post=1351"}],"version-history":[{"count":1,"href":"https:\/\/www.firstedukit.pl\/index.php\/wp-json\/wp\/v2\/product\/1351\/revisions"}],"predecessor-version":[{"id":2186,"href":"https:\/\/www.firstedukit.pl\/index.php\/wp-json\/wp\/v2\/product\/1351\/revisions\/2186"}],"wp:featuredmedia":[{"embeddable":true,"href":"https:\/\/www.firstedukit.pl\/index.php\/wp-json\/wp\/v2\/media\/1557"}],"wp:attachment":[{"href":"https:\/\/www.firstedukit.pl\/index.php\/wp-json\/wp\/v2\/media?parent=1351"}],"wp:term":[{"taxonomy":"product_brand","embeddable":true,"href":"https:\/\/www.firstedukit.pl\/index.php\/wp-json\/wp\/v2\/product_brand?post=1351"},{"taxonomy":"product_cat","embeddable":true,"href":"https:\/\/www.firstedukit.pl\/index.php\/wp-json\/wp\/v2\/product_cat?post=1351"},{"taxonomy":"product_tag","embeddable":true,"href":"https:\/\/www.firstedukit.pl\/index.php\/wp-json\/wp\/v2\/product_tag?post=1351"}],"curies":[{"name":"wp","href":"https:\/\/api.w.org\/{rel}","templated":true}]}}