{"id":1364,"date":"2024-01-25T22:59:03","date_gmt":"2024-01-25T22:59:03","guid":{"rendered":"https:\/\/www.firstedukit.pl\/?post_type=product&#038;p=1364"},"modified":"2024-12-01T13:09:38","modified_gmt":"2024-12-01T11:09:38","slug":"polar-animals","status":"publish","type":"product","link":"https:\/\/www.firstedukit.pl\/index.php\/product\/polar-animals\/","title":{"rendered":"Polar animals"},"content":{"rendered":"<p>Uniwersalny zestaw pdf, kt\u00f3ry sprawdzi si\u0119 na zaj\u0119ciach o tematyce <strong>polar animals  <\/strong>jak r\u00f3wnie\u017c tych zwi\u0105zanych z <em>zim\u0105, zwierz\u0119tami,<\/em> <em>zimowymi aktywno\u015bciami. <\/em>W jednej z proponowanych zabaw dzieci b\u0119d\u0105 u\u017cywa\u0107 czasu <strong>present continuous<\/strong> tworz\u0105c proste zdania. <br \/>Pliki pdf zawieraj\u0105:<br \/>&#8211; 8 dok\u0142adnie opisanych propozycji zabaw do wykorzystania na zaj\u0119ciach,<br \/>&#8211; 10 kart z realistycznymi zwierz\u0119tami polarnymi (mors, nied\u017awied\u017a polarny, foka, sowa \u015bnie\u017cna, lis arktyczny, pingwin, wilk polarny, renifer, gronostaj, maskonur,<br \/>&#8211; 8 kart zimowych aktywno\u015bci\/ sport\u00f3w i atrybut\u00f3w z nimi zwi\u0105zanymi,<br \/>&#8211; &#8222;cudaki&#8221; czyli hybrydy zwierz\u0105t pobudzaj\u0105ce dzieci\u0119c\u0105 wyobra\u017ani\u0119,<br \/>&#8211; karty ze zwierz\u0119tami i podpisami do wyci\u0119cia i stworzenia plakatu <strong>polar animals<\/strong>,<br \/>&#8211; 6 tematycznych kart pracy,<br \/>&#8211; BONUS- 5 kart z prostymi czasownikami + mini karta pracy.<\/p>\n","protected":false},"excerpt":{"rendered":"<p><\/p>\n","protected":false},"featured_media":1553,"comment_status":"open","ping_status":"closed","template":"","meta":{"_kad_post_transparent":"","_kad_post_title":"","_kad_post_layout":"","_kad_post_sidebar_id":"","_kad_post_content_style":"","_kad_post_vertical_padding":"","_kad_post_feature":"","_kad_post_feature_position":"","_kad_post_header":false,"_kad_post_footer":false,"jetpack_post_was_ever_published":false},"product_brand":[],"product_cat":[204,15,24,23,206],"product_tag":[44,45,47,46],"class_list":{"0":"post-1364","1":"product","2":"type-product","3":"status-publish","4":"has-post-thumbnail","6":"product_cat-animals","7":"product_cat-e-booki","8":"product_cat-karty-na-zajecia","9":"product_cat-karty-pracy","10":"product_cat-winter","11":"product_tag-polar-animals","12":"product_tag-winter","13":"product_tag-winter-activities","14":"product_tag-zwierzeta-polarne","16":"first","17":"instock","18":"downloadable","19":"virtual","20":"sold-individually","21":"taxable","22":"purchasable","23":"product-type-simple","24":"entry","25":"content-bg","26":"loop-entry"},"jetpack_sharing_enabled":true,"_links":{"self":[{"href":"https:\/\/www.firstedukit.pl\/index.php\/wp-json\/wp\/v2\/product\/1364","targetHints":{"allow":["GET"]}}],"collection":[{"href":"https:\/\/www.firstedukit.pl\/index.php\/wp-json\/wp\/v2\/product"}],"about":[{"href":"https:\/\/www.firstedukit.pl\/index.php\/wp-json\/wp\/v2\/types\/product"}],"replies":[{"embeddable":true,"href":"https:\/\/www.firstedukit.pl\/index.php\/wp-json\/wp\/v2\/comments?post=1364"}],"version-history":[{"count":1,"href":"https:\/\/www.firstedukit.pl\/index.php\/wp-json\/wp\/v2\/product\/1364\/revisions"}],"predecessor-version":[{"id":2178,"href":"https:\/\/www.firstedukit.pl\/index.php\/wp-json\/wp\/v2\/product\/1364\/revisions\/2178"}],"wp:featuredmedia":[{"embeddable":true,"href":"https:\/\/www.firstedukit.pl\/index.php\/wp-json\/wp\/v2\/media\/1553"}],"wp:attachment":[{"href":"https:\/\/www.firstedukit.pl\/index.php\/wp-json\/wp\/v2\/media?parent=1364"}],"wp:term":[{"taxonomy":"product_brand","embeddable":true,"href":"https:\/\/www.firstedukit.pl\/index.php\/wp-json\/wp\/v2\/product_brand?post=1364"},{"taxonomy":"product_cat","embeddable":true,"href":"https:\/\/www.firstedukit.pl\/index.php\/wp-json\/wp\/v2\/product_cat?post=1364"},{"taxonomy":"product_tag","embeddable":true,"href":"https:\/\/www.firstedukit.pl\/index.php\/wp-json\/wp\/v2\/product_tag?post=1364"}],"curies":[{"name":"wp","href":"https:\/\/api.w.org\/{rel}","templated":true}]}}