{"id":1374,"date":"2024-01-25T23:23:28","date_gmt":"2024-01-25T23:23:28","guid":{"rendered":"https:\/\/www.firstedukit.pl\/?post_type=product&#038;p=1374"},"modified":"2024-12-01T13:10:37","modified_gmt":"2024-12-01T11:10:37","slug":"santa-claus-is-coming-to-town-materialy-do-nauki-piosenki","status":"publish","type":"product","link":"https:\/\/www.firstedukit.pl\/index.php\/product\/santa-claus-is-coming-to-town-materialy-do-nauki-piosenki\/","title":{"rendered":"Santa Claus is coming to town- karty do nauki piosenki"},"content":{"rendered":"<p>Plik elektroniczny zawiera karty w komiksowym stylu (pdf), pomocne w nauce piosenki <strong><em>&#8222;Santa Claus is coming to town&#8221;<\/em> <\/strong>(idealne na przed\u015bwi\u0105teczne zaj\u0119cia). W zestawie r\u00f3wnie\u017c s\u0142owa utworu, kr\u00f3tki opis z propozycj\u0105 wprowadzenia piosenki i karta pracy utrwalaj\u0105ca poznany materia\u0142.<\/p>\n","protected":false},"excerpt":{"rendered":"<p>Plik elektroniczny zawiera karty w komiksowym stylu (pdf), pomocne w nauce piosenki &#8222;Santa Claus is coming to town&#8221; (idealne na przed\u015bwi\u0105teczne zaj\u0119cia). W zestawie r\u00f3wnie\u017c s\u0142owa utworu, kr\u00f3tki opis z propozycj\u0105 wprowadzenia piosenki i karta pracy utrwalaj\u0105ca poznany materia\u0142.<\/p>\n","protected":false},"featured_media":1560,"comment_status":"open","ping_status":"closed","template":"","meta":{"_kad_post_transparent":"","_kad_post_title":"","_kad_post_layout":"","_kad_post_sidebar_id":"","_kad_post_content_style":"","_kad_post_vertical_padding":"","_kad_post_feature":"","_kad_post_feature_position":"","_kad_post_header":false,"_kad_post_footer":false,"jetpack_post_was_ever_published":false},"product_brand":[],"product_cat":[205,15,24,23,206],"product_tag":[37,49,36,48],"class_list":{"0":"post-1374","1":"product","2":"type-product","3":"status-publish","4":"has-post-thumbnail","6":"product_cat-christmas","7":"product_cat-e-booki","8":"product_cat-karty-na-zajecia","9":"product_cat-karty-pracy","10":"product_cat-winter","11":"product_tag-christmas","12":"product_tag-nauka-piosenki","13":"product_tag-santa","14":"product_tag-santa-claus-is-coming-to-town","16":"first","17":"instock","18":"downloadable","19":"virtual","20":"sold-individually","21":"taxable","22":"purchasable","23":"product-type-simple","24":"entry","25":"content-bg","26":"loop-entry"},"jetpack_sharing_enabled":true,"_links":{"self":[{"href":"https:\/\/www.firstedukit.pl\/index.php\/wp-json\/wp\/v2\/product\/1374","targetHints":{"allow":["GET"]}}],"collection":[{"href":"https:\/\/www.firstedukit.pl\/index.php\/wp-json\/wp\/v2\/product"}],"about":[{"href":"https:\/\/www.firstedukit.pl\/index.php\/wp-json\/wp\/v2\/types\/product"}],"replies":[{"embeddable":true,"href":"https:\/\/www.firstedukit.pl\/index.php\/wp-json\/wp\/v2\/comments?post=1374"}],"version-history":[{"count":1,"href":"https:\/\/www.firstedukit.pl\/index.php\/wp-json\/wp\/v2\/product\/1374\/revisions"}],"predecessor-version":[{"id":2188,"href":"https:\/\/www.firstedukit.pl\/index.php\/wp-json\/wp\/v2\/product\/1374\/revisions\/2188"}],"wp:featuredmedia":[{"embeddable":true,"href":"https:\/\/www.firstedukit.pl\/index.php\/wp-json\/wp\/v2\/media\/1560"}],"wp:attachment":[{"href":"https:\/\/www.firstedukit.pl\/index.php\/wp-json\/wp\/v2\/media?parent=1374"}],"wp:term":[{"taxonomy":"product_brand","embeddable":true,"href":"https:\/\/www.firstedukit.pl\/index.php\/wp-json\/wp\/v2\/product_brand?post=1374"},{"taxonomy":"product_cat","embeddable":true,"href":"https:\/\/www.firstedukit.pl\/index.php\/wp-json\/wp\/v2\/product_cat?post=1374"},{"taxonomy":"product_tag","embeddable":true,"href":"https:\/\/www.firstedukit.pl\/index.php\/wp-json\/wp\/v2\/product_tag?post=1374"}],"curies":[{"name":"wp","href":"https:\/\/api.w.org\/{rel}","templated":true}]}}