{"id":1379,"date":"2024-01-25T23:48:53","date_gmt":"2024-01-25T23:48:53","guid":{"rendered":"https:\/\/www.firstedukit.pl\/?post_type=product&#038;p=1379"},"modified":"2025-01-07T00:33:13","modified_gmt":"2025-01-06T22:33:13","slug":"christmas-eve-dishes-potrawy-wigiline","status":"publish","type":"product","link":"https:\/\/www.firstedukit.pl\/index.php\/product\/christmas-eve-dishes-potrawy-wigiline\/","title":{"rendered":"Christmas Eve Dishes\/ Potrawy Wigiline"},"content":{"rendered":"<p>Zestaw materia\u0142\u00f3w na zaj\u0119cia \u015bwi\u0105teczne.<br \/>W pliku elektronicznym znajduje si\u0119:<br \/><img decoding=\"async\" height=\"16\" width=\"16\" src=\"https:\/\/static.xx.fbcdn.net\/images\/emoji.php\/v9\/t60\/1.5\/16\/1f384.png\" alt=\"\ud83c\udf84\">12 kart z nazwami wigilijnych da\u0144 <strong>polsku i angielsku<\/strong> (karp, barszcz, zupa grzybowa, \u015bled\u017a, makowiec, sernik, piernik, pierniczki, op\u0142atek, kompot z suszu, kapusta z grochem, pierogi),<br \/><img decoding=\"async\" height=\"16\" width=\"16\" src=\"https:\/\/static.xx.fbcdn.net\/images\/emoji.php\/v9\/t60\/1.5\/16\/1f384.png\" alt=\"\ud83c\udf84\">\u00a0pomys\u0142 na zabaw\u0119 z pierniczkiem\u00a0<br \/><img decoding=\"async\" height=\"16\" width=\"16\" src=\"https:\/\/static.xx.fbcdn.net\/images\/emoji.php\/v9\/t60\/1.5\/16\/1f384.png\" alt=\"\ud83c\udf84\">\u00a02 karty pracy (co nie pasuje na \u015bwi\u0105tecznym stole, narysuj ulubione wigilijne potrawy),<br \/><img decoding=\"async\" height=\"16\" width=\"16\" src=\"https:\/\/static.xx.fbcdn.net\/images\/emoji.php\/v9\/t60\/1.5\/16\/1f384.png\" alt=\"\ud83c\udf84\">pomys\u0142 na zabaw\u0119 z wykorzystaniem kart potraw i nazw cz\u0142onk\u00f3w rodziny,<br \/><img decoding=\"async\" height=\"16\" width=\"16\" src=\"https:\/\/static.xx.fbcdn.net\/images\/emoji.php\/v9\/t60\/1.5\/16\/1f384.png\" alt=\"\ud83c\udf84\">wigilijne memory,<br \/><img decoding=\"async\" height=\"16\" width=\"16\" src=\"https:\/\/static.xx.fbcdn.net\/images\/emoji.php\/v9\/t60\/1.5\/16\/1f384.png\" alt=\"\ud83c\udf84\">\u00a0mini e-book z dok\u0142adnym opis wszystkich aktywno\u015bci i propozycji zabaw.<\/p>\n","protected":false},"excerpt":{"rendered":"<p>Zestaw materia\u0142\u00f3w na zaj\u0119cia \u015bwi\u0105teczne.W pliku elektronicznym znajduje si\u0119:12 kart z nazwami wigilijnych da\u0144 polsku i angielsku (karp, barszcz, zupa grzybowa, \u015bled\u017a, makowiec, sernik, piernik, pierniczki, op\u0142atek, kompot z suszu, kapusta z grochem, pierogi),\u00a0pomys\u0142 na zabaw\u0119 z pierniczkiem\u00a0\u00a02 karty pracy (co nie pasuje na \u015bwi\u0105tecznym stole, narysuj ulubione wigilijne potrawy),pomys\u0142 na zabaw\u0119 z wykorzystaniem kart&#8230;<\/p>\n","protected":false},"featured_media":1555,"comment_status":"open","ping_status":"closed","template":"","meta":{"_kad_post_transparent":"","_kad_post_title":"","_kad_post_layout":"","_kad_post_sidebar_id":"","_kad_post_content_style":"","_kad_post_vertical_padding":"","_kad_post_feature":"","_kad_post_feature_position":"","_kad_post_header":false,"_kad_post_footer":false,"jetpack_post_was_ever_published":false},"product_brand":[],"product_cat":[205,15,24,23,206],"product_tag":[37,51,53,52,43,50],"class_list":{"0":"post-1379","1":"product","2":"type-product","3":"status-publish","4":"has-post-thumbnail","6":"product_cat-christmas","7":"product_cat-e-booki","8":"product_cat-karty-na-zajecia","9":"product_cat-karty-pracy","10":"product_cat-winter","11":"product_tag-christmas","12":"product_tag-christmas-eve","13":"product_tag-christmas-eve-dishes","14":"product_tag-potrawy-wigilijne","15":"product_tag-swieta","16":"product_tag-wigilia","18":"first","19":"instock","20":"downloadable","21":"virtual","22":"sold-individually","23":"taxable","24":"purchasable","25":"product-type-simple","26":"entry","27":"content-bg","28":"loop-entry"},"jetpack_sharing_enabled":true,"_links":{"self":[{"href":"https:\/\/www.firstedukit.pl\/index.php\/wp-json\/wp\/v2\/product\/1379","targetHints":{"allow":["GET"]}}],"collection":[{"href":"https:\/\/www.firstedukit.pl\/index.php\/wp-json\/wp\/v2\/product"}],"about":[{"href":"https:\/\/www.firstedukit.pl\/index.php\/wp-json\/wp\/v2\/types\/product"}],"replies":[{"embeddable":true,"href":"https:\/\/www.firstedukit.pl\/index.php\/wp-json\/wp\/v2\/comments?post=1379"}],"version-history":[{"count":1,"href":"https:\/\/www.firstedukit.pl\/index.php\/wp-json\/wp\/v2\/product\/1379\/revisions"}],"predecessor-version":[{"id":2184,"href":"https:\/\/www.firstedukit.pl\/index.php\/wp-json\/wp\/v2\/product\/1379\/revisions\/2184"}],"wp:featuredmedia":[{"embeddable":true,"href":"https:\/\/www.firstedukit.pl\/index.php\/wp-json\/wp\/v2\/media\/1555"}],"wp:attachment":[{"href":"https:\/\/www.firstedukit.pl\/index.php\/wp-json\/wp\/v2\/media?parent=1379"}],"wp:term":[{"taxonomy":"product_brand","embeddable":true,"href":"https:\/\/www.firstedukit.pl\/index.php\/wp-json\/wp\/v2\/product_brand?post=1379"},{"taxonomy":"product_cat","embeddable":true,"href":"https:\/\/www.firstedukit.pl\/index.php\/wp-json\/wp\/v2\/product_cat?post=1379"},{"taxonomy":"product_tag","embeddable":true,"href":"https:\/\/www.firstedukit.pl\/index.php\/wp-json\/wp\/v2\/product_tag?post=1379"}],"curies":[{"name":"wp","href":"https:\/\/api.w.org\/{rel}","templated":true}]}}