{"id":1396,"date":"2024-01-26T13:40:29","date_gmt":"2024-01-26T13:40:29","guid":{"rendered":"https:\/\/www.firstedukit.pl\/?post_type=product&#038;p=1396"},"modified":"2024-12-01T13:31:20","modified_gmt":"2024-12-01T11:31:20","slug":"funny-granny-dzien-babci-i-dziadka","status":"publish","type":"product","link":"https:\/\/www.firstedukit.pl\/index.php\/product\/funny-granny-dzien-babci-i-dziadka\/","title":{"rendered":"Funny Granny, Dzie\u0144 Babci i Dziadka"},"content":{"rendered":"<p>Propozycje zabaw na zaj\u0119cia z okazji Dnia Babci i Dziadka na weso\u0142o \ud83d\ude42 <br \/>Materia\u0142y pdf do wykorzystania zar\u00f3wno na zaj\u0119cie z <strong>j\u0119zyka angielskiego<\/strong> jak i zaj\u0119cia<strong> po polsku!<\/strong><br \/>Pakiet zawiera:<br \/><img decoding=\"async\" height=\"16\" width=\"16\" src=\"https:\/\/static.xx.fbcdn.net\/images\/emoji.php\/v9\/t95\/1.5\/16\/1f469_200d_1f9b3.png\" alt=\"\ud83d\udc69\u200d\ud83e\uddb3\"> dok\u0142adny opis aktywno\u015bci zwi\u0105zanych z Babci\u0105\/ Dziadkiem lub Babci\u0105 i Dziadkiem,<br \/><img decoding=\"async\" height=\"16\" width=\"16\" src=\"https:\/\/static.xx.fbcdn.net\/images\/emoji.php\/v9\/tb9\/1.5\/16\/1f9d3.png\" alt=\"\ud83e\uddd3\">\u0142\u0105cznie 35 stron pomocy (grafiki, karty obrazkowe itp.),<br \/><img decoding=\"async\" height=\"16\" width=\"16\" src=\"https:\/\/static.xx.fbcdn.net\/images\/emoji.php\/v9\/t95\/1.5\/16\/1f469_200d_1f9b3.png\" alt=\"\ud83d\udc69\u200d\ud83e\uddb3\"> 20 kart z zabawnymi <img decoding=\"async\" height=\"16\" width=\"16\" src=\"https:\/\/static.xx.fbcdn.net\/images\/emoji.php\/v9\/tc6\/1.5\/16\/1f973.png\" alt=\"\ud83e\udd73\">babciami <img loading=\"lazy\" decoding=\"async\" height=\"16\" width=\"16\" src=\"https:\/\/static.xx.fbcdn.net\/images\/emoji.php\/v9\/ta5\/1.5\/16\/1f642.png\" alt=\"\ud83d\ude42\"> do kalambur, w tym 6 z typowo zimowymi<img loading=\"lazy\" decoding=\"async\" height=\"16\" width=\"16\" src=\"https:\/\/static.xx.fbcdn.net\/images\/emoji.php\/v9\/t5\/1.5\/16\/26f7.png\" alt=\"\u26f7\"> aktywno\u015bciami,<br \/><img decoding=\"async\" height=\"16\" width=\"16\" src=\"https:\/\/static.xx.fbcdn.net\/images\/emoji.php\/v9\/tb9\/1.5\/16\/1f9d3.png\" alt=\"\ud83e\uddd3\"> karty z realistycznymi zdj\u0119ciami bab\u0107 i dziadk\u00f3w i psuj\u0105cymi do nich przymiotnikami po polsku i angielsku (pomocny, uroczy, weso\u0142y, pracowity, szalony, zabawny, silny, m\u0105dry).<br \/><img decoding=\"async\" height=\"16\" width=\"16\" src=\"https:\/\/static.xx.fbcdn.net\/images\/emoji.php\/v9\/t95\/1.5\/16\/1f469_200d_1f9b3.png\" alt=\"\ud83d\udc69\u200d\ud83e\uddb3\"> rozsypanki wyrazowo- obrazkowe do \u0142atwiejszego tworzenia i zapami\u0119tywania zda\u0144 (I love my grandma\/grandpa because she\/he teaches\/helps me. Kocham moj\u0105 babci\u0119\/dziadka poniewa\u017c uczy mnie\/ca\u0142uje&#8230;mnie),<br \/><img decoding=\"async\" height=\"16\" width=\"16\" src=\"https:\/\/static.xx.fbcdn.net\/images\/emoji.php\/v9\/tb9\/1.5\/16\/1f9d3.png\" alt=\"\ud83e\uddd3\">3 karty pracy + kolorowanki,<br \/><img decoding=\"async\" height=\"16\" width=\"16\" src=\"https:\/\/static.xx.fbcdn.net\/images\/emoji.php\/v9\/t95\/1.5\/16\/1f469_200d_1f9b3.png\" alt=\"\ud83d\udc69\u200d\ud83e\uddb3\"> pomys\u0142 na zabaw\u0119 z&#8230; wa\u0142kiem:)<\/p>\n","protected":false},"excerpt":{"rendered":"<p>Propozycje zabaw na zaj\u0119cia z okazji Dnia Babci i Dziadka na weso\u0142o \ud83d\ude42 Materia\u0142y pdf do wykorzystania zar\u00f3wno na zaj\u0119cie z j\u0119zyka angielskiego jak i zaj\u0119cia po polsku!Pakiet zawiera: dok\u0142adny opis aktywno\u015bci zwi\u0105zanych z Babci\u0105\/ Dziadkiem lub Babci\u0105 i Dziadkiem,\u0142\u0105cznie 35 stron pomocy (grafiki, karty obrazkowe itp.), 20 kart z zabawnymi babciami do kalambur, w&#8230;<\/p>\n","protected":false},"featured_media":1562,"comment_status":"open","ping_status":"closed","template":"","meta":{"_kad_post_transparent":"","_kad_post_title":"","_kad_post_layout":"","_kad_post_sidebar_id":"","_kad_post_content_style":"","_kad_post_vertical_padding":"","_kad_post_feature":"","_kad_post_feature_position":"","_kad_post_header":false,"_kad_post_footer":false,"jetpack_post_was_ever_published":false},"product_brand":[],"product_cat":[15,24,23,207,203],"product_tag":[55,56,54,59,58,57],"class_list":{"0":"post-1396","1":"product","2":"type-product","3":"status-publish","4":"has-post-thumbnail","6":"product_cat-e-booki","7":"product_cat-karty-na-zajecia","8":"product_cat-karty-pracy","9":"product_cat-na-zajecia-po-polsku","10":"product_cat-special-days","11":"product_tag-dzien-babci","12":"product_tag-dzien-dziadka","13":"product_tag-funny-granny","14":"product_tag-granddad","15":"product_tag-grandmum","16":"product_tag-grandparents","18":"first","19":"instock","20":"downloadable","21":"virtual","22":"sold-individually","23":"taxable","24":"purchasable","25":"product-type-simple","26":"entry","27":"content-bg","28":"loop-entry"},"jetpack_sharing_enabled":true,"_links":{"self":[{"href":"https:\/\/www.firstedukit.pl\/index.php\/wp-json\/wp\/v2\/product\/1396","targetHints":{"allow":["GET"]}}],"collection":[{"href":"https:\/\/www.firstedukit.pl\/index.php\/wp-json\/wp\/v2\/product"}],"about":[{"href":"https:\/\/www.firstedukit.pl\/index.php\/wp-json\/wp\/v2\/types\/product"}],"replies":[{"embeddable":true,"href":"https:\/\/www.firstedukit.pl\/index.php\/wp-json\/wp\/v2\/comments?post=1396"}],"version-history":[{"count":1,"href":"https:\/\/www.firstedukit.pl\/index.php\/wp-json\/wp\/v2\/product\/1396\/revisions"}],"predecessor-version":[{"id":2360,"href":"https:\/\/www.firstedukit.pl\/index.php\/wp-json\/wp\/v2\/product\/1396\/revisions\/2360"}],"wp:featuredmedia":[{"embeddable":true,"href":"https:\/\/www.firstedukit.pl\/index.php\/wp-json\/wp\/v2\/media\/1562"}],"wp:attachment":[{"href":"https:\/\/www.firstedukit.pl\/index.php\/wp-json\/wp\/v2\/media?parent=1396"}],"wp:term":[{"taxonomy":"product_brand","embeddable":true,"href":"https:\/\/www.firstedukit.pl\/index.php\/wp-json\/wp\/v2\/product_brand?post=1396"},{"taxonomy":"product_cat","embeddable":true,"href":"https:\/\/www.firstedukit.pl\/index.php\/wp-json\/wp\/v2\/product_cat?post=1396"},{"taxonomy":"product_tag","embeddable":true,"href":"https:\/\/www.firstedukit.pl\/index.php\/wp-json\/wp\/v2\/product_tag?post=1396"}],"curies":[{"name":"wp","href":"https:\/\/api.w.org\/{rel}","templated":true}]}}