{"id":1409,"date":"2024-01-26T15:36:41","date_gmt":"2024-01-26T15:36:41","guid":{"rendered":"https:\/\/www.firstedukit.pl\/?post_type=product&#038;p=1409"},"modified":"2025-02-02T17:08:43","modified_gmt":"2025-02-02T15:08:43","slug":"polar-animals-can-cant","status":"publish","type":"product","link":"https:\/\/www.firstedukit.pl\/index.php\/product\/polar-animals-can-cant\/","title":{"rendered":"Polar Animals- CAN\/ CAN&#8217;T"},"content":{"rendered":"<p>Karty (plik pdf) w mro\u017anym, polarnym klimacie. B\u0119d\u0105 idealnym uzupe\u0142nieniem podstawowej wersji <strong>polar animals<\/strong>, ale r\u00f3wnie dobrze mog\u0105 by\u0107 wykorzystane samodzielnie. Przydadz\u0105 si\u0119 do \u0107wiczenia czasownika <strong>can <\/strong> i  jego zaprzeczenia. Dzi\u0119ki kartom mo\u017cna dodatkowo utrwala\u0107 nazwy zwierz\u0105t polarnych, proste czasowniki i sporty oraz aktywno\u015bci zimowe. <br \/>Obrazki standardowo mo\u017cna wyci\u0105\u0107 bez podpis\u00f3w i korzysta\u0107 z nich na zaj\u0119ciach po <strong>polsku<\/strong>.<br \/>W zestawie pliki pdf z:<br \/><img decoding=\"async\" height=\"16\" width=\"16\" src=\"https:\/\/static.xx.fbcdn.net\/images\/emoji.php\/v9\/t6a\/1.5\/16\/1f427.png\" alt=\"\ud83d\udc27\">kartami ( w du\u017cym i ma\u0142ym formacie) ze zwierz\u0119tami polarnymi odnosz\u0105ce si\u0119 do tego co potrafi\u0105 (swim, fly, run, dive, jump, sing, climb, dance),<br \/><img decoding=\"async\" height=\"16\" width=\"16\" src=\"https:\/\/static.xx.fbcdn.net\/images\/emoji.php\/v9\/t27\/1.5\/16\/1f43b_200d_2744.png\" alt=\"\ud83d\udc3b\u200d\u2744\ufe0f\">\u00a03 kartami pracy (uzupe\u0142nianie luk pasuj\u0105cymi wyrazami, prawda\/fa\u0142sz, tworzenie zda\u0144 z can\/can&#8217;t na podstawie rysunk\u00f3w),<br \/><img decoding=\"async\" height=\"16\" width=\"16\" src=\"https:\/\/static.xx.fbcdn.net\/images\/emoji.php\/v9\/t82\/1.5\/16\/1f430.png\" alt=\"\ud83d\udc30\">8 parami kart przedstawiaj\u0105cymi zabawne zwierzaki polarne w sytuacji gdy co\u015b potrafi\u0105 robi\u0107 i gdy danej czynno\u015bci nie potrafi\u0105 wykona\u0107 (np. <em>reindeer can make snowy angel bu can&#8217;t skii<\/em>). Czynno\u015bci to sporty i aktywno\u015bci zimowe,<br \/><img loading=\"lazy\" decoding=\"async\" height=\"16\" width=\"16\" src=\"https:\/\/static.xx.fbcdn.net\/images\/emoji.php\/v9\/t8d\/1.5\/16\/1f9ad.png\" alt=\"\ud83e\uddad\">rozsypank\u0119 wyrazow\u0105 do wyci\u0119cia i uk\u0142adania zda\u0144 po angielsku (np.<em> seal can sledge. Seal can&#8217;t skii<\/em>),<br \/><img decoding=\"async\" height=\"16\" width=\"16\" src=\"https:\/\/static.xx.fbcdn.net\/images\/emoji.php\/v9\/t6a\/1.5\/16\/1f427.png\" alt=\"\ud83d\udc27\"> 8 kartami A4 z realistycznymi grafikami zwierz\u0105t polarnych (seal, puffin, poar bear, walrus, arctic fox, snowy owl, snowy panther, reindeer).<br \/><img decoding=\"async\" height=\"16\" width=\"16\" src=\"https:\/\/static.xx.fbcdn.net\/images\/emoji.php\/v9\/t27\/1.5\/16\/1f43b_200d_2744.png\" alt=\"\ud83d\udc3b\u200d\u2744\ufe0f\">\u00a0 BONUS! &#8222;Cudaki&#8221;- 5 kart z hybrydami zwierz\u0105t polarnych (inne ni\u017c w 1szym pakiecie z zabawami).<\/p>\n","protected":false},"excerpt":{"rendered":"<p>Karty (plik pdf) w mro\u017anym, polarnym klimacie. B\u0119d\u0105 idealnym uzupe\u0142nieniem podstawowej wersji polar animals, ale r\u00f3wnie dobrze mog\u0105 by\u0107 wykorzystane samodzielnie. Przydadz\u0105 si\u0119 do \u0107wiczenia czasownika can i jego zaprzeczenia. Dzi\u0119ki kartom mo\u017cna dodatkowo utrwala\u0107 nazwy zwierz\u0105t polarnych, proste czasowniki i sporty oraz aktywno\u015bci zimowe. Obrazki standardowo mo\u017cna wyci\u0105\u0107 bez podpis\u00f3w i korzysta\u0107 z nich&#8230;<\/p>\n","protected":false},"featured_media":1561,"comment_status":"open","ping_status":"closed","template":"","meta":{"_kad_post_transparent":"","_kad_post_title":"","_kad_post_layout":"","_kad_post_sidebar_id":"","_kad_post_content_style":"","_kad_post_vertical_padding":"","_kad_post_feature":"","_kad_post_feature_position":"","_kad_post_header":false,"_kad_post_footer":false,"jetpack_post_was_ever_published":false},"product_brand":[],"product_cat":[204,15,24,23,207,206],"product_tag":[44,60,45,47,61,46],"class_list":{"0":"post-1409","1":"product","2":"type-product","3":"status-publish","4":"has-post-thumbnail","6":"product_cat-animals","7":"product_cat-e-booki","8":"product_cat-karty-na-zajecia","9":"product_cat-karty-pracy","10":"product_cat-na-zajecia-po-polsku","11":"product_cat-winter","12":"product_tag-polar-animals","13":"product_tag-sporty-zimowe","14":"product_tag-winter","15":"product_tag-winter-activities","16":"product_tag-zima","17":"product_tag-zwierzeta-polarne","19":"first","20":"instock","21":"downloadable","22":"virtual","23":"sold-individually","24":"taxable","25":"purchasable","26":"product-type-simple","27":"entry","28":"content-bg","29":"loop-entry"},"jetpack_sharing_enabled":true,"_links":{"self":[{"href":"https:\/\/www.firstedukit.pl\/index.php\/wp-json\/wp\/v2\/product\/1409","targetHints":{"allow":["GET"]}}],"collection":[{"href":"https:\/\/www.firstedukit.pl\/index.php\/wp-json\/wp\/v2\/product"}],"about":[{"href":"https:\/\/www.firstedukit.pl\/index.php\/wp-json\/wp\/v2\/types\/product"}],"replies":[{"embeddable":true,"href":"https:\/\/www.firstedukit.pl\/index.php\/wp-json\/wp\/v2\/comments?post=1409"}],"version-history":[{"count":1,"href":"https:\/\/www.firstedukit.pl\/index.php\/wp-json\/wp\/v2\/product\/1409\/revisions"}],"predecessor-version":[{"id":2621,"href":"https:\/\/www.firstedukit.pl\/index.php\/wp-json\/wp\/v2\/product\/1409\/revisions\/2621"}],"wp:featuredmedia":[{"embeddable":true,"href":"https:\/\/www.firstedukit.pl\/index.php\/wp-json\/wp\/v2\/media\/1561"}],"wp:attachment":[{"href":"https:\/\/www.firstedukit.pl\/index.php\/wp-json\/wp\/v2\/media?parent=1409"}],"wp:term":[{"taxonomy":"product_brand","embeddable":true,"href":"https:\/\/www.firstedukit.pl\/index.php\/wp-json\/wp\/v2\/product_brand?post=1409"},{"taxonomy":"product_cat","embeddable":true,"href":"https:\/\/www.firstedukit.pl\/index.php\/wp-json\/wp\/v2\/product_cat?post=1409"},{"taxonomy":"product_tag","embeddable":true,"href":"https:\/\/www.firstedukit.pl\/index.php\/wp-json\/wp\/v2\/product_tag?post=1409"}],"curies":[{"name":"wp","href":"https:\/\/api.w.org\/{rel}","templated":true}]}}