{"id":1470,"date":"2024-01-27T12:17:37","date_gmt":"2024-01-27T12:17:37","guid":{"rendered":"https:\/\/www.firstedukit.pl\/?post_type=product&#038;p=1470"},"modified":"2024-12-01T13:41:02","modified_gmt":"2024-12-01T11:41:02","slug":"pussy-cat-kocie-podroze","status":"publish","type":"product","link":"https:\/\/www.firstedukit.pl\/index.php\/product\/pussy-cat-kocie-podroze\/","title":{"rendered":"Pussy Cat- kocie podr\u00f3\u017ce"},"content":{"rendered":"<p>Znacie jedn\u0105 ze starszych angielskich rymowanek jak\u0105 jest <strong>&#8222;Pussy Cat where have you been?&#8221;<\/strong> Je\u015bli nie to jest ku temu dobra okazja! To w\u0142a\u015bnie na jej podstawie zosta\u0142y stworzone te materia\u0142y.  Wykorzystacie je i <strong>po polsku i po angielsku<\/strong>. W wersji polskiej u\u0142o\u017cy\u0142am zbli\u017cony tematycznie tekst na melodi\u0119 <strong>&#8222;Gdzie\u017ce\u015b ty bywa\u0142 czarny baranie?&#8221;. <\/strong><br \/>Na <strong>53 <\/strong>stronach pdf znajdziecie dok\u0142adne opisy, karty pracy i materia\u0142y dzi\u0119ki kt\u00f3rym nauczycie dzieci:<br \/>&#8211; s\u0142\u00f3w do piosenki &#8222;Pussy Cat&#8221; lub jej &#8222;odpowiednika&#8221; w j\u0119zyku polskim,<br \/>&#8211; odpowiada\u0107 na pytania tj. <em>where have you been? what did you do?<\/em>,<br \/>&#8211; rozpoznawa\u0107 kilka europejskich miast, ich stolic i charakterystycznych budowli,<br \/>&#8211; rozpoznawa\u0107 flagi (Polska, Grecja, Hiszpania, W\u0142ochy, Niemcy, Wielka Brytania, Francja)<br \/>Opr\u00f3cz tego prze\u0107wiczycie dialogi i spostrzegawczo\u015b\u0107, zagracie w <strong>memory<\/strong> czy inne proponowane zabawy. <br \/>Dodatkowo znajdziecie tam<strong> 3 karty pracy<\/strong> po polsku i 3 po angielsku.<\/p>\n","protected":false},"excerpt":{"rendered":"<p>Znacie jedn\u0105 ze starszych angielskich rymowanek jak\u0105 jest &#8222;Pussy Cat where have you been?&#8221; Je\u015bli nie to jest ku temu dobra okazja! To w\u0142a\u015bnie na jej podstawie zosta\u0142y stworzone te materia\u0142y. Wykorzystacie je i po polsku i po angielsku. W wersji polskiej u\u0142o\u017cy\u0142am zbli\u017cony tematycznie tekst na melodi\u0119 &#8222;Gdzie\u017ce\u015b ty bywa\u0142 czarny baranie?&#8221;. Na 53&#8230;<\/p>\n","protected":false},"featured_media":1554,"comment_status":"open","ping_status":"closed","template":"","meta":{"_kad_post_transparent":"","_kad_post_title":"","_kad_post_layout":"","_kad_post_sidebar_id":"","_kad_post_content_style":"","_kad_post_vertical_padding":"","_kad_post_feature":"","_kad_post_feature_position":"","_kad_post_header":false,"_kad_post_footer":false,"jetpack_post_was_ever_published":false},"product_brand":[],"product_cat":[15,24,23,207,209,208],"product_tag":[67,68,66,69],"class_list":{"0":"post-1470","1":"product","2":"type-product","3":"status-publish","4":"has-post-thumbnail","6":"product_cat-e-booki","7":"product_cat-karty-na-zajecia","8":"product_cat-karty-pracy","9":"product_cat-na-zajecia-po-polsku","10":"product_cat-summer","11":"product_cat-travels","12":"product_tag-europejskie-miasta","13":"product_tag-podroze","14":"product_tag-pussy-cat","15":"product_tag-travel","17":"first","18":"instock","19":"downloadable","20":"virtual","21":"sold-individually","22":"taxable","23":"purchasable","24":"product-type-simple","25":"entry","26":"content-bg","27":"loop-entry"},"jetpack_sharing_enabled":true,"_links":{"self":[{"href":"https:\/\/www.firstedukit.pl\/index.php\/wp-json\/wp\/v2\/product\/1470","targetHints":{"allow":["GET"]}}],"collection":[{"href":"https:\/\/www.firstedukit.pl\/index.php\/wp-json\/wp\/v2\/product"}],"about":[{"href":"https:\/\/www.firstedukit.pl\/index.php\/wp-json\/wp\/v2\/types\/product"}],"replies":[{"embeddable":true,"href":"https:\/\/www.firstedukit.pl\/index.php\/wp-json\/wp\/v2\/comments?post=1470"}],"version-history":[{"count":0,"href":"https:\/\/www.firstedukit.pl\/index.php\/wp-json\/wp\/v2\/product\/1470\/revisions"}],"wp:featuredmedia":[{"embeddable":true,"href":"https:\/\/www.firstedukit.pl\/index.php\/wp-json\/wp\/v2\/media\/1554"}],"wp:attachment":[{"href":"https:\/\/www.firstedukit.pl\/index.php\/wp-json\/wp\/v2\/media?parent=1470"}],"wp:term":[{"taxonomy":"product_brand","embeddable":true,"href":"https:\/\/www.firstedukit.pl\/index.php\/wp-json\/wp\/v2\/product_brand?post=1470"},{"taxonomy":"product_cat","embeddable":true,"href":"https:\/\/www.firstedukit.pl\/index.php\/wp-json\/wp\/v2\/product_cat?post=1470"},{"taxonomy":"product_tag","embeddable":true,"href":"https:\/\/www.firstedukit.pl\/index.php\/wp-json\/wp\/v2\/product_tag?post=1470"}],"curies":[{"name":"wp","href":"https:\/\/api.w.org\/{rel}","templated":true}]}}