{"id":1530,"date":"2024-01-29T21:32:39","date_gmt":"2024-01-29T21:32:39","guid":{"rendered":"https:\/\/www.firstedukit.pl\/?post_type=product&#038;p=1530"},"modified":"2024-12-01T13:41:54","modified_gmt":"2024-12-01T11:41:54","slug":"happy-valentines-day","status":"publish","type":"product","link":"https:\/\/www.firstedukit.pl\/index.php\/product\/happy-valentines-day\/","title":{"rendered":"Happy Valentine&#8217;s Day"},"content":{"rendered":"<p>S\u0142odki jak tona cukru pakiet <strong>walentynkowy<\/strong>. Uwaga! Je\u015bli nie jeste\u015b fanem r\u00f3\u017cu, omijaj go z daleka \ud83d\ude09 Ten kolor jest wsz\u0119dzieeee!<br \/>W zestawie pliki pdf z:<br \/>opisami walentynkowych zabaw i aktywno\u015bci,<br \/>autorsk\u0105, walentynkow\u0105 historyjk\u0105, kt\u00f3rej bohaterami s\u0105 Mia i Vincent,<br \/>kartami ze s\u0142odkimi s\u0142\u00f3wkami zakochanych,<br \/>gr\u0105 I have, who has?,<br \/>r\u00f3\u017cowymi okularami,<br \/>2 wersjami r\u00f3\u017cowych girland.<br \/>Dzieci m.in poznaj\u0105 zwrot <strong>see through rose -coloured<\/strong> <strong>spectackled<\/strong>, b\u0119d\u0105 szuka\u0107 <strong>hidden love<\/strong> i mo\u017cliwe, \u017ce b\u0119d\u0105 wyznawa\u0107 mi\u0142o\u015b\u0107 Tobie:)<\/p>\n","protected":false},"excerpt":{"rendered":"<p>S\u0142odki jak tona cukru pakiet walentynkowy. Uwaga! Je\u015bli nie jeste\u015b fanem r\u00f3\u017cu, omijaj go z daleka \ud83d\ude09 Ten kolor jest wsz\u0119dzieeee!W zestawie pliki pdf z:opisami walentynkowych zabaw i aktywno\u015bci,autorsk\u0105, walentynkow\u0105 historyjk\u0105, kt\u00f3rej bohaterami s\u0105 Mia i Vincent,kartami ze s\u0142odkimi s\u0142\u00f3wkami zakochanych,gr\u0105 I have, who has?,r\u00f3\u017cowymi okularami,2 wersjami r\u00f3\u017cowych girland.Dzieci m.in poznaj\u0105 zwrot see through rose&#8230;<\/p>\n","protected":false},"featured_media":1532,"comment_status":"open","ping_status":"closed","template":"","meta":{"_kad_post_transparent":"","_kad_post_title":"","_kad_post_layout":"","_kad_post_sidebar_id":"","_kad_post_content_style":"","_kad_post_vertical_padding":"","_kad_post_feature":"","_kad_post_feature_position":"","_kad_post_header":false,"_kad_post_footer":false,"jetpack_post_was_ever_published":false},"product_brand":[],"product_cat":[15,24,23,203],"product_tag":[72,71,70],"class_list":{"0":"post-1530","1":"product","2":"type-product","3":"status-publish","4":"has-post-thumbnail","6":"product_cat-e-booki","7":"product_cat-karty-na-zajecia","8":"product_cat-karty-pracy","9":"product_cat-special-days","10":"product_tag-love","11":"product_tag-valentines-day","12":"product_tag-walentynki","14":"first","15":"instock","16":"downloadable","17":"virtual","18":"sold-individually","19":"taxable","20":"purchasable","21":"product-type-simple","22":"entry","23":"content-bg","24":"loop-entry"},"jetpack_sharing_enabled":true,"_links":{"self":[{"href":"https:\/\/www.firstedukit.pl\/index.php\/wp-json\/wp\/v2\/product\/1530","targetHints":{"allow":["GET"]}}],"collection":[{"href":"https:\/\/www.firstedukit.pl\/index.php\/wp-json\/wp\/v2\/product"}],"about":[{"href":"https:\/\/www.firstedukit.pl\/index.php\/wp-json\/wp\/v2\/types\/product"}],"replies":[{"embeddable":true,"href":"https:\/\/www.firstedukit.pl\/index.php\/wp-json\/wp\/v2\/comments?post=1530"}],"version-history":[{"count":0,"href":"https:\/\/www.firstedukit.pl\/index.php\/wp-json\/wp\/v2\/product\/1530\/revisions"}],"wp:featuredmedia":[{"embeddable":true,"href":"https:\/\/www.firstedukit.pl\/index.php\/wp-json\/wp\/v2\/media\/1532"}],"wp:attachment":[{"href":"https:\/\/www.firstedukit.pl\/index.php\/wp-json\/wp\/v2\/media?parent=1530"}],"wp:term":[{"taxonomy":"product_brand","embeddable":true,"href":"https:\/\/www.firstedukit.pl\/index.php\/wp-json\/wp\/v2\/product_brand?post=1530"},{"taxonomy":"product_cat","embeddable":true,"href":"https:\/\/www.firstedukit.pl\/index.php\/wp-json\/wp\/v2\/product_cat?post=1530"},{"taxonomy":"product_tag","embeddable":true,"href":"https:\/\/www.firstedukit.pl\/index.php\/wp-json\/wp\/v2\/product_tag?post=1530"}],"curies":[{"name":"wp","href":"https:\/\/api.w.org\/{rel}","templated":true}]}}