{"id":1613,"date":"2024-02-03T12:15:28","date_gmt":"2024-02-03T12:15:28","guid":{"rendered":"https:\/\/www.firstedukit.pl\/?post_type=product&#038;p=1613"},"modified":"2024-12-01T13:43:57","modified_gmt":"2024-12-01T11:43:57","slug":"tlusty-czwartek-karty","status":"publish","type":"product","link":"https:\/\/www.firstedukit.pl\/index.php\/product\/tlusty-czwartek-karty\/","title":{"rendered":"T\u0142usty Czwartek- karty"},"content":{"rendered":"\n<p>Szukasz nietypowych obrazk\u00f3w p\u0105czk\u00f3w? A mo\u017ce zastanawia\u0142e\u015b\/a\u015b si\u0119 kiedy\u015b jak smakuje p\u0105czek&#8230; broku\u0142owy? Tego ci nie powiem, ale poka\u017ce na za\u0142\u0105czonych obrazkach. Oczywi\u015bcie takich nietypowych po\u0142\u0105cze\u0144 znajdziesz tutaj du\u017co wi\u0119cej:) <br>Zestaw plik\u00f3w PDF jest do wykorzystania na <strong>T\u0142usty Czwartek<\/strong>, ale nie tylko. Karty nie posiadaj\u0105 podpis\u00f3w wi\u0119c mo\u017cna je u\u017cywa\u0107 na r\u00f3\u017cnych rodzajach zaj\u0119\u0107 i w spos\u00f3b jaki tylko podpowiada Wam wyobra\u017ania.<br>*Prze\u0107wiczycie\/ przypomnicie  tematyk\u0119 zwi\u0105zan\u0105 z jedzeniem, okre\u015blaniem czy co\u015b mo\u017ce smakowa\u0107 czy nie, <br>* zakr\u0119cicie ko\u0142em i b\u0119dziecie &#8222;polewa\u0107&#8221; p\u0105czka odpowiedni\u0105 polew\u0105, <br>* stworzycie unikatowe smakowe po\u0142\u0105czenia jak np. p\u0105czkowy hamburger czy mleko p\u0105czkowe,<br>* dopasujecie nietypowe polewy do p\u0105czk\u00f3w<br>* a na koniec wype\u0142nicie prost\u0105 kart\u0119 pracy.<\/p>\n","protected":false},"excerpt":{"rendered":"<p>Szukasz nietypowych obrazk\u00f3w p\u0105czk\u00f3w? A mo\u017ce zastanawia\u0142e\u015b\/a\u015b si\u0119 kiedy\u015b jak smakuje p\u0105czek&#8230; broku\u0142owy? Tego ci nie powiem, ale poka\u017ce na za\u0142\u0105czonych obrazkach. Oczywi\u015bcie takich nietypowych po\u0142\u0105cze\u0144 znajdziesz tutaj du\u017co wi\u0119cej:) Zestaw plik\u00f3w PDF jest do wykorzystania na T\u0142usty Czwartek, ale nie tylko. Karty nie posiadaj\u0105 podpis\u00f3w wi\u0119c mo\u017cna je u\u017cywa\u0107 na r\u00f3\u017cnych rodzajach zaj\u0119\u0107 i&#8230;<\/p>\n","protected":false},"featured_media":1614,"comment_status":"open","ping_status":"closed","template":"","meta":{"_kad_post_transparent":"","_kad_post_title":"","_kad_post_layout":"","_kad_post_sidebar_id":"","_kad_post_content_style":"","_kad_post_vertical_padding":"","_kad_post_feature":"","_kad_post_feature_position":"","_kad_post_header":false,"_kad_post_footer":false,"jetpack_post_was_ever_published":false},"product_brand":[],"product_cat":[15,24,23,203],"product_tag":[74,76,75,73],"class_list":{"0":"post-1613","1":"product","2":"type-product","3":"status-publish","4":"has-post-thumbnail","6":"product_cat-e-booki","7":"product_cat-karty-na-zajecia","8":"product_cat-karty-pracy","9":"product_cat-special-days","10":"product_tag-donut","11":"product_tag-food","12":"product_tag-jedzenie","13":"product_tag-tlusty-czwartek","15":"first","16":"instock","17":"downloadable","18":"virtual","19":"sold-individually","20":"taxable","21":"purchasable","22":"product-type-simple","23":"entry","24":"content-bg","25":"loop-entry"},"jetpack_sharing_enabled":true,"_links":{"self":[{"href":"https:\/\/www.firstedukit.pl\/index.php\/wp-json\/wp\/v2\/product\/1613","targetHints":{"allow":["GET"]}}],"collection":[{"href":"https:\/\/www.firstedukit.pl\/index.php\/wp-json\/wp\/v2\/product"}],"about":[{"href":"https:\/\/www.firstedukit.pl\/index.php\/wp-json\/wp\/v2\/types\/product"}],"replies":[{"embeddable":true,"href":"https:\/\/www.firstedukit.pl\/index.php\/wp-json\/wp\/v2\/comments?post=1613"}],"version-history":[{"count":0,"href":"https:\/\/www.firstedukit.pl\/index.php\/wp-json\/wp\/v2\/product\/1613\/revisions"}],"wp:featuredmedia":[{"embeddable":true,"href":"https:\/\/www.firstedukit.pl\/index.php\/wp-json\/wp\/v2\/media\/1614"}],"wp:attachment":[{"href":"https:\/\/www.firstedukit.pl\/index.php\/wp-json\/wp\/v2\/media?parent=1613"}],"wp:term":[{"taxonomy":"product_brand","embeddable":true,"href":"https:\/\/www.firstedukit.pl\/index.php\/wp-json\/wp\/v2\/product_brand?post=1613"},{"taxonomy":"product_cat","embeddable":true,"href":"https:\/\/www.firstedukit.pl\/index.php\/wp-json\/wp\/v2\/product_cat?post=1613"},{"taxonomy":"product_tag","embeddable":true,"href":"https:\/\/www.firstedukit.pl\/index.php\/wp-json\/wp\/v2\/product_tag?post=1613"}],"curies":[{"name":"wp","href":"https:\/\/api.w.org\/{rel}","templated":true}]}}