{"id":1637,"date":"2024-02-10T13:39:17","date_gmt":"2024-02-10T13:39:17","guid":{"rendered":"https:\/\/www.firstedukit.pl\/?post_type=product&#038;p=1637"},"modified":"2024-12-01T13:47:58","modified_gmt":"2024-12-01T11:47:58","slug":"on-a-plane","status":"publish","type":"product","link":"https:\/\/www.firstedukit.pl\/index.php\/product\/on-a-plane\/","title":{"rendered":"On a PLANE"},"content":{"rendered":"<p><strong>ODLOT<\/strong>owy zestaw samolotowy dla fan\u00f3w lotnisk\/samolot\u00f3w i nie tylko! Do wykorzystania<strong> po polsku i angielsku.<\/strong><br \/>W plikach PDF znajduje si\u0119:<br \/>* dok\u0142adny opis aktywno\u015bci (wystarczy na 2 zaj\u0119cia o tematyce zwi\u0105zanej z lotniskiem\/samolotami),<br \/>* 11 kart z podpisami po polsku i angielsku ze s\u0142ownictwem zwi\u0105zanym z lotniskiem i samolotem,<br \/>* 5 kart po polsku i angielsku z r\u00f3\u017cnymi rodzajami maszyn powietrznych (samolot pasa\u017cerski, szybowiec, samolot \u015bmig\u0142owy, helikopter, odrzutowiec),<br \/>* 2 plansze pl\/ang (lotnisko\/ cz\u0119\u015bci samolotu) z pustymi miejscami do dopasowania odpowiedniej nazwy,<br \/>* 2 karty pracy,<br \/>* pomys\u0142 na skonstruowanie w\u0142asnego, \u015bwiec\u0105cego pasa startowego. <br \/>Opr\u00f3cz s\u0142ownictwa zwi\u0105zanego z lotniskiem i cz\u0119\u015bciami samolotu dzieci \u0107wiczy\u0107 b\u0119d\u0105 m.in. rozumienie ze s\u0142uchu, proste dialogi, kt\u00f3re mog\u0105 si\u0119 przyda\u0107 podczas odprawy, zamieni\u0105 si\u0119 w nawigatora, b\u0119d\u0119 startowa\u0107 i l\u0105dowa\u0107 na przygotowanym przez nauczyciela pasie startowym, a na koniec wykonaj\u0105 w\u0142asne samoloty.<\/p>\n","protected":false},"excerpt":{"rendered":"<p>ODLOTowy zestaw samolotowy dla fan\u00f3w lotnisk\/samolot\u00f3w i nie tylko! Do wykorzystania po polsku i angielsku.W plikach PDF znajduje si\u0119:* dok\u0142adny opis aktywno\u015bci (wystarczy na 2 zaj\u0119cia o tematyce zwi\u0105zanej z lotniskiem\/samolotami),* 11 kart z podpisami po polsku i angielsku ze s\u0142ownictwem zwi\u0105zanym z lotniskiem i samolotem,* 5 kart po polsku i angielsku z r\u00f3\u017cnymi rodzajami&#8230;<\/p>\n","protected":false},"featured_media":1638,"comment_status":"open","ping_status":"closed","template":"","meta":{"_kad_post_transparent":"","_kad_post_title":"","_kad_post_layout":"","_kad_post_sidebar_id":"","_kad_post_content_style":"","_kad_post_vertical_padding":"","_kad_post_feature":"","_kad_post_feature_position":"","_kad_post_header":false,"_kad_post_footer":false,"jetpack_post_was_ever_published":false},"product_brand":[],"product_cat":[15,24,23,207,209,208],"product_tag":[83,79,82,77,81,78,69],"class_list":{"0":"post-1637","1":"product","2":"type-product","3":"status-publish","4":"has-post-thumbnail","6":"product_cat-e-booki","7":"product_cat-karty-na-zajecia","8":"product_cat-karty-pracy","9":"product_cat-na-zajecia-po-polsku","10":"product_cat-summer","11":"product_cat-travels","12":"product_tag-airpla","13":"product_tag-journey","14":"product_tag-lotnisko","15":"product_tag-plane","16":"product_tag-samolot","17":"product_tag-ticket","18":"product_tag-travel","20":"first","21":"instock","22":"downloadable","23":"virtual","24":"sold-individually","25":"taxable","26":"purchasable","27":"product-type-simple","28":"entry","29":"content-bg","30":"loop-entry"},"jetpack_sharing_enabled":true,"_links":{"self":[{"href":"https:\/\/www.firstedukit.pl\/index.php\/wp-json\/wp\/v2\/product\/1637","targetHints":{"allow":["GET"]}}],"collection":[{"href":"https:\/\/www.firstedukit.pl\/index.php\/wp-json\/wp\/v2\/product"}],"about":[{"href":"https:\/\/www.firstedukit.pl\/index.php\/wp-json\/wp\/v2\/types\/product"}],"replies":[{"embeddable":true,"href":"https:\/\/www.firstedukit.pl\/index.php\/wp-json\/wp\/v2\/comments?post=1637"}],"version-history":[{"count":0,"href":"https:\/\/www.firstedukit.pl\/index.php\/wp-json\/wp\/v2\/product\/1637\/revisions"}],"wp:featuredmedia":[{"embeddable":true,"href":"https:\/\/www.firstedukit.pl\/index.php\/wp-json\/wp\/v2\/media\/1638"}],"wp:attachment":[{"href":"https:\/\/www.firstedukit.pl\/index.php\/wp-json\/wp\/v2\/media?parent=1637"}],"wp:term":[{"taxonomy":"product_brand","embeddable":true,"href":"https:\/\/www.firstedukit.pl\/index.php\/wp-json\/wp\/v2\/product_brand?post=1637"},{"taxonomy":"product_cat","embeddable":true,"href":"https:\/\/www.firstedukit.pl\/index.php\/wp-json\/wp\/v2\/product_cat?post=1637"},{"taxonomy":"product_tag","embeddable":true,"href":"https:\/\/www.firstedukit.pl\/index.php\/wp-json\/wp\/v2\/product_tag?post=1637"}],"curies":[{"name":"wp","href":"https:\/\/api.w.org\/{rel}","templated":true}]}}