{"id":1649,"date":"2024-02-14T15:05:06","date_gmt":"2024-02-14T15:05:06","guid":{"rendered":"https:\/\/www.firstedukit.pl\/?post_type=product&#038;p=1649"},"modified":"2024-12-01T13:51:01","modified_gmt":"2024-12-01T11:51:01","slug":"dino-day","status":"publish","type":"product","link":"https:\/\/www.firstedukit.pl\/index.php\/product\/dino-day\/","title":{"rendered":"DINO DAY"},"content":{"rendered":"<p>Znacie<strong> Le\u015bnozaury?<\/strong> Nie? To mo\u017ce s\u0142yszeli\u015bcie o <strong>Sensozaurach<\/strong>? Te\u017c nie? Nic nie szkodzi, pobudzicie wyobra\u017anie i poznacie je w tym pakiecie przy okazji przypominaj\u0105c nazwy kilku zwierz\u0105t le\u015bnych. Pakiet plik\u00f3w PDF idealny na <strong>Dzie\u0144 Dinozaura<\/strong>&#8211; do wykorzystania po polsku lub angielsku!<br \/>W zestawie:<br \/>&#8211; dok\u0142adny opis proponowanych aktywno\u015bci (ebook 13 str), m.in. dinowanie- zabawa matematyczna, polowanie na dinozaura- zabawa rozwijaj\u0105ca percepcj\u0119 s\u0142uchow\u0105,<br \/>&#8211; sensozaur- pomys\u0142 na sensorycznego dinozaura,<br \/>&#8211; realistyczne ilustracje 6 dinozaur\u00f3w (triceratops, t-rex, stegozaur, pterodaktyl, raptor, diplodok),<br \/>&#8211; karty do dino gimnastyki,<br \/>&#8211; odkrywanie ma\u0142ych dinozaur\u00f3w schowanych w jajach,<br \/>&#8211; pomys\u0142 na szkielet dinozaura,<br \/>&#8211; w sumie 11 za\u0142\u0105cznik\u00f3w,<br \/>&#8211; 2 BONUSY!<\/p>\n","protected":false},"excerpt":{"rendered":"<p>Znacie Le\u015bnozaury? Nie? To mo\u017ce s\u0142yszeli\u015bcie o Sensozaurach? Te\u017c nie? Nic nie szkodzi, pobudzicie wyobra\u017anie i poznacie je w tym pakiecie przy okazji przypominaj\u0105c nazwy kilku zwierz\u0105t le\u015bnych. Pakiet plik\u00f3w PDF idealny na Dzie\u0144 Dinozaura&#8211; do wykorzystania po polsku lub angielsku!W zestawie:&#8211; dok\u0142adny opis proponowanych aktywno\u015bci (ebook 13 str), m.in. dinowanie- zabawa matematyczna, polowanie na&#8230;<\/p>\n","protected":false},"featured_media":1650,"comment_status":"open","ping_status":"closed","template":"","meta":{"_kad_post_transparent":"","_kad_post_title":"","_kad_post_layout":"","_kad_post_sidebar_id":"","_kad_post_content_style":"","_kad_post_vertical_padding":"","_kad_post_feature":"","_kad_post_feature_position":"","_kad_post_header":false,"_kad_post_footer":false,"jetpack_post_was_ever_published":false},"product_brand":[],"product_cat":[15,24,23,207,203],"product_tag":[85,84,86,88,87],"class_list":{"0":"post-1649","1":"product","2":"type-product","3":"status-publish","4":"has-post-thumbnail","6":"product_cat-e-booki","7":"product_cat-karty-na-zajecia","8":"product_cat-karty-pracy","9":"product_cat-na-zajecia-po-polsku","10":"product_cat-special-days","11":"product_tag-dinosaur","12":"product_tag-dinozaury","13":"product_tag-dziendinozaura","14":"product_tag-jurassicpark","15":"product_tag-sensoryka","17":"first","18":"instock","19":"downloadable","20":"virtual","21":"sold-individually","22":"taxable","23":"purchasable","24":"product-type-simple","25":"entry","26":"content-bg","27":"loop-entry"},"jetpack_sharing_enabled":true,"_links":{"self":[{"href":"https:\/\/www.firstedukit.pl\/index.php\/wp-json\/wp\/v2\/product\/1649","targetHints":{"allow":["GET"]}}],"collection":[{"href":"https:\/\/www.firstedukit.pl\/index.php\/wp-json\/wp\/v2\/product"}],"about":[{"href":"https:\/\/www.firstedukit.pl\/index.php\/wp-json\/wp\/v2\/types\/product"}],"replies":[{"embeddable":true,"href":"https:\/\/www.firstedukit.pl\/index.php\/wp-json\/wp\/v2\/comments?post=1649"}],"version-history":[{"count":1,"href":"https:\/\/www.firstedukit.pl\/index.php\/wp-json\/wp\/v2\/product\/1649\/revisions"}],"predecessor-version":[{"id":2327,"href":"https:\/\/www.firstedukit.pl\/index.php\/wp-json\/wp\/v2\/product\/1649\/revisions\/2327"}],"wp:featuredmedia":[{"embeddable":true,"href":"https:\/\/www.firstedukit.pl\/index.php\/wp-json\/wp\/v2\/media\/1650"}],"wp:attachment":[{"href":"https:\/\/www.firstedukit.pl\/index.php\/wp-json\/wp\/v2\/media?parent=1649"}],"wp:term":[{"taxonomy":"product_brand","embeddable":true,"href":"https:\/\/www.firstedukit.pl\/index.php\/wp-json\/wp\/v2\/product_brand?post=1649"},{"taxonomy":"product_cat","embeddable":true,"href":"https:\/\/www.firstedukit.pl\/index.php\/wp-json\/wp\/v2\/product_cat?post=1649"},{"taxonomy":"product_tag","embeddable":true,"href":"https:\/\/www.firstedukit.pl\/index.php\/wp-json\/wp\/v2\/product_tag?post=1649"}],"curies":[{"name":"wp","href":"https:\/\/api.w.org\/{rel}","templated":true}]}}