{"id":1664,"date":"2024-02-15T23:49:25","date_gmt":"2024-02-15T23:49:25","guid":{"rendered":"https:\/\/www.firstedukit.pl\/?post_type=product&#038;p=1664"},"modified":"2025-01-20T20:10:19","modified_gmt":"2025-01-20T18:10:19","slug":"instrumenty-karty","status":"publish","type":"product","link":"https:\/\/www.firstedukit.pl\/index.php\/product\/instrumenty-karty\/","title":{"rendered":"INSTRUMENTY- karty"},"content":{"rendered":"<p><strong>FUNNY GRANNY<\/strong> powraca! Tym razem z instrumentami. W pliku pdf znajdziecie zabawn\u0105 babci\u0119 graj\u0105c\u0105 na  13  r\u00f3\u017cnych instrumentach (pianino, tr\u0105bka, puzon, saksofon, akordeon, skrzypce, gitara klasyczna, gitara elektryczna, marakasy, perkusja, kontrabas, ukulele, b\u0119ben), 13 kart z instrumentami oraz podpisy do nich <strong>po polsku i angielsku.<\/strong> \u0141\u0105cznie 20 stron<\/p>\n","protected":false},"excerpt":{"rendered":"<p>FUNNY GRANNY powraca! Tym razem z instrumentami. W pliku pdf znajdziecie zabawn\u0105 babci\u0119 graj\u0105c\u0105 na 13 r\u00f3\u017cnych instrumentach (pianino, tr\u0105bka, puzon, saksofon, akordeon, skrzypce, gitara klasyczna, gitara elektryczna, marakasy, perkusja, kontrabas, ukulele, b\u0119ben), 13 kart z instrumentami oraz podpisy do nich po polsku i angielsku. \u0141\u0105cznie 20 stron<\/p>\n","protected":false},"featured_media":1665,"comment_status":"open","ping_status":"closed","template":"","meta":{"_kad_post_transparent":"","_kad_post_title":"","_kad_post_layout":"","_kad_post_sidebar_id":"","_kad_post_content_style":"","_kad_post_vertical_padding":"","_kad_post_feature":"","_kad_post_feature_position":"","_kad_post_header":false,"_kad_post_footer":false,"jetpack_post_was_ever_published":false},"product_brand":[],"product_cat":[24,23,207,210],"product_tag":[],"class_list":{"0":"post-1664","1":"product","2":"type-product","3":"status-publish","4":"has-post-thumbnail","6":"product_cat-karty-na-zajecia","7":"product_cat-karty-pracy","8":"product_cat-na-zajecia-po-polsku","9":"product_cat-others","11":"first","12":"instock","13":"downloadable","14":"virtual","15":"sold-individually","16":"taxable","17":"purchasable","18":"product-type-simple","19":"entry","20":"content-bg","21":"loop-entry"},"jetpack_sharing_enabled":true,"_links":{"self":[{"href":"https:\/\/www.firstedukit.pl\/index.php\/wp-json\/wp\/v2\/product\/1664","targetHints":{"allow":["GET"]}}],"collection":[{"href":"https:\/\/www.firstedukit.pl\/index.php\/wp-json\/wp\/v2\/product"}],"about":[{"href":"https:\/\/www.firstedukit.pl\/index.php\/wp-json\/wp\/v2\/types\/product"}],"replies":[{"embeddable":true,"href":"https:\/\/www.firstedukit.pl\/index.php\/wp-json\/wp\/v2\/comments?post=1664"}],"version-history":[{"count":0,"href":"https:\/\/www.firstedukit.pl\/index.php\/wp-json\/wp\/v2\/product\/1664\/revisions"}],"wp:featuredmedia":[{"embeddable":true,"href":"https:\/\/www.firstedukit.pl\/index.php\/wp-json\/wp\/v2\/media\/1665"}],"wp:attachment":[{"href":"https:\/\/www.firstedukit.pl\/index.php\/wp-json\/wp\/v2\/media?parent=1664"}],"wp:term":[{"taxonomy":"product_brand","embeddable":true,"href":"https:\/\/www.firstedukit.pl\/index.php\/wp-json\/wp\/v2\/product_brand?post=1664"},{"taxonomy":"product_cat","embeddable":true,"href":"https:\/\/www.firstedukit.pl\/index.php\/wp-json\/wp\/v2\/product_cat?post=1664"},{"taxonomy":"product_tag","embeddable":true,"href":"https:\/\/www.firstedukit.pl\/index.php\/wp-json\/wp\/v2\/product_tag?post=1664"}],"curies":[{"name":"wp","href":"https:\/\/api.w.org\/{rel}","templated":true}]}}