{"id":1682,"date":"2024-02-23T10:43:42","date_gmt":"2024-02-23T10:43:42","guid":{"rendered":"https:\/\/www.firstedukit.pl\/?post_type=product&#038;p=1682"},"modified":"2024-12-01T13:55:33","modified_gmt":"2024-12-01T11:55:33","slug":"kto-zjadl-ciasteczka-karty-zabawy","status":"publish","type":"product","link":"https:\/\/www.firstedukit.pl\/index.php\/product\/kto-zjadl-ciasteczka-karty-zabawy\/","title":{"rendered":"KTO ZJAD\u0141 CIASTECZKA?- karty+ zabawy"},"content":{"rendered":"<p>W plikach pdf znajduj\u0105 si\u0119 karty z zabawnymi zwierz\u0119tami do popularnej piosenki <strong>&#8222;Kto zjad\u0142 ciasteczka?&#8221;<\/strong> oraz kilkoma zabawami z ich wykorzystaniem.  Karty s\u0105 bez podpis\u00f3w, mo\u017cna je r\u00f3wnie\u017c wykorzysta\u0107 do <em>angielskiej<\/em> wersji piosenki <strong>&#8222;Who took the cookie?&#8221;<\/strong>.<br \/>\u0141\u0105cznie znajdziecie tutaj 23 zwierzaki (nie tylko te z piosenki), kt\u00f3re mo\u017cna p\u00f3\u017aniej wykorzysta\u0107 do przyporz\u0105dkowywania np. wzgl\u0119dem miejsca w kt\u00f3rym \u017cyj\u0105 (wie\u015b, las, safari, morza i oceany).<\/p>\n","protected":false},"excerpt":{"rendered":"<p>W plikach pdf znajduj\u0105 si\u0119 karty z zabawnymi zwierz\u0119tami do popularnej piosenki &#8222;Kto zjad\u0142 ciasteczka?&#8221; oraz kilkoma zabawami z ich wykorzystaniem. Karty s\u0105 bez podpis\u00f3w, mo\u017cna je r\u00f3wnie\u017c wykorzysta\u0107 do angielskiej wersji piosenki &#8222;Who took the cookie?&#8221;.\u0141\u0105cznie znajdziecie tutaj 23 zwierzaki (nie tylko te z piosenki), kt\u00f3re mo\u017cna p\u00f3\u017aniej wykorzysta\u0107 do przyporz\u0105dkowywania np. wzgl\u0119dem miejsca&#8230;<\/p>\n","protected":false},"featured_media":1683,"comment_status":"open","ping_status":"closed","template":"","meta":{"_kad_post_transparent":"","_kad_post_title":"","_kad_post_layout":"","_kad_post_sidebar_id":"","_kad_post_content_style":"","_kad_post_vertical_padding":"","_kad_post_feature":"","_kad_post_feature_position":"","_kad_post_header":false,"_kad_post_footer":false,"jetpack_post_was_ever_published":false},"product_brand":[],"product_cat":[15,24,23,207,210],"product_tag":[93,91,89,90,94,76],"class_list":{"0":"post-1682","1":"product","2":"type-product","3":"status-publish","4":"has-post-thumbnail","6":"product_cat-e-booki","7":"product_cat-karty-na-zajecia","8":"product_cat-karty-pracy","9":"product_cat-na-zajecia-po-polsku","10":"product_cat-others","11":"product_tag-animals","12":"product_tag-cookie","13":"product_tag-ktozjadlciasteczka","14":"product_tag-whootookthecookie","15":"product_tag-zwierzeta","16":"product_tag-food","18":"first","19":"instock","20":"downloadable","21":"virtual","22":"sold-individually","23":"taxable","24":"purchasable","25":"product-type-simple","26":"entry","27":"content-bg","28":"loop-entry"},"jetpack_sharing_enabled":true,"_links":{"self":[{"href":"https:\/\/www.firstedukit.pl\/index.php\/wp-json\/wp\/v2\/product\/1682","targetHints":{"allow":["GET"]}}],"collection":[{"href":"https:\/\/www.firstedukit.pl\/index.php\/wp-json\/wp\/v2\/product"}],"about":[{"href":"https:\/\/www.firstedukit.pl\/index.php\/wp-json\/wp\/v2\/types\/product"}],"replies":[{"embeddable":true,"href":"https:\/\/www.firstedukit.pl\/index.php\/wp-json\/wp\/v2\/comments?post=1682"}],"version-history":[{"count":0,"href":"https:\/\/www.firstedukit.pl\/index.php\/wp-json\/wp\/v2\/product\/1682\/revisions"}],"wp:featuredmedia":[{"embeddable":true,"href":"https:\/\/www.firstedukit.pl\/index.php\/wp-json\/wp\/v2\/media\/1683"}],"wp:attachment":[{"href":"https:\/\/www.firstedukit.pl\/index.php\/wp-json\/wp\/v2\/media?parent=1682"}],"wp:term":[{"taxonomy":"product_brand","embeddable":true,"href":"https:\/\/www.firstedukit.pl\/index.php\/wp-json\/wp\/v2\/product_brand?post=1682"},{"taxonomy":"product_cat","embeddable":true,"href":"https:\/\/www.firstedukit.pl\/index.php\/wp-json\/wp\/v2\/product_cat?post=1682"},{"taxonomy":"product_tag","embeddable":true,"href":"https:\/\/www.firstedukit.pl\/index.php\/wp-json\/wp\/v2\/product_tag?post=1682"}],"curies":[{"name":"wp","href":"https:\/\/api.w.org\/{rel}","templated":true}]}}