{"id":1716,"date":"2024-03-01T23:20:15","date_gmt":"2024-03-01T23:20:15","guid":{"rendered":"https:\/\/www.firstedukit.pl\/?post_type=product&#038;p=1716"},"modified":"2024-12-01T13:57:45","modified_gmt":"2024-12-01T11:57:45","slug":"u-lekarza-at-the-doctor","status":"publish","type":"product","link":"https:\/\/www.firstedukit.pl\/index.php\/product\/u-lekarza-at-the-doctor\/","title":{"rendered":"U lekarza- AT THE DOCTOR"},"content":{"rendered":"<p>Zestaw dydaktyczny PDF zawieraj\u0105cy:<br \/>&#8211; dok\u0142adny opis proponowanych aktywno\u015bci anga\u017cuj\u0105cych dzieci do nauki poprzez zabaw\u0119,<br \/>&#8211; karty po polsku i angielsku,<br \/>&#8211; 10 ilustracji wraz z podpisami najcz\u0119stszych dolegliwo\u015bci takich jak b\u00f3l g\u0142owy, katar, b\u00f3l brzucha,<br \/>&#8211; zabawnego doktora przedstawiaj\u0105cego proste czynno\u015bci do piosenki (klaskanie, tupanie, ruszanie biodrami, liczenie do 9),<br \/>&#8211; prost\u0105 gr\u0119 ruchow\u0105,<br \/>&#8211; kart\u0119 pacjenta,<br \/>&#8211; szablon kostki do gry w banda\u017cowanie pacjenta,<br \/>&#8211; kart\u0119 pracy<br \/>&#8211; BONUSOWE karty.<\/p>\n","protected":false},"excerpt":{"rendered":"<p>Zestaw dydaktyczny PDF zawieraj\u0105cy:&#8211; dok\u0142adny opis proponowanych aktywno\u015bci anga\u017cuj\u0105cych dzieci do nauki poprzez zabaw\u0119,&#8211; karty po polsku i angielsku,&#8211; 10 ilustracji wraz z podpisami najcz\u0119stszych dolegliwo\u015bci takich jak b\u00f3l g\u0142owy, katar, b\u00f3l brzucha,&#8211; zabawnego doktora przedstawiaj\u0105cego proste czynno\u015bci do piosenki (klaskanie, tupanie, ruszanie biodrami, liczenie do 9),&#8211; prost\u0105 gr\u0119 ruchow\u0105,&#8211; kart\u0119 pacjenta,&#8211; szablon kostki do&#8230;<\/p>\n","protected":false},"featured_media":1717,"comment_status":"open","ping_status":"closed","template":"","meta":{"_kad_post_transparent":"","_kad_post_title":"","_kad_post_layout":"","_kad_post_sidebar_id":"","_kad_post_content_style":"","_kad_post_vertical_padding":"","_kad_post_feature":"","_kad_post_feature_position":"","_kad_post_header":false,"_kad_post_footer":false,"jetpack_post_was_ever_published":false},"product_brand":[],"product_cat":[15,211,24,23,210],"product_tag":[95,96,97,98],"class_list":{"0":"post-1716","1":"product","2":"type-product","3":"status-publish","4":"has-post-thumbnail","6":"product_cat-e-booki","7":"product_cat-health","8":"product_cat-karty-na-zajecia","9":"product_cat-karty-pracy","10":"product_cat-others","11":"product_tag-atthedoctor","12":"product_tag-doctor","13":"product_tag-lekarz","14":"product_tag-whatsthematter","16":"first","17":"instock","18":"downloadable","19":"virtual","20":"sold-individually","21":"taxable","22":"purchasable","23":"product-type-simple","24":"entry","25":"content-bg","26":"loop-entry"},"jetpack_sharing_enabled":true,"_links":{"self":[{"href":"https:\/\/www.firstedukit.pl\/index.php\/wp-json\/wp\/v2\/product\/1716","targetHints":{"allow":["GET"]}}],"collection":[{"href":"https:\/\/www.firstedukit.pl\/index.php\/wp-json\/wp\/v2\/product"}],"about":[{"href":"https:\/\/www.firstedukit.pl\/index.php\/wp-json\/wp\/v2\/types\/product"}],"replies":[{"embeddable":true,"href":"https:\/\/www.firstedukit.pl\/index.php\/wp-json\/wp\/v2\/comments?post=1716"}],"version-history":[{"count":0,"href":"https:\/\/www.firstedukit.pl\/index.php\/wp-json\/wp\/v2\/product\/1716\/revisions"}],"wp:featuredmedia":[{"embeddable":true,"href":"https:\/\/www.firstedukit.pl\/index.php\/wp-json\/wp\/v2\/media\/1717"}],"wp:attachment":[{"href":"https:\/\/www.firstedukit.pl\/index.php\/wp-json\/wp\/v2\/media?parent=1716"}],"wp:term":[{"taxonomy":"product_brand","embeddable":true,"href":"https:\/\/www.firstedukit.pl\/index.php\/wp-json\/wp\/v2\/product_brand?post=1716"},{"taxonomy":"product_cat","embeddable":true,"href":"https:\/\/www.firstedukit.pl\/index.php\/wp-json\/wp\/v2\/product_cat?post=1716"},{"taxonomy":"product_tag","embeddable":true,"href":"https:\/\/www.firstedukit.pl\/index.php\/wp-json\/wp\/v2\/product_tag?post=1716"}],"curies":[{"name":"wp","href":"https:\/\/api.w.org\/{rel}","templated":true}]}}