{"id":1739,"date":"2024-03-02T21:43:49","date_gmt":"2024-03-02T21:43:49","guid":{"rendered":"https:\/\/www.firstedukit.pl\/?post_type=product&#038;p=1739"},"modified":"2024-12-01T14:23:32","modified_gmt":"2024-12-01T12:23:32","slug":"dzien-kobiet-karty-szablony-pl-ang","status":"publish","type":"product","link":"https:\/\/www.firstedukit.pl\/index.php\/product\/dzien-kobiet-karty-szablony-pl-ang\/","title":{"rendered":"DZIE\u0143 KOBIET- karty\/szablony"},"content":{"rendered":"<p>Ksi\u0119\u017cniczka, super bohaterka a mo\u017ce jedno i drugie? <br \/>Z okazji Dnia Kobiet mo\u017cesz wr\u0119czy\u0107 ma\u0142ym ksi\u0119\u017cniczkom lustrzan\u0105 kart\u0119 lub lustereczko (do wykonania potrzebna b\u0119dzie folia lustrzana lub samoprzylepne lusterka). <br \/>W zestawie plik\u00f3w pdf znajdziesz:<br \/>&#8211; 14 szablon\u00f3w do stworzenia lustrzanej karty (8 realistycznych ksi\u0119\u017cniczek, 4 super bohaterki w komiksowym i 2 super ksi\u0119\u017cniczki w komiksowym stylu).<br \/>&#8211; 14 szablon\u00f3w do stworzenia lustereczka ze swoim odbiciem z napisami w stylu &#8222;Jeste\u015b pi\u0119kna\/wyj\u0105tkowa, silna&#8230;&#8221; po polsku i angielsku,<br \/>&#8211; \u0142\u0105cznie 4 dyplomy SUPER DZIEWCZYNY (2 po polsku i 2 po angielsku),<br \/>&#8211; odznaki SUPER DZIEWCZYNY z pasuj\u0105cym do dyplomu motywem (po polsku i angielsku),<br \/>&#8211; BONUS- girlanda z napisem &#8222;Dzie\u0144 Kobiet&#8221; i &#8222;Super Girl&#8221;<br \/>&#8211; BONUS- wybrane grafiki na gazetk\u0119 (\u0142\u0105cznie 8 grafik).<\/p>\n","protected":false},"excerpt":{"rendered":"<p>Ksi\u0119\u017cniczka, super bohaterka a mo\u017ce jedno i drugie? Z okazji Dnia Kobiet mo\u017cesz wr\u0119czy\u0107 ma\u0142ym ksi\u0119\u017cniczkom lustrzan\u0105 kart\u0119 lub lustereczko (do wykonania potrzebna b\u0119dzie folia lustrzana lub samoprzylepne lusterka). W zestawie plik\u00f3w pdf znajdziesz:&#8211; 14 szablon\u00f3w do stworzenia lustrzanej karty (8 realistycznych ksi\u0119\u017cniczek, 4 super bohaterki w komiksowym i 2 super ksi\u0119\u017cniczki w komiksowym stylu).&#8211;&#8230;<\/p>\n","protected":false},"featured_media":1740,"comment_status":"open","ping_status":"closed","template":"","meta":{"_kad_post_transparent":"","_kad_post_title":"","_kad_post_layout":"","_kad_post_sidebar_id":"","_kad_post_content_style":"","_kad_post_vertical_padding":"","_kad_post_feature":"","_kad_post_feature_position":"","_kad_post_header":false,"_kad_post_footer":false,"jetpack_post_was_ever_published":false},"product_brand":[],"product_cat":[15,24,23,207,203],"product_tag":[104,103,101,106,102,105,99],"class_list":{"0":"post-1739","1":"product","2":"type-product","3":"status-publish","4":"has-post-thumbnail","6":"product_cat-e-booki","7":"product_cat-karty-na-zajecia","8":"product_cat-karty-pracy","9":"product_cat-na-zajecia-po-polsku","10":"product_cat-special-days","11":"product_tag-diploma","12":"product_tag-dyplom","13":"product_tag-dzienkobiet","14":"product_tag-girlanda","15":"product_tag-lustereczko","16":"product_tag-odznaka","17":"product_tag-supergirl","19":"first","20":"instock","21":"downloadable","22":"virtual","23":"sold-individually","24":"taxable","25":"purchasable","26":"product-type-simple","27":"entry","28":"content-bg","29":"loop-entry"},"jetpack_sharing_enabled":true,"_links":{"self":[{"href":"https:\/\/www.firstedukit.pl\/index.php\/wp-json\/wp\/v2\/product\/1739","targetHints":{"allow":["GET"]}}],"collection":[{"href":"https:\/\/www.firstedukit.pl\/index.php\/wp-json\/wp\/v2\/product"}],"about":[{"href":"https:\/\/www.firstedukit.pl\/index.php\/wp-json\/wp\/v2\/types\/product"}],"replies":[{"embeddable":true,"href":"https:\/\/www.firstedukit.pl\/index.php\/wp-json\/wp\/v2\/comments?post=1739"}],"version-history":[{"count":0,"href":"https:\/\/www.firstedukit.pl\/index.php\/wp-json\/wp\/v2\/product\/1739\/revisions"}],"wp:featuredmedia":[{"embeddable":true,"href":"https:\/\/www.firstedukit.pl\/index.php\/wp-json\/wp\/v2\/media\/1740"}],"wp:attachment":[{"href":"https:\/\/www.firstedukit.pl\/index.php\/wp-json\/wp\/v2\/media?parent=1739"}],"wp:term":[{"taxonomy":"product_brand","embeddable":true,"href":"https:\/\/www.firstedukit.pl\/index.php\/wp-json\/wp\/v2\/product_brand?post=1739"},{"taxonomy":"product_cat","embeddable":true,"href":"https:\/\/www.firstedukit.pl\/index.php\/wp-json\/wp\/v2\/product_cat?post=1739"},{"taxonomy":"product_tag","embeddable":true,"href":"https:\/\/www.firstedukit.pl\/index.php\/wp-json\/wp\/v2\/product_tag?post=1739"}],"curies":[{"name":"wp","href":"https:\/\/api.w.org\/{rel}","templated":true}]}}