{"id":1765,"date":"2024-03-13T21:26:04","date_gmt":"2024-03-13T21:26:04","guid":{"rendered":"https:\/\/www.firstedukit.pl\/?post_type=product&#038;p=1765"},"modified":"2024-12-01T14:25:08","modified_gmt":"2024-12-01T12:25:08","slug":"wiosna-tuz-tuz-gra-terenowa-materialy","status":"publish","type":"product","link":"https:\/\/www.firstedukit.pl\/index.php\/product\/wiosna-tuz-tuz-gra-terenowa-materialy\/","title":{"rendered":"WIOSNA tu\u017c tu\u017c- gra terenowa+ materia\u0142y"},"content":{"rendered":"<p>Dwa, brykaj\u0105ce zaj\u0105ce zabra\u0142y koperty z oznakami Wiosny i zostawi\u0142y je na \u0142\u0105ce, p\u00f3\u017aniej ogromne wietrzysko porozrzuca\u0142o w okolicy wszystko. Czy pomo\u017cesz odnale\u017a\u0107 zaginione koperty? Buty w\u0142\u00f3\u017c i w drog\u0119 rusz, tylko tak sprawdzimy czy WIOSNA jest tu\u017c, tu\u017c. \u00a0Podczas poszukiwa\u0144 zwracajcie uwag\u0119 na oznaki wiosny. Czy widzicie pierwsze kwiaty? A mo\u017ce us\u0142yszeli\u015bcie \u015bpiew ptak\u00f3w? To znak, \u017ce wiosna budzi si\u0119 do \u017cycia! <br \/><strong>Zestaw plik\u00f3w pdf na zaj\u0119cia dydaktyczne w j\u0119zyku polskim. <\/strong><br \/>W zestawie:<br \/>&#8211; dok\u0142adny opis aktywno\u015bci,<br \/>&#8211; list+ moje rymowane podpowiedzi miejsc, w kt\u00f3rych mo\u017cna ukry\u0107 koperty,<br \/>&#8211; drogowskazy z uroczymi zaj\u0105czkami do wskazywania drogi,<br \/>&#8211; grafiki z oznakami wiosny + zdania do ich podpisania (w tym 6 kart wiosennych kwiat\u00f3w i 5 kart powracaj\u0105cych ptak\u00f3w),<br \/>&#8211; szablon kwiat\u00f3w do wyci\u0119cia z wiosennymi przys\u0142owiami,<br \/>&#8211; &#8222;WIOSENNY POSZUKIWACZ&#8221;- karta zada\u0144 do wykonania podczas spaceru,<br \/>&#8211; 2 karty pracy,<br \/>BONUS- 3 kolorowanki<\/p>\n","protected":false},"excerpt":{"rendered":"<p>Dwa, brykaj\u0105ce zaj\u0105ce zabra\u0142y koperty z oznakami Wiosny i zostawi\u0142y je na \u0142\u0105ce, p\u00f3\u017aniej ogromne wietrzysko porozrzuca\u0142o w okolicy wszystko. Czy pomo\u017cesz odnale\u017a\u0107 zaginione koperty? Buty w\u0142\u00f3\u017c i w drog\u0119 rusz, tylko tak sprawdzimy czy WIOSNA jest tu\u017c, tu\u017c. \u00a0Podczas poszukiwa\u0144 zwracajcie uwag\u0119 na oznaki wiosny. Czy widzicie pierwsze kwiaty? A mo\u017ce us\u0142yszeli\u015bcie \u015bpiew ptak\u00f3w?&#8230;<\/p>\n","protected":false},"featured_media":1767,"comment_status":"open","ping_status":"closed","template":"","meta":{"_kad_post_transparent":"","_kad_post_title":"","_kad_post_layout":"","_kad_post_sidebar_id":"","_kad_post_content_style":"","_kad_post_vertical_padding":"","_kad_post_feature":"","_kad_post_feature_position":"","_kad_post_header":false,"_kad_post_footer":false,"jetpack_post_was_ever_published":false},"product_brand":[],"product_cat":[15,24,23,207],"product_tag":[108,109,107],"class_list":{"0":"post-1765","1":"product","2":"type-product","3":"status-publish","4":"has-post-thumbnail","6":"product_cat-e-booki","7":"product_cat-karty-na-zajecia","8":"product_cat-karty-pracy","9":"product_cat-na-zajecia-po-polsku","10":"product_tag-graterenowa","11":"product_tag-oznakiwiosny","12":"product_tag-wiosna","14":"first","15":"instock","16":"downloadable","17":"virtual","18":"taxable","19":"purchasable","20":"product-type-simple","21":"entry","22":"content-bg","23":"loop-entry"},"jetpack_sharing_enabled":true,"_links":{"self":[{"href":"https:\/\/www.firstedukit.pl\/index.php\/wp-json\/wp\/v2\/product\/1765","targetHints":{"allow":["GET"]}}],"collection":[{"href":"https:\/\/www.firstedukit.pl\/index.php\/wp-json\/wp\/v2\/product"}],"about":[{"href":"https:\/\/www.firstedukit.pl\/index.php\/wp-json\/wp\/v2\/types\/product"}],"replies":[{"embeddable":true,"href":"https:\/\/www.firstedukit.pl\/index.php\/wp-json\/wp\/v2\/comments?post=1765"}],"version-history":[{"count":0,"href":"https:\/\/www.firstedukit.pl\/index.php\/wp-json\/wp\/v2\/product\/1765\/revisions"}],"wp:featuredmedia":[{"embeddable":true,"href":"https:\/\/www.firstedukit.pl\/index.php\/wp-json\/wp\/v2\/media\/1767"}],"wp:attachment":[{"href":"https:\/\/www.firstedukit.pl\/index.php\/wp-json\/wp\/v2\/media?parent=1765"}],"wp:term":[{"taxonomy":"product_brand","embeddable":true,"href":"https:\/\/www.firstedukit.pl\/index.php\/wp-json\/wp\/v2\/product_brand?post=1765"},{"taxonomy":"product_cat","embeddable":true,"href":"https:\/\/www.firstedukit.pl\/index.php\/wp-json\/wp\/v2\/product_cat?post=1765"},{"taxonomy":"product_tag","embeddable":true,"href":"https:\/\/www.firstedukit.pl\/index.php\/wp-json\/wp\/v2\/product_tag?post=1765"}],"curies":[{"name":"wp","href":"https:\/\/api.w.org\/{rel}","templated":true}]}}