{"id":1780,"date":"2024-03-17T19:18:36","date_gmt":"2024-03-17T19:18:36","guid":{"rendered":"https:\/\/www.firstedukit.pl\/?post_type=product&#038;p=1780"},"modified":"2024-12-01T14:26:40","modified_gmt":"2024-12-01T12:26:40","slug":"easter-treasure-storyflashcards","status":"publish","type":"product","link":"https:\/\/www.firstedukit.pl\/index.php\/product\/easter-treasure-storyflashcards\/","title":{"rendered":"Easter Treasure- story+flashcards"},"content":{"rendered":"<p>Kr\u00f3liczek Hopper wyrusza na poszukiwanie legendarnego z\u0142otego jaja. Czy je znajdzie? Kogo spotka na \u0142\u0105ce w trakcie poszukiwa\u0144? Czy mo\u017ce by\u0107 co\u015b cenniejszego do z\u0142otego jaja? Na te i inne pytania b\u0119dziecie mogli odpowiedzie\u0107 poznaj\u0105c histori\u0119 &#8222;Easter Treasure&#8221;. <br \/>W pakiecie plik\u00f3w pdf:<br \/>&#8211; &#8222;Easter Treasure&#8221;- autorskie opowiadania +2plansze i opis do jego przygotowania,<br \/>&#8211; 15 flashcards do opowiadania (m.in. bunny, chick, lamb, mole, dragongly, tulip, daffodil),<br \/>&#8211; 6 kart ilustruj\u0105cych czynno\u015bci pojawiaj\u0105ce si\u0119 w opowiadaniu (run, dig, fly, play tag, sing, jump),<br \/>&#8211; s\u0142owniczek ro\u015blin i zwierz\u0105t (mo\u017ce pos\u0142u\u017cy\u0107 jako plansza demonstracyjna lub wklejka do zeszytu),<br \/>&#8211; Where is&#8230;? Karta \u0107wicz\u0105ca spostrzegawczo\u015b\u0107, zach\u0119caj\u0105ca dzieci do m\u00f3wienia po angielsku,<br \/>&#8211; Behind the tree- 6 kart zwierz\u0105t ukrytych za ro\u015blinami,<br \/>-2 karty pracy.<\/p>\n","protected":false},"excerpt":{"rendered":"<p>Kr\u00f3liczek Hopper wyrusza na poszukiwanie legendarnego z\u0142otego jaja. Czy je znajdzie? Kogo spotka na \u0142\u0105ce w trakcie poszukiwa\u0144? Czy mo\u017ce by\u0107 co\u015b cenniejszego do z\u0142otego jaja? Na te i inne pytania b\u0119dziecie mogli odpowiedzie\u0107 poznaj\u0105c histori\u0119 &#8222;Easter Treasure&#8221;. W pakiecie plik\u00f3w pdf:&#8211; &#8222;Easter Treasure&#8221;- autorskie opowiadania +2plansze i opis do jego przygotowania,&#8211; 15 flashcards do&#8230;<\/p>\n","protected":false},"featured_media":1781,"comment_status":"open","ping_status":"closed","template":"","meta":{"_kad_post_transparent":"","_kad_post_title":"","_kad_post_layout":"","_kad_post_sidebar_id":"","_kad_post_content_style":"","_kad_post_vertical_padding":"","_kad_post_feature":"","_kad_post_feature_position":"","_kad_post_header":false,"_kad_post_footer":false,"jetpack_post_was_ever_published":false},"product_brand":[],"product_cat":[213,24,23,212],"product_tag":[113,111,112,110],"class_list":{"0":"post-1780","1":"product","2":"type-product","3":"status-publish","4":"has-post-thumbnail","6":"product_cat-easter","7":"product_cat-karty-na-zajecia","8":"product_cat-karty-pracy","9":"product_cat-spring","10":"product_tag-bunny","11":"product_tag-easter","12":"product_tag-friendship","13":"product_tag-spring","15":"first","16":"instock","17":"downloadable","18":"virtual","19":"taxable","20":"purchasable","21":"product-type-simple","22":"entry","23":"content-bg","24":"loop-entry"},"jetpack_sharing_enabled":true,"_links":{"self":[{"href":"https:\/\/www.firstedukit.pl\/index.php\/wp-json\/wp\/v2\/product\/1780","targetHints":{"allow":["GET"]}}],"collection":[{"href":"https:\/\/www.firstedukit.pl\/index.php\/wp-json\/wp\/v2\/product"}],"about":[{"href":"https:\/\/www.firstedukit.pl\/index.php\/wp-json\/wp\/v2\/types\/product"}],"replies":[{"embeddable":true,"href":"https:\/\/www.firstedukit.pl\/index.php\/wp-json\/wp\/v2\/comments?post=1780"}],"version-history":[{"count":0,"href":"https:\/\/www.firstedukit.pl\/index.php\/wp-json\/wp\/v2\/product\/1780\/revisions"}],"wp:featuredmedia":[{"embeddable":true,"href":"https:\/\/www.firstedukit.pl\/index.php\/wp-json\/wp\/v2\/media\/1781"}],"wp:attachment":[{"href":"https:\/\/www.firstedukit.pl\/index.php\/wp-json\/wp\/v2\/media?parent=1780"}],"wp:term":[{"taxonomy":"product_brand","embeddable":true,"href":"https:\/\/www.firstedukit.pl\/index.php\/wp-json\/wp\/v2\/product_brand?post=1780"},{"taxonomy":"product_cat","embeddable":true,"href":"https:\/\/www.firstedukit.pl\/index.php\/wp-json\/wp\/v2\/product_cat?post=1780"},{"taxonomy":"product_tag","embeddable":true,"href":"https:\/\/www.firstedukit.pl\/index.php\/wp-json\/wp\/v2\/product_tag?post=1780"}],"curies":[{"name":"wp","href":"https:\/\/api.w.org\/{rel}","templated":true}]}}