{"id":1809,"date":"2024-03-20T13:18:31","date_gmt":"2024-03-20T13:18:31","guid":{"rendered":"https:\/\/www.firstedukit.pl\/?post_type=product&#038;p=1809"},"modified":"2024-12-09T21:55:54","modified_gmt":"2024-12-09T19:55:54","slug":"mieszkancy-laki-karty-obrazkowe","status":"publish","type":"product","link":"https:\/\/www.firstedukit.pl\/index.php\/product\/mieszkancy-laki-karty-obrazkowe\/","title":{"rendered":"MIESZKA\u0143CY \u0141\u0104KI- karty obrazkowe"},"content":{"rendered":"<p>Karty obrazkowe w formie PDF, kt\u00f3re przenios\u0105 Was w magiczny \u015bwiat wiosennej \u0142\u0105ki. Na zaj\u0119cia po<strong> PL i ANG!<\/strong><br \/>W zestawie:<br \/>&#8211; 15 kart uroczych zwierz\u0105t zamieszkuj\u0105cych \u0142\u0105k\u0119 z podpisami po polsku i angielsku,<br \/>&#8211; 15 kart realistycznych zwierz\u0105t namalowanych na pisankach oraz prost\u0105 zabaw\u0119 \u0107wicz\u0105c\u0105 spostrzegawczo\u015b\u0107,<br \/>&#8211; 10 obrazk\u00f3w WIOSENNYCH CUDAK\u00d3W (nietypowe po\u0142\u0105czenia 2 zwierz\u0105t)- idealne do \u0107wicze\u0144 rozwijaj\u0105cych wyobra\u017ani\u0119, formu\u0142owania zda\u0144, opis\u00f3w czy d\u0142u\u017cszych wypowiedzi. Popro\u015b dzieci by odgad\u0142y jakie zwierz\u0119ta si\u0119 ze sob\u0105 po\u0142\u0105czy\u0142y, niech je opisuj\u0105, m\u00f3wi\u0105 co robi\u0105, a na ko\u0144cu wymy\u015bl\u0105 dla nich nazw\u0119- weso\u0142a zabawa gwarantowana!<br \/>BONUS- 10 kart obrazkowych ze s\u0142\u00f3wkami zwi\u0105zanymi z Wielkanoc\u0105 (popisy po angielsku, ale przygotowane w taki spos\u00f3b, \u017ce mo\u017cna je wyci\u0105\u0107 bez nich).<\/p>\n","protected":false},"excerpt":{"rendered":"<p>Karty obrazkowe w formie PDF, kt\u00f3re przenios\u0105 Was w magiczny \u015bwiat wiosennej \u0142\u0105ki. Na zaj\u0119cia po PL i ANG!W zestawie:&#8211; 15 kart uroczych zwierz\u0105t zamieszkuj\u0105cych \u0142\u0105k\u0119 z podpisami po polsku i angielsku,&#8211; 15 kart realistycznych zwierz\u0105t namalowanych na pisankach oraz prost\u0105 zabaw\u0119 \u0107wicz\u0105c\u0105 spostrzegawczo\u015b\u0107,&#8211; 10 obrazk\u00f3w WIOSENNYCH CUDAK\u00d3W (nietypowe po\u0142\u0105czenia 2 zwierz\u0105t)- idealne do \u0107wicze\u0144&#8230;<\/p>\n","protected":false},"featured_media":1810,"comment_status":"open","ping_status":"closed","template":"","meta":{"_kad_post_transparent":"","_kad_post_title":"","_kad_post_layout":"","_kad_post_sidebar_id":"","_kad_post_content_style":"","_kad_post_vertical_padding":"","_kad_post_feature":"","_kad_post_feature_position":"","_kad_post_header":false,"_kad_post_footer":false,"jetpack_post_was_ever_published":false},"product_brand":[],"product_cat":[24,207,212],"product_tag":[115,116,110,107,114],"class_list":{"0":"post-1809","1":"product","2":"type-product","3":"status-publish","4":"has-post-thumbnail","6":"product_cat-karty-na-zajecia","7":"product_cat-na-zajecia-po-polsku","8":"product_cat-spring","9":"product_tag-meadow","10":"product_tag-mieszkancylaki","11":"product_tag-spring","12":"product_tag-wiosna","13":"product_tag-laka","15":"first","16":"instock","17":"downloadable","18":"virtual","19":"taxable","20":"purchasable","21":"product-type-simple","22":"entry","23":"content-bg","24":"loop-entry"},"jetpack_sharing_enabled":true,"_links":{"self":[{"href":"https:\/\/www.firstedukit.pl\/index.php\/wp-json\/wp\/v2\/product\/1809","targetHints":{"allow":["GET"]}}],"collection":[{"href":"https:\/\/www.firstedukit.pl\/index.php\/wp-json\/wp\/v2\/product"}],"about":[{"href":"https:\/\/www.firstedukit.pl\/index.php\/wp-json\/wp\/v2\/types\/product"}],"replies":[{"embeddable":true,"href":"https:\/\/www.firstedukit.pl\/index.php\/wp-json\/wp\/v2\/comments?post=1809"}],"version-history":[{"count":0,"href":"https:\/\/www.firstedukit.pl\/index.php\/wp-json\/wp\/v2\/product\/1809\/revisions"}],"wp:featuredmedia":[{"embeddable":true,"href":"https:\/\/www.firstedukit.pl\/index.php\/wp-json\/wp\/v2\/media\/1810"}],"wp:attachment":[{"href":"https:\/\/www.firstedukit.pl\/index.php\/wp-json\/wp\/v2\/media?parent=1809"}],"wp:term":[{"taxonomy":"product_brand","embeddable":true,"href":"https:\/\/www.firstedukit.pl\/index.php\/wp-json\/wp\/v2\/product_brand?post=1809"},{"taxonomy":"product_cat","embeddable":true,"href":"https:\/\/www.firstedukit.pl\/index.php\/wp-json\/wp\/v2\/product_cat?post=1809"},{"taxonomy":"product_tag","embeddable":true,"href":"https:\/\/www.firstedukit.pl\/index.php\/wp-json\/wp\/v2\/product_tag?post=1809"}],"curies":[{"name":"wp","href":"https:\/\/api.w.org\/{rel}","templated":true}]}}