{"id":1831,"date":"2024-04-12T14:54:03","date_gmt":"2024-04-12T14:54:03","guid":{"rendered":"https:\/\/www.firstedukit.pl\/?post_type=product&#038;p=1831"},"modified":"2024-12-09T22:00:07","modified_gmt":"2024-12-09T20:00:07","slug":"in-the-garden-prepositions","status":"publish","type":"product","link":"https:\/\/www.firstedukit.pl\/index.php\/product\/in-the-garden-prepositions\/","title":{"rendered":"In the GARDEN- prepositions"},"content":{"rendered":"<p>Kto ukrywa si\u0119 <strong>pod<\/strong> li\u015bciem, kto szybuje <strong>nad<\/strong> stawem, a kto \u015bpiewa <strong>za<\/strong> krzakiem w ogrodzie? Dzi\u0119ki zestawowi &#8222;In the garden&#8221; przeprowadzisz ciekawe zaj\u0119cia, a dzieci poprzez zabaw\u0119 poznaj\u0105 i utrwal\u0105 niekt\u00f3re z przyimk\u00f3w <strong>(in, on, under, next to, behind, above)<\/strong>. W przyswajaniu nowej wiedzy pomog\u0105 im zwierz\u0119ta, kt\u00f3re mo\u017cna spotka\u0107 w ogrodzie (dragonfly, bumblebee, cricket, ladybug, spider, butterfly). <br \/>W zestawie plik\u00f3w <strong>pdf<\/strong> znajdziecie:<br \/>&#8211; <strong>e-book<\/strong> z dok\u0142adnym opisem zaj\u0119\u0107 i proponowanych przeze mnie zabaw i aktywno\u015bci,<br \/>&#8211; <strong>&#8222;In the garden&#8221;<\/strong>&#8211; autorski wiersz, w kt\u00f3rym schowa\u0142o si\u0119 kilka zwierz\u0105t, czasownik\u00f3w i przyimk\u00f3w + plansza<br \/>&#8211; <strong>6<\/strong> flashcards<br \/>&#8211; <strong>dices<\/strong>&#8211; zabawa z wykorzystaniem kostek, w kt\u00f3rej b\u0119dziecie tworzy\u0107 zdania z poznanymi przyimkami,<br \/>&#8211; <strong>Who&#8217;s there?<\/strong>&#8211; prosta zabawa dywanowa z kodowaniem wprowadzaj\u0105ca do tematyki zaj\u0119\u0107,<br \/>&#8211; <strong>BINGO-<\/strong> zabawa utrwalaj\u0105ca ca\u0142o\u015b\u0107 poznanego materia\u0142u,<br \/>&#8211; <strong>&#8222;In, on, under&#8221;- <\/strong>dodatkowe materia\u0142y i pomys\u0142y zabaw do wykorzystania np. na kolejnych zaj\u0119ciach, powt\u00f3rkach itp.<\/p>\n<p><\/p>\n","protected":false},"excerpt":{"rendered":"<p>Kto ukrywa si\u0119 pod li\u015bciem, kto szybuje nad stawem, a kto \u015bpiewa za krzakiem w ogrodzie? Dzi\u0119ki zestawowi &#8222;In the garden&#8221; przeprowadzisz ciekawe zaj\u0119cia, a dzieci poprzez zabaw\u0119 poznaj\u0105 i utrwal\u0105 niekt\u00f3re z przyimk\u00f3w (in, on, under, next to, behind, above). W przyswajaniu nowej wiedzy pomog\u0105 im zwierz\u0119ta, kt\u00f3re mo\u017cna spotka\u0107 w ogrodzie (dragonfly, bumblebee,&#8230;<\/p>\n","protected":false},"featured_media":1832,"comment_status":"open","ping_status":"closed","template":"","meta":{"_kad_post_transparent":"","_kad_post_title":"","_kad_post_layout":"","_kad_post_sidebar_id":"","_kad_post_content_style":"","_kad_post_vertical_padding":"","_kad_post_feature":"","_kad_post_feature_position":"","_kad_post_header":false,"_kad_post_footer":false,"jetpack_post_was_ever_published":false},"product_brand":[],"product_cat":[15,24,23,212],"product_tag":[117,118],"class_list":{"0":"post-1831","1":"product","2":"type-product","3":"status-publish","4":"has-post-thumbnail","6":"product_cat-e-booki","7":"product_cat-karty-na-zajecia","8":"product_cat-karty-pracy","9":"product_cat-spring","10":"product_tag-garden","11":"product_tag-prepositions","13":"first","14":"instock","15":"downloadable","16":"virtual","17":"taxable","18":"purchasable","19":"product-type-simple","20":"entry","21":"content-bg","22":"loop-entry"},"jetpack_sharing_enabled":true,"_links":{"self":[{"href":"https:\/\/www.firstedukit.pl\/index.php\/wp-json\/wp\/v2\/product\/1831","targetHints":{"allow":["GET"]}}],"collection":[{"href":"https:\/\/www.firstedukit.pl\/index.php\/wp-json\/wp\/v2\/product"}],"about":[{"href":"https:\/\/www.firstedukit.pl\/index.php\/wp-json\/wp\/v2\/types\/product"}],"replies":[{"embeddable":true,"href":"https:\/\/www.firstedukit.pl\/index.php\/wp-json\/wp\/v2\/comments?post=1831"}],"version-history":[{"count":0,"href":"https:\/\/www.firstedukit.pl\/index.php\/wp-json\/wp\/v2\/product\/1831\/revisions"}],"wp:featuredmedia":[{"embeddable":true,"href":"https:\/\/www.firstedukit.pl\/index.php\/wp-json\/wp\/v2\/media\/1832"}],"wp:attachment":[{"href":"https:\/\/www.firstedukit.pl\/index.php\/wp-json\/wp\/v2\/media?parent=1831"}],"wp:term":[{"taxonomy":"product_brand","embeddable":true,"href":"https:\/\/www.firstedukit.pl\/index.php\/wp-json\/wp\/v2\/product_brand?post=1831"},{"taxonomy":"product_cat","embeddable":true,"href":"https:\/\/www.firstedukit.pl\/index.php\/wp-json\/wp\/v2\/product_cat?post=1831"},{"taxonomy":"product_tag","embeddable":true,"href":"https:\/\/www.firstedukit.pl\/index.php\/wp-json\/wp\/v2\/product_tag?post=1831"}],"curies":[{"name":"wp","href":"https:\/\/api.w.org\/{rel}","templated":true}]}}