{"id":1845,"date":"2024-04-24T15:43:55","date_gmt":"2024-04-24T15:43:55","guid":{"rendered":"https:\/\/www.firstedukit.pl\/?post_type=product&#038;p=1845"},"modified":"2025-01-05T00:13:09","modified_gmt":"2025-01-04T22:13:09","slug":"healthy-habits-karty","status":"publish","type":"product","link":"https:\/\/www.firstedukit.pl\/index.php\/product\/healthy-habits-karty\/","title":{"rendered":"HEALTHY HABITS- karty"},"content":{"rendered":"<p><strong>Healthy habits<\/strong> to zestaw kart obrazkowych w formie plik\u00f3w <strong>pdf<\/strong>, kt\u00f3re wykorzystacie w co najmniej 2 tematach. Urocze grafiki ma\u0142ych, dzikich zwierz\u0105t WILD ANIMALS, oraz ich zachowania, kt\u00f3re z \u0142atwo\u015bci\u0105 mo\u017cna przyporz\u0105dkowa\u0107 do zdrowych lub niezdrowych nawyk\u00f3w b\u0119d\u0105 \u015bwietnym wst\u0119pem do rozm\u00f3w i temat\u00f3w zwi\u0105zanych ze ZDROWIEM.<br \/>W zestawie kart:<br \/>-15 dzikich zwierz\u0105t (10 przedstawia zdrowe nawyki, 5 niezdrowe),<br \/>-plansze do klasyfikowania healthy &amp; unhealthy habits,<br \/>-rozsypanka wyrazowa do tworzenia prostych zda\u0144,<br \/>-3 karty pracy (dopasowywanie nazw do zwierz\u0105t, uk\u0142adania zda\u0144, naklejanie obrazk\u00f3w do odpowiednich podpis\u00f3w).<\/p>\n","protected":false},"excerpt":{"rendered":"<p>Healthy habits to zestaw kart obrazkowych w formie plik\u00f3w pdf, kt\u00f3re wykorzystacie w co najmniej 2 tematach. Urocze grafiki ma\u0142ych, dzikich zwierz\u0105t WILD ANIMALS, oraz ich zachowania, kt\u00f3re z \u0142atwo\u015bci\u0105 mo\u017cna przyporz\u0105dkowa\u0107 do zdrowych lub niezdrowych nawyk\u00f3w b\u0119d\u0105 \u015bwietnym wst\u0119pem do rozm\u00f3w i temat\u00f3w zwi\u0105zanych ze ZDROWIEM.W zestawie kart:-15 dzikich zwierz\u0105t (10 przedstawia zdrowe nawyki,&#8230;<\/p>\n","protected":false},"featured_media":1846,"comment_status":"open","ping_status":"closed","template":"","meta":{"_kad_post_transparent":"","_kad_post_title":"","_kad_post_layout":"","_kad_post_sidebar_id":"","_kad_post_content_style":"","_kad_post_vertical_padding":"","_kad_post_feature":"","_kad_post_feature_position":"","_kad_post_header":false,"_kad_post_footer":false,"jetpack_post_was_ever_published":false},"product_brand":[],"product_cat":[211,24,23],"product_tag":[119,120,122],"class_list":{"0":"post-1845","1":"product","2":"type-product","3":"status-publish","4":"has-post-thumbnail","6":"product_cat-health","7":"product_cat-karty-na-zajecia","8":"product_cat-karty-pracy","9":"product_tag-healthy","10":"product_tag-healthyhabits","11":"product_tag-wildanimals","13":"first","14":"instock","15":"downloadable","16":"virtual","17":"taxable","18":"purchasable","19":"product-type-simple","20":"entry","21":"content-bg","22":"loop-entry"},"jetpack_sharing_enabled":true,"_links":{"self":[{"href":"https:\/\/www.firstedukit.pl\/index.php\/wp-json\/wp\/v2\/product\/1845","targetHints":{"allow":["GET"]}}],"collection":[{"href":"https:\/\/www.firstedukit.pl\/index.php\/wp-json\/wp\/v2\/product"}],"about":[{"href":"https:\/\/www.firstedukit.pl\/index.php\/wp-json\/wp\/v2\/types\/product"}],"replies":[{"embeddable":true,"href":"https:\/\/www.firstedukit.pl\/index.php\/wp-json\/wp\/v2\/comments?post=1845"}],"version-history":[{"count":1,"href":"https:\/\/www.firstedukit.pl\/index.php\/wp-json\/wp\/v2\/product\/1845\/revisions"}],"predecessor-version":[{"id":2325,"href":"https:\/\/www.firstedukit.pl\/index.php\/wp-json\/wp\/v2\/product\/1845\/revisions\/2325"}],"wp:featuredmedia":[{"embeddable":true,"href":"https:\/\/www.firstedukit.pl\/index.php\/wp-json\/wp\/v2\/media\/1846"}],"wp:attachment":[{"href":"https:\/\/www.firstedukit.pl\/index.php\/wp-json\/wp\/v2\/media?parent=1845"}],"wp:term":[{"taxonomy":"product_brand","embeddable":true,"href":"https:\/\/www.firstedukit.pl\/index.php\/wp-json\/wp\/v2\/product_brand?post=1845"},{"taxonomy":"product_cat","embeddable":true,"href":"https:\/\/www.firstedukit.pl\/index.php\/wp-json\/wp\/v2\/product_cat?post=1845"},{"taxonomy":"product_tag","embeddable":true,"href":"https:\/\/www.firstedukit.pl\/index.php\/wp-json\/wp\/v2\/product_tag?post=1845"}],"curies":[{"name":"wp","href":"https:\/\/api.w.org\/{rel}","templated":true}]}}