{"id":1896,"date":"2024-05-22T19:51:30","date_gmt":"2024-05-22T19:51:30","guid":{"rendered":"https:\/\/www.firstedukit.pl\/?post_type=product&#038;p=1896"},"modified":"2025-01-05T00:15:20","modified_gmt":"2025-01-04T22:15:20","slug":"where-are-you-mummy-story","status":"publish","type":"product","link":"https:\/\/www.firstedukit.pl\/index.php\/product\/where-are-you-mummy-story\/","title":{"rendered":"WHERE ARE YOU MUMMY- story"},"content":{"rendered":"<p>PROPOZYCJA IDEALNA NIE TYLKO NA DZIE\u0143 MAMY! <br \/>Poznaj histori\u0119 uroczego osio\u0142ka, szukaj\u0105cego swojej mamy. Sprawd\u017a koniecznie czy w ko\u0144cu trafi w jej obj\u0119cia.<br \/>Pliki pdf zawieraj\u0105: <br \/>&#8211; historyjk\u0119 obrazkow\u0105 do dwustronnego wydrukowania z propozycjami prostych pyta\u0144 i aktywno\u015bci (10 bajkowych obrazk\u00f3w z uroczymi zwierz\u0105tkami, kt\u00f3re z pewno\u015bci\u0105 wykorzystasz przy okazji <em>zwierz\u0119cej <\/em>tematyki)<br \/>&#8211; karty z &#8222;okienkami&#8221; zawarte w opowiadaniu,<br \/>&#8211; BONUS- dopasuj zwierz\u0105tka do ich mam, karta z &#8222;okienkami&#8221; wraz z propozycj\u0105 jej wykorzystania,<br \/>&#8211; BONUS- 5 kart o\u015blich \ud83d\ude09 emocji<\/p>\n","protected":false},"excerpt":{"rendered":"<p>PROPOZYCJA IDEALNA NIE TYLKO NA DZIE\u0143 MAMY! Poznaj histori\u0119 uroczego osio\u0142ka, szukaj\u0105cego swojej mamy. Sprawd\u017a koniecznie czy w ko\u0144cu trafi w jej obj\u0119cia.Pliki pdf zawieraj\u0105: &#8211; historyjk\u0119 obrazkow\u0105 do dwustronnego wydrukowania z propozycjami prostych pyta\u0144 i aktywno\u015bci (10 bajkowych obrazk\u00f3w z uroczymi zwierz\u0105tkami, kt\u00f3re z pewno\u015bci\u0105 wykorzystasz przy okazji zwierz\u0119cej tematyki)&#8211; karty z &#8222;okienkami&#8221; zawarte&#8230;<\/p>\n","protected":false},"featured_media":1891,"comment_status":"open","ping_status":"closed","template":"","meta":{"_kad_post_transparent":"","_kad_post_title":"","_kad_post_layout":"","_kad_post_sidebar_id":"","_kad_post_content_style":"","_kad_post_vertical_padding":"","_kad_post_feature":"","_kad_post_feature_position":"","_kad_post_header":false,"_kad_post_footer":false,"jetpack_post_was_ever_published":false},"product_brand":[],"product_cat":[24,210,203],"product_tag":[127,125,126,124],"class_list":{"0":"post-1896","1":"product","2":"type-product","3":"status-publish","4":"has-post-thumbnail","6":"product_cat-karty-na-zajecia","7":"product_cat-others","8":"product_cat-special-days","9":"product_tag-donkey","10":"product_tag-mummy","11":"product_tag-story","12":"product_tag-mothers-day","14":"first","15":"instock","16":"downloadable","17":"virtual","18":"taxable","19":"purchasable","20":"product-type-simple","21":"entry","22":"content-bg","23":"loop-entry"},"jetpack_sharing_enabled":true,"_links":{"self":[{"href":"https:\/\/www.firstedukit.pl\/index.php\/wp-json\/wp\/v2\/product\/1896","targetHints":{"allow":["GET"]}}],"collection":[{"href":"https:\/\/www.firstedukit.pl\/index.php\/wp-json\/wp\/v2\/product"}],"about":[{"href":"https:\/\/www.firstedukit.pl\/index.php\/wp-json\/wp\/v2\/types\/product"}],"replies":[{"embeddable":true,"href":"https:\/\/www.firstedukit.pl\/index.php\/wp-json\/wp\/v2\/comments?post=1896"}],"version-history":[{"count":0,"href":"https:\/\/www.firstedukit.pl\/index.php\/wp-json\/wp\/v2\/product\/1896\/revisions"}],"wp:featuredmedia":[{"embeddable":true,"href":"https:\/\/www.firstedukit.pl\/index.php\/wp-json\/wp\/v2\/media\/1891"}],"wp:attachment":[{"href":"https:\/\/www.firstedukit.pl\/index.php\/wp-json\/wp\/v2\/media?parent=1896"}],"wp:term":[{"taxonomy":"product_brand","embeddable":true,"href":"https:\/\/www.firstedukit.pl\/index.php\/wp-json\/wp\/v2\/product_brand?post=1896"},{"taxonomy":"product_cat","embeddable":true,"href":"https:\/\/www.firstedukit.pl\/index.php\/wp-json\/wp\/v2\/product_cat?post=1896"},{"taxonomy":"product_tag","embeddable":true,"href":"https:\/\/www.firstedukit.pl\/index.php\/wp-json\/wp\/v2\/product_tag?post=1896"}],"curies":[{"name":"wp","href":"https:\/\/api.w.org\/{rel}","templated":true}]}}