{"id":2052,"date":"2024-08-03T14:20:45","date_gmt":"2024-08-03T14:20:45","guid":{"rendered":"https:\/\/www.firstedukit.pl\/?post_type=product&#038;p=2052"},"modified":"2025-01-05T00:33:02","modified_gmt":"2025-01-04T22:33:02","slug":"alfabet-karty","status":"publish","type":"product","link":"https:\/\/www.firstedukit.pl\/index.php\/product\/alfabet-karty\/","title":{"rendered":"Alfabet- karty obrazkowe"},"content":{"rendered":"<p>Alfabetyczne puzzle to karty, kt\u00f3re z pewno\u015bci\u0105 przydadz\u0105 si\u0119 do wielu aktywno\u015bci zar\u00f3wno na zaj\u0119ciach po <strong>polsku jak i angielsku<\/strong>. Za ich pomoc\u0105 mo\u017cecie \u0142\u0105czy\u0107 obrazki z literami na kt\u00f3r\u0105 dane rzeczy si\u0119 zaczynaj\u0105. Karty przedstawiaj\u0105 ilustracje (w wi\u0119kszo\u015bci zwierz\u0119ta, kt\u00f3rych nazwy zaczynaj\u0105 si\u0119 na t\u0105 sam\u0105 liter\u0119 po polsku jak i angielsku, np. zebra, pingwin, alpaka), a w zestawie znajdziecie ich \u0142\u0105cznie 23 (litery bez polskich znak\u00f3w).<br \/>Karty mo\u017cesz wykorzysta\u0107 r\u00f3wnie\u017c do gry w memory czy alfabetycznego Piotrusia- przeczytaj o moich pomys\u0142ach na FB.<br \/>W plikach <strong>pdf<\/strong> znajdziecie:<br \/>&#8211; 23 karty z liter\u0105 i pasuj\u0105c\u0105 do niej ilustracj\u0105 z podpisami w j\u0119zyku polskim i angielskim oraz wersje bez podpis\u00f3w,<br \/>&#8211; BONUS 2 karty pracy (\u0142\u0105czenie litery z obrazkiem oraz liczenie przedmiot\u00f3w<\/p>\n","protected":false},"excerpt":{"rendered":"<p>Alfabetyczne puzzle to karty, kt\u00f3re z pewno\u015bci\u0105 przydadz\u0105 si\u0119 do wielu aktywno\u015bci zar\u00f3wno na zaj\u0119ciach po polsku jak i angielsku. Za ich pomoc\u0105 mo\u017cecie \u0142\u0105czy\u0107 obrazki z literami na kt\u00f3r\u0105 dane rzeczy si\u0119 zaczynaj\u0105. Karty przedstawiaj\u0105 ilustracje (w wi\u0119kszo\u015bci zwierz\u0119ta, kt\u00f3rych nazwy zaczynaj\u0105 si\u0119 na t\u0105 sam\u0105 liter\u0119 po polsku jak i angielsku, np. zebra,&#8230;<\/p>\n","protected":false},"featured_media":2053,"comment_status":"open","ping_status":"closed","template":"","meta":{"_kad_post_transparent":"","_kad_post_title":"","_kad_post_layout":"","_kad_post_sidebar_id":"","_kad_post_content_style":"","_kad_post_vertical_padding":"","_kad_post_feature":"","_kad_post_feature_position":"","_kad_post_header":false,"_kad_post_footer":false,"jetpack_post_was_ever_published":false},"product_brand":[],"product_cat":[24,23,207,210,123],"product_tag":[],"class_list":{"0":"post-2052","1":"product","2":"type-product","3":"status-publish","4":"has-post-thumbnail","6":"product_cat-karty-na-zajecia","7":"product_cat-karty-pracy","8":"product_cat-na-zajecia-po-polsku","9":"product_cat-others","10":"product_cat-pomoce-dydaktyczne","12":"first","13":"instock","14":"downloadable","15":"virtual","16":"purchasable","17":"product-type-simple","18":"entry","19":"content-bg","20":"loop-entry"},"jetpack_sharing_enabled":true,"_links":{"self":[{"href":"https:\/\/www.firstedukit.pl\/index.php\/wp-json\/wp\/v2\/product\/2052","targetHints":{"allow":["GET"]}}],"collection":[{"href":"https:\/\/www.firstedukit.pl\/index.php\/wp-json\/wp\/v2\/product"}],"about":[{"href":"https:\/\/www.firstedukit.pl\/index.php\/wp-json\/wp\/v2\/types\/product"}],"replies":[{"embeddable":true,"href":"https:\/\/www.firstedukit.pl\/index.php\/wp-json\/wp\/v2\/comments?post=2052"}],"version-history":[{"count":0,"href":"https:\/\/www.firstedukit.pl\/index.php\/wp-json\/wp\/v2\/product\/2052\/revisions"}],"wp:featuredmedia":[{"embeddable":true,"href":"https:\/\/www.firstedukit.pl\/index.php\/wp-json\/wp\/v2\/media\/2053"}],"wp:attachment":[{"href":"https:\/\/www.firstedukit.pl\/index.php\/wp-json\/wp\/v2\/media?parent=2052"}],"wp:term":[{"taxonomy":"product_brand","embeddable":true,"href":"https:\/\/www.firstedukit.pl\/index.php\/wp-json\/wp\/v2\/product_brand?post=2052"},{"taxonomy":"product_cat","embeddable":true,"href":"https:\/\/www.firstedukit.pl\/index.php\/wp-json\/wp\/v2\/product_cat?post=2052"},{"taxonomy":"product_tag","embeddable":true,"href":"https:\/\/www.firstedukit.pl\/index.php\/wp-json\/wp\/v2\/product_tag?post=2052"}],"curies":[{"name":"wp","href":"https:\/\/api.w.org\/{rel}","templated":true}]}}