{"id":2059,"date":"2024-08-09T13:35:01","date_gmt":"2024-08-09T13:35:01","guid":{"rendered":"https:\/\/www.firstedukit.pl\/?post_type=product&#038;p=2059"},"modified":"2025-01-05T00:34:59","modified_gmt":"2025-01-04T22:34:59","slug":"rules","status":"publish","type":"product","link":"https:\/\/www.firstedukit.pl\/index.php\/product\/rules\/","title":{"rendered":"RULES"},"content":{"rendered":"<p>Karty obrazkowe w plikach <strong>pdf<\/strong>, bez kt\u00f3rych nie mo\u017cesz zacz\u0105\u0107 zaj\u0119\u0107 w nowym roku szkolnym lub nowej grupie! Uroczy Yeti sprawi, \u017ce twoi uczniowie od razu je pokochaj\u0105.<br \/>W zestawie znajdziesz:<br \/><strong>RULES- <\/strong>3 karty z najwa\u017cniejszymi (wg mnie) zasadami. Kr\u00f3tko, zwi\u0119\u017ale i na temat: <em>eyes are looking, ears are listening, legs are crossed.<\/em><br \/><strong>ACTIVIT<\/strong>Y- 6 kart przedstawiaj\u0105cych ro\u017cne formy aktywno\u015bci, kt\u00f3re mog\u0105 wyst\u0105pi\u0107 w trakcie zaj\u0119\u0107 <em>(move, sing, talk, play, story time, table time)<\/em>. Nie musisz ju\u017c t\u0142umaczy\u0107 dzieciom kolejnej aktywno\u015bci, wystarczy, \u017ce poka\u017cesz dan\u0105 kart\u0119 a one same b\u0119d\u0105 wiedzia\u0142y co robi\u0107.<br \/><strong>SAY IT-<\/strong> 4 podstawowe karty do powtarzania\/drylowania s\u0142ownictwa <em>(say it: loud\/quiet\/fast\/slow). <\/em>Zapewniam Ci\u0119, \u017ce Yeti na \u015blimaku rozbawi twoich podopiecznych i wzbudzi w nich niema\u0142\u0105 ciekawo\u015b\u0107.<\/p>\n","protected":false},"excerpt":{"rendered":"<p>Karty obrazkowe w plikach pdf, bez kt\u00f3rych nie mo\u017cesz zacz\u0105\u0107 zaj\u0119\u0107 w nowym roku szkolnym lub nowej grupie! Uroczy Yeti sprawi, \u017ce twoi uczniowie od razu je pokochaj\u0105.W zestawie znajdziesz:RULES- 3 karty z najwa\u017cniejszymi (wg mnie) zasadami. Kr\u00f3tko, zwi\u0119\u017ale i na temat: eyes are looking, ears are listening, legs are crossed.ACTIVITY- 6 kart przedstawiaj\u0105cych ro\u017cne&#8230;<\/p>\n","protected":false},"featured_media":2060,"comment_status":"open","ping_status":"closed","template":"","meta":{"_kad_post_transparent":"","_kad_post_title":"","_kad_post_layout":"","_kad_post_sidebar_id":"","_kad_post_content_style":"","_kad_post_vertical_padding":"","_kad_post_feature":"","_kad_post_feature_position":"","_kad_post_header":false,"_kad_post_footer":false,"jetpack_post_was_ever_published":false},"product_brand":[],"product_cat":[24,210],"product_tag":[140],"class_list":{"0":"post-2059","1":"product","2":"type-product","3":"status-publish","4":"has-post-thumbnail","6":"product_cat-karty-na-zajecia","7":"product_cat-others","8":"product_tag-r","10":"first","11":"instock","12":"downloadable","13":"virtual","14":"taxable","15":"purchasable","16":"product-type-simple","17":"entry","18":"content-bg","19":"loop-entry"},"jetpack_sharing_enabled":true,"_links":{"self":[{"href":"https:\/\/www.firstedukit.pl\/index.php\/wp-json\/wp\/v2\/product\/2059","targetHints":{"allow":["GET"]}}],"collection":[{"href":"https:\/\/www.firstedukit.pl\/index.php\/wp-json\/wp\/v2\/product"}],"about":[{"href":"https:\/\/www.firstedukit.pl\/index.php\/wp-json\/wp\/v2\/types\/product"}],"replies":[{"embeddable":true,"href":"https:\/\/www.firstedukit.pl\/index.php\/wp-json\/wp\/v2\/comments?post=2059"}],"version-history":[{"count":1,"href":"https:\/\/www.firstedukit.pl\/index.php\/wp-json\/wp\/v2\/product\/2059\/revisions"}],"predecessor-version":[{"id":2174,"href":"https:\/\/www.firstedukit.pl\/index.php\/wp-json\/wp\/v2\/product\/2059\/revisions\/2174"}],"wp:featuredmedia":[{"embeddable":true,"href":"https:\/\/www.firstedukit.pl\/index.php\/wp-json\/wp\/v2\/media\/2060"}],"wp:attachment":[{"href":"https:\/\/www.firstedukit.pl\/index.php\/wp-json\/wp\/v2\/media?parent=2059"}],"wp:term":[{"taxonomy":"product_brand","embeddable":true,"href":"https:\/\/www.firstedukit.pl\/index.php\/wp-json\/wp\/v2\/product_brand?post=2059"},{"taxonomy":"product_cat","embeddable":true,"href":"https:\/\/www.firstedukit.pl\/index.php\/wp-json\/wp\/v2\/product_cat?post=2059"},{"taxonomy":"product_tag","embeddable":true,"href":"https:\/\/www.firstedukit.pl\/index.php\/wp-json\/wp\/v2\/product_tag?post=2059"}],"curies":[{"name":"wp","href":"https:\/\/api.w.org\/{rel}","templated":true}]}}