{"id":2138,"date":"2024-09-03T21:20:59","date_gmt":"2024-09-03T19:20:59","guid":{"rendered":"https:\/\/www.firstedukit.pl\/?post_type=product&#038;p=2138"},"modified":"2025-01-05T00:41:59","modified_gmt":"2025-01-04T22:41:59","slug":"emotional-octopus-pomysly-na-zabawe","status":"publish","type":"product","link":"https:\/\/www.firstedukit.pl\/index.php\/product\/emotional-octopus-pomysly-na-zabawe\/","title":{"rendered":"Emotional Octopus- pomys\u0142y na zabaw\u0119"},"content":{"rendered":"<p>Poznaj zestaw &#8222;Emotional Octopus&#8221; \u2013 idealny materia\u0142 edukacyjny w formie PDF! W zestawie znajdziesz 6 kolorowych kart emocji z urocz\u0105 o\u015bmiornic\u0105 w roli g\u0142\u00f3wnej, morskie zwierz\u0119ta ilustruj\u0105ce s\u0142owa &#8222;happy&#8221; i &#8222;sad&#8221;, szablon do kreatywnej zabawy oraz szczeg\u00f3\u0142owy opis gier i zabaw. <br \/>Ten zestaw to idealny materia\u0142 na jedne z pierwszych zaj\u0119\u0107, kiedy w g\u0142owach mamy jeszcze letni czas i wspominamy wakacje (p\u00f3\u017aniej wykorzystasz je przy tematyce wakacyjnej!) Dzi\u0119ki niemu dzieci nie tylko powt\u00f3rz\u0105 nazwy zwierz\u0105t morskich, ale r\u00f3wnie\u017c zobacz\u0105 jakie emocje targaj\u0105 nasz\u0105 tytu\u0142ow\u0105 o\u015bmiornic\u0105, a przy okazji naucz\u0105 si\u0119 cz\u0119\u015bci jej twarzy. <br \/><strong>To a\u017c 3 tematy, w kt\u00f3rych mo\u017cesz wykorzysta\u0107 te materia\u0142y!<\/strong><br \/> Zestaw doskonale sprawdzi si\u0119 r\u00f3wnie\u017c jako wsparcie przy wprowadzaniu piosenki <strong>&#8222;If you&#8217;re happy&#8221;.<\/strong><br \/>Co wi\u0119cej, materia\u0142y w formacie PDF mo\u017cesz wykorzystywa\u0107 wielokrotnie, co zaoszcz\u0119dzi Ci mn\u00f3stwo czasu na przygotowaniach! <br \/>Ciesz si\u0119 kreatywnymi zaj\u0119ciami, kt\u00f3re dzieci b\u0119d\u0105 uwielbia\u0107!<\/p>\n","protected":false},"excerpt":{"rendered":"<p>Poznaj zestaw &#8222;Emotional Octopus&#8221; \u2013 idealny materia\u0142 edukacyjny w formie PDF! W zestawie znajdziesz 6 kolorowych kart emocji z urocz\u0105 o\u015bmiornic\u0105 w roli g\u0142\u00f3wnej, morskie zwierz\u0119ta ilustruj\u0105ce s\u0142owa &#8222;happy&#8221; i &#8222;sad&#8221;, szablon do kreatywnej zabawy oraz szczeg\u00f3\u0142owy opis gier i zabaw. Ten zestaw to idealny materia\u0142 na jedne z pierwszych zaj\u0119\u0107, kiedy w g\u0142owach mamy&#8230;<\/p>\n","protected":false},"featured_media":2139,"comment_status":"open","ping_status":"closed","template":"","meta":{"_kad_post_transparent":"","_kad_post_title":"","_kad_post_layout":"","_kad_post_sidebar_id":"","_kad_post_content_style":"","_kad_post_vertical_padding":"","_kad_post_feature":"","_kad_post_feature_position":"","_kad_post_header":false,"_kad_post_footer":false,"jetpack_post_was_ever_published":false},"product_brand":[],"product_cat":[204,24,123,209],"product_tag":[150,151,149,142,141],"class_list":{"0":"post-2138","1":"product","2":"type-product","3":"status-publish","4":"has-post-thumbnail","6":"product_cat-animals","7":"product_cat-karty-na-zajecia","8":"product_cat-pomoce-dydaktyczne","9":"product_cat-summer","10":"product_tag-emotions","11":"product_tag-faceparts","12":"product_tag-octopus","13":"product_tag-sea","14":"product_tag-seanimals","16":"first","17":"instock","18":"downloadable","19":"virtual","20":"taxable","21":"purchasable","22":"product-type-simple","23":"entry","24":"content-bg","25":"loop-entry"},"jetpack_sharing_enabled":true,"_links":{"self":[{"href":"https:\/\/www.firstedukit.pl\/index.php\/wp-json\/wp\/v2\/product\/2138","targetHints":{"allow":["GET"]}}],"collection":[{"href":"https:\/\/www.firstedukit.pl\/index.php\/wp-json\/wp\/v2\/product"}],"about":[{"href":"https:\/\/www.firstedukit.pl\/index.php\/wp-json\/wp\/v2\/types\/product"}],"replies":[{"embeddable":true,"href":"https:\/\/www.firstedukit.pl\/index.php\/wp-json\/wp\/v2\/comments?post=2138"}],"version-history":[{"count":2,"href":"https:\/\/www.firstedukit.pl\/index.php\/wp-json\/wp\/v2\/product\/2138\/revisions"}],"predecessor-version":[{"id":2145,"href":"https:\/\/www.firstedukit.pl\/index.php\/wp-json\/wp\/v2\/product\/2138\/revisions\/2145"}],"wp:featuredmedia":[{"embeddable":true,"href":"https:\/\/www.firstedukit.pl\/index.php\/wp-json\/wp\/v2\/media\/2139"}],"wp:attachment":[{"href":"https:\/\/www.firstedukit.pl\/index.php\/wp-json\/wp\/v2\/media?parent=2138"}],"wp:term":[{"taxonomy":"product_brand","embeddable":true,"href":"https:\/\/www.firstedukit.pl\/index.php\/wp-json\/wp\/v2\/product_brand?post=2138"},{"taxonomy":"product_cat","embeddable":true,"href":"https:\/\/www.firstedukit.pl\/index.php\/wp-json\/wp\/v2\/product_cat?post=2138"},{"taxonomy":"product_tag","embeddable":true,"href":"https:\/\/www.firstedukit.pl\/index.php\/wp-json\/wp\/v2\/product_tag?post=2138"}],"curies":[{"name":"wp","href":"https:\/\/api.w.org\/{rel}","templated":true}]}}