{"id":2162,"date":"2024-09-27T20:44:11","date_gmt":"2024-09-27T18:44:11","guid":{"rendered":"https:\/\/www.firstedukit.pl\/?post_type=product&#038;p=2162"},"modified":"2025-01-05T00:45:52","modified_gmt":"2025-01-04T22:45:52","slug":"from-head-to-toe-aktywnosci-do-wprowadzenia-ksiazki","status":"publish","type":"product","link":"https:\/\/www.firstedukit.pl\/index.php\/product\/from-head-to-toe-aktywnosci-do-wprowadzenia-ksiazki\/","title":{"rendered":"From head to toe- aktywno\u015bci do wprowadzenia ksi\u0105\u017cki"},"content":{"rendered":"<p>Zestaw pomocy dydaktycznych w formie <strong>pdf<\/strong>. Dedykowane s\u0105 do wprowadzenia ksi\u0105\u017cki <strong>From head to toe<\/strong> ale mo\u017cesz z nich korzysta\u0107 niezale\u017cnie. W \u015brodku znajdziesz 12 kart aktywno\u015bci, kt\u00f3re rozgrzej\u0105 twoje dzieciaki od g\u0142\u00f3w a\u017c po st\u00f3p paluszki jeszcze przed otworzeniem ksi\u0105\u017cki. Propozycje zabaw i \u0107wicze\u0144 sprawi\u0105, \u017ce dzieciaki b\u0119d\u0105 w pe\u0142ni gotowe na przygod\u0119 z lektur\u0105. Przeprowad\u017a zaj\u0119cia do kt\u00f3rych masz gotowy pakiet aktywno\u015bci, naucz dzieci u\u017cywania struktury <strong>I can do it<\/strong>, przypomnij nazwy zwierz\u0105t i prze\u0107wicz r\u00f3\u017cne aktywno\u015bci jak <em><strong>bend your knees, kick your legs <\/strong> itp.<\/em> A jako bonus? Memory, kt\u00f3re dostarczy mn\u00f3stwo \u015bmiechu, oraz karta pracy dla tych, kt\u00f3rzy lubi\u0105 wyzwania. Idealny zestaw, kt\u00f3ry nie tylko u\u0142atwi nauk\u0119, ale i zagwarantuje \u015bwietn\u0105 zabaw\u0119.<\/p>\n","protected":false},"excerpt":{"rendered":"<p>Zestaw pomocy dydaktycznych w formie pdf. Dedykowane s\u0105 do wprowadzenia ksi\u0105\u017cki From head to toe ale mo\u017cesz z nich korzysta\u0107 niezale\u017cnie. W \u015brodku znajdziesz 12 kart aktywno\u015bci, kt\u00f3re rozgrzej\u0105 twoje dzieciaki od g\u0142\u00f3w a\u017c po st\u00f3p paluszki jeszcze przed otworzeniem ksi\u0105\u017cki. Propozycje zabaw i \u0107wicze\u0144 sprawi\u0105, \u017ce dzieciaki b\u0119d\u0105 w pe\u0142ni gotowe na przygod\u0119 z&#8230;<\/p>\n","protected":false},"featured_media":2197,"comment_status":"open","ping_status":"closed","template":"","meta":{"_kad_post_transparent":"","_kad_post_title":"","_kad_post_layout":"","_kad_post_sidebar_id":"","_kad_post_content_style":"","_kad_post_vertical_padding":"","_kad_post_feature":"","_kad_post_feature_position":"","_kad_post_header":false,"_kad_post_footer":false,"jetpack_post_was_ever_published":false},"product_brand":[],"product_cat":[204,15,24,23,123,214],"product_tag":[93,152,153],"class_list":{"0":"post-2162","1":"product","2":"type-product","3":"status-publish","4":"has-post-thumbnail","6":"product_cat-animals","7":"product_cat-e-booki","8":"product_cat-karty-na-zajecia","9":"product_cat-karty-pracy","10":"product_cat-pomoce-dydaktyczne","11":"product_cat-readplay-zabawy-z-ksiazka","12":"product_tag-animals","13":"product_tag-bodyparts","14":"product_tag-fromheadtotoe","16":"first","17":"instock","18":"downloadable","19":"virtual","20":"taxable","21":"purchasable","22":"product-type-simple","23":"entry","24":"content-bg","25":"loop-entry"},"jetpack_sharing_enabled":true,"_links":{"self":[{"href":"https:\/\/www.firstedukit.pl\/index.php\/wp-json\/wp\/v2\/product\/2162","targetHints":{"allow":["GET"]}}],"collection":[{"href":"https:\/\/www.firstedukit.pl\/index.php\/wp-json\/wp\/v2\/product"}],"about":[{"href":"https:\/\/www.firstedukit.pl\/index.php\/wp-json\/wp\/v2\/types\/product"}],"replies":[{"embeddable":true,"href":"https:\/\/www.firstedukit.pl\/index.php\/wp-json\/wp\/v2\/comments?post=2162"}],"version-history":[{"count":2,"href":"https:\/\/www.firstedukit.pl\/index.php\/wp-json\/wp\/v2\/product\/2162\/revisions"}],"predecessor-version":[{"id":2198,"href":"https:\/\/www.firstedukit.pl\/index.php\/wp-json\/wp\/v2\/product\/2162\/revisions\/2198"}],"wp:featuredmedia":[{"embeddable":true,"href":"https:\/\/www.firstedukit.pl\/index.php\/wp-json\/wp\/v2\/media\/2197"}],"wp:attachment":[{"href":"https:\/\/www.firstedukit.pl\/index.php\/wp-json\/wp\/v2\/media?parent=2162"}],"wp:term":[{"taxonomy":"product_brand","embeddable":true,"href":"https:\/\/www.firstedukit.pl\/index.php\/wp-json\/wp\/v2\/product_brand?post=2162"},{"taxonomy":"product_cat","embeddable":true,"href":"https:\/\/www.firstedukit.pl\/index.php\/wp-json\/wp\/v2\/product_cat?post=2162"},{"taxonomy":"product_tag","embeddable":true,"href":"https:\/\/www.firstedukit.pl\/index.php\/wp-json\/wp\/v2\/product_tag?post=2162"}],"curies":[{"name":"wp","href":"https:\/\/api.w.org\/{rel}","templated":true}]}}