{"id":2253,"date":"2024-10-18T01:10:09","date_gmt":"2024-10-17T23:10:09","guid":{"rendered":"https:\/\/www.firstedukit.pl\/?post_type=product&#038;p=2253"},"modified":"2025-01-07T00:44:05","modified_gmt":"2025-01-06T22:44:05","slug":"i-am-a-robot","status":"publish","type":"product","link":"https:\/\/www.firstedukit.pl\/index.php\/product\/i-am-a-robot\/","title":{"rendered":"I am a robot"},"content":{"rendered":"<p>\ud83e\udd16\ud83d\ude80 <strong>&#8222;I am a robot&#8221; \u2013 Kompleksowy Zestaw Edukacyjny<\/strong>!\ud83d\ude80\ud83e\udd16<br \/>Poznaj zestaw <em>I am a robot<\/em>! To nie tylko materia\u0142y dydaktyczne \u2013 to prawdziwa podr\u00f3\u017c do \u015bwiata robot\u00f3w, kszta\u0142t\u00f3w i porywaj\u0105cych przyg\u00f3d! \ud83c\udf0c<br \/>W zestawie Twoje dzieci: \ud83c\udfb6 Naucz\u0105 si\u0119 piosenki &#8222;I am a robot&#8221;, kt\u00f3ra wci\u0105gnie je w fascynuj\u0105cy \u015bwiat j\u0119zyka! \ud83e\udd29 Odkryj\u0105 6 kszta\u0142t\u00f3w przez zabaw\u0119, m.in. odszukuj\u0105c planety robot\u00f3w i uczestnicz\u0105c w zabawie <em>robot shape hunt<\/em>! \ud83d\udcdc Prze\u0107wicz\u0105 nowe s\u0142ownictwo i struktury j\u0119zykowe w parach, wsp\u00f3\u0142pracuj\u0105c i ucz\u0105c si\u0119 od siebie nawzajem. \ud83e\udd16 Rozwin\u0105 wyobra\u017ani\u0119, projektuj\u0105c w\u0142asne roboty \u2013 idealne na kreatywne lekcje!<br \/>Zestaw zawiera a\u017c <strong>10 plik\u00f3w PDF<\/strong>, w tym <strong>3 gotowe scenariusze zaj\u0119\u0107<\/strong>, dzi\u0119ki czemu oszcz\u0119dzisz czas na przygotowania, a lekcje b\u0119d\u0105 zawsze ciekawe i anga\u017cuj\u0105ce. \ud83d\udcda\u2728<br \/>Dodatkowo, znajdziesz tam: \ud83d\udd39 Rymowank\u0119 o 6 robotach, kt\u00f3ra u\u0142atwia zapami\u0119tywanie nowych s\u0142\u00f3w! \ud83d\udd39 Opowie\u015b\u0107 ruchow\u0105, kt\u00f3ra rozrusza dzieci i sprawi, \u017ce nauka stanie si\u0119 prawdziw\u0105 przygod\u0105!<br \/>Ten zestaw to \u015bwietna inwestycja, kt\u00f3ra uczyni nauk\u0119 angielskiego niezapomnian\u0105 przygod\u0105! \ud83c\udf1f Idealny zar\u00f3wno do pracy w grupach, jak i indywidualnie.<br \/>\ud83c\udfaf <strong>Nie czekaj!<\/strong> Przenie\u015b swoje lekcje na wy\u017cszy poziom i spraw, by nauka by\u0142a tak samo wci\u0105gaj\u0105ca jak zabawa!<\/p>\n","protected":false},"excerpt":{"rendered":"<p>\ud83e\udd16\ud83d\ude80 &#8222;I am a robot&#8221; \u2013 Kompleksowy Zestaw Edukacyjny!\ud83d\ude80\ud83e\udd16Poznaj zestaw I am a robot! To nie tylko materia\u0142y dydaktyczne \u2013 to prawdziwa podr\u00f3\u017c do \u015bwiata robot\u00f3w, kszta\u0142t\u00f3w i porywaj\u0105cych przyg\u00f3d! \ud83c\udf0cW zestawie Twoje dzieci: \ud83c\udfb6 Naucz\u0105 si\u0119 piosenki &#8222;I am a robot&#8221;, kt\u00f3ra wci\u0105gnie je w fascynuj\u0105cy \u015bwiat j\u0119zyka! \ud83e\udd29 Odkryj\u0105 6 kszta\u0142t\u00f3w przez zabaw\u0119,&#8230;<\/p>\n","protected":false},"featured_media":2241,"comment_status":"open","ping_status":"closed","template":"","meta":{"_kad_post_transparent":"","_kad_post_title":"","_kad_post_layout":"","_kad_post_sidebar_id":"","_kad_post_content_style":"","_kad_post_vertical_padding":"","_kad_post_feature":"","_kad_post_feature_position":"","_kad_post_header":false,"_kad_post_footer":false,"jetpack_post_was_ever_published":false},"product_brand":[],"product_cat":[15,24,23,216],"product_tag":[159,162,161],"class_list":{"0":"post-2253","1":"product","2":"type-product","3":"status-publish","4":"has-post-thumbnail","6":"product_cat-e-booki","7":"product_cat-karty-na-zajecia","8":"product_cat-karty-pracy","9":"product_cat-shapes","10":"product_tag-robot","11":"product_tag-shapes","12":"product_tag-space","14":"first","15":"instock","16":"downloadable","17":"virtual","18":"taxable","19":"purchasable","20":"product-type-simple","21":"entry","22":"content-bg","23":"loop-entry"},"jetpack_sharing_enabled":true,"_links":{"self":[{"href":"https:\/\/www.firstedukit.pl\/index.php\/wp-json\/wp\/v2\/product\/2253","targetHints":{"allow":["GET"]}}],"collection":[{"href":"https:\/\/www.firstedukit.pl\/index.php\/wp-json\/wp\/v2\/product"}],"about":[{"href":"https:\/\/www.firstedukit.pl\/index.php\/wp-json\/wp\/v2\/types\/product"}],"replies":[{"embeddable":true,"href":"https:\/\/www.firstedukit.pl\/index.php\/wp-json\/wp\/v2\/comments?post=2253"}],"version-history":[{"count":2,"href":"https:\/\/www.firstedukit.pl\/index.php\/wp-json\/wp\/v2\/product\/2253\/revisions"}],"predecessor-version":[{"id":2269,"href":"https:\/\/www.firstedukit.pl\/index.php\/wp-json\/wp\/v2\/product\/2253\/revisions\/2269"}],"wp:featuredmedia":[{"embeddable":true,"href":"https:\/\/www.firstedukit.pl\/index.php\/wp-json\/wp\/v2\/media\/2241"}],"wp:attachment":[{"href":"https:\/\/www.firstedukit.pl\/index.php\/wp-json\/wp\/v2\/media?parent=2253"}],"wp:term":[{"taxonomy":"product_brand","embeddable":true,"href":"https:\/\/www.firstedukit.pl\/index.php\/wp-json\/wp\/v2\/product_brand?post=2253"},{"taxonomy":"product_cat","embeddable":true,"href":"https:\/\/www.firstedukit.pl\/index.php\/wp-json\/wp\/v2\/product_cat?post=2253"},{"taxonomy":"product_tag","embeddable":true,"href":"https:\/\/www.firstedukit.pl\/index.php\/wp-json\/wp\/v2\/product_tag?post=2253"}],"curies":[{"name":"wp","href":"https:\/\/api.w.org\/{rel}","templated":true}]}}