{"id":2309,"date":"2024-11-08T21:51:51","date_gmt":"2024-11-08T19:51:51","guid":{"rendered":"https:\/\/www.firstedukit.pl\/?post_type=product&#038;p=2309"},"modified":"2025-01-07T00:41:46","modified_gmt":"2025-01-06T22:41:46","slug":"forest-animals-pomysly-na-zabawe","status":"publish","type":"product","link":"https:\/\/www.firstedukit.pl\/index.php\/product\/forest-animals-pomysly-na-zabawe\/","title":{"rendered":"Forest Animals- pomys\u0142y na zaj\u0119cia"},"content":{"rendered":"<p>Odszukajcie ukryte w tym zestawie le\u015bne zwierz\u0119ta i zapro\u015bcie je do wsp\u00f3lnej zabawy.<br \/>W zestawie plik\u00f3w PDF znajdziecie:<br \/>\ud83e\udd94 5 kart le\u015bnych zwierz\u0105t \ud83e\udd89\ud83e\udda8\ud83d\udc30w bajkowym klimacie (wykorzystacie je do piosenki Walking in the forest),<br \/>\ud83c\udf32opis 6 proponowanych przeze mnie zabaw ze zwierzakami w roli g\u0142\u00f3wnej,<br \/>\ud83e\uded0 Who eats a snack?- rymowanka dzi\u0119ki kt\u00f3rej nie tylko utrwalicie nazwy zwierz\u0105t ale r\u00f3wnie\u017c poznacie kilka le\u015bnych przysmak\u00f3w,<br \/><strong>\ud83d\udcce<\/strong>3 karty pracy- idealne na zako\u0144czenie czy podsumowanie zaj\u0119\u0107 (jedna z nich w podgl\u0105dzie),<br \/>\ud83d\udd8c kolorowank\u0119- wykorzystasz j\u0105 z jednym z pomys\u0142\u00f3w<br \/>\ud83c\udf32dodatkowe materia\u0142y (memory\ud83d\udc3b\ud83d\udc3b, plakat a4 z mieszka\u0144cami lasu) wraz z propozycj\u0105 ich u\u017cycia,<br \/>\ud83e\udd73 BONUS- szablon wiewi\u00f3rki do karmienia. <\/p>\n<p>Nie musisz szuka\u0107 dalej. Ten zestaw przyda Ci si\u0119 nie raz wi\u0119c &#8230; zainwestuj w sw\u00f3j wolny czas! <\/p>\n","protected":false},"excerpt":{"rendered":"<p>Odszukajcie ukryte w tym zestawie le\u015bne zwierz\u0119ta i zapro\u015bcie je do wsp\u00f3lnej zabawy.W zestawie plik\u00f3w PDF znajdziecie:\ud83e\udd94 5 kart le\u015bnych zwierz\u0105t \ud83e\udd89\ud83e\udda8\ud83d\udc30w bajkowym klimacie (wykorzystacie je do piosenki Walking in the forest),\ud83c\udf32opis 6 proponowanych przeze mnie zabaw ze zwierzakami w roli g\u0142\u00f3wnej,\ud83e\uded0 Who eats a snack?- rymowanka dzi\u0119ki kt\u00f3rej nie tylko utrwalicie nazwy zwierz\u0105t ale&#8230;<\/p>\n","protected":false},"featured_media":2310,"comment_status":"open","ping_status":"closed","template":"","meta":{"_kad_post_transparent":"","_kad_post_title":"","_kad_post_layout":"","_kad_post_sidebar_id":"","_kad_post_content_style":"","_kad_post_vertical_padding":"","_kad_post_feature":"","_kad_post_feature_position":"","_kad_post_header":false,"_kad_post_footer":false,"jetpack_post_was_ever_published":false},"product_brand":[],"product_cat":[204,24,23,123],"product_tag":[169,171,170],"class_list":{"0":"post-2309","1":"product","2":"type-product","3":"status-publish","4":"has-post-thumbnail","6":"product_cat-animals","7":"product_cat-karty-na-zajecia","8":"product_cat-karty-pracy","9":"product_cat-pomoce-dydaktyczne","10":"product_tag-forestanimals","11":"product_tag-walkingintheforest","12":"product_tag-woodland","14":"first","15":"instock","16":"downloadable","17":"virtual","18":"taxable","19":"purchasable","20":"product-type-simple","21":"entry","22":"content-bg","23":"loop-entry"},"jetpack_sharing_enabled":true,"_links":{"self":[{"href":"https:\/\/www.firstedukit.pl\/index.php\/wp-json\/wp\/v2\/product\/2309","targetHints":{"allow":["GET"]}}],"collection":[{"href":"https:\/\/www.firstedukit.pl\/index.php\/wp-json\/wp\/v2\/product"}],"about":[{"href":"https:\/\/www.firstedukit.pl\/index.php\/wp-json\/wp\/v2\/types\/product"}],"replies":[{"embeddable":true,"href":"https:\/\/www.firstedukit.pl\/index.php\/wp-json\/wp\/v2\/comments?post=2309"}],"version-history":[{"count":2,"href":"https:\/\/www.firstedukit.pl\/index.php\/wp-json\/wp\/v2\/product\/2309\/revisions"}],"predecessor-version":[{"id":2321,"href":"https:\/\/www.firstedukit.pl\/index.php\/wp-json\/wp\/v2\/product\/2309\/revisions\/2321"}],"wp:featuredmedia":[{"embeddable":true,"href":"https:\/\/www.firstedukit.pl\/index.php\/wp-json\/wp\/v2\/media\/2310"}],"wp:attachment":[{"href":"https:\/\/www.firstedukit.pl\/index.php\/wp-json\/wp\/v2\/media?parent=2309"}],"wp:term":[{"taxonomy":"product_brand","embeddable":true,"href":"https:\/\/www.firstedukit.pl\/index.php\/wp-json\/wp\/v2\/product_brand?post=2309"},{"taxonomy":"product_cat","embeddable":true,"href":"https:\/\/www.firstedukit.pl\/index.php\/wp-json\/wp\/v2\/product_cat?post=2309"},{"taxonomy":"product_tag","embeddable":true,"href":"https:\/\/www.firstedukit.pl\/index.php\/wp-json\/wp\/v2\/product_tag?post=2309"}],"curies":[{"name":"wp","href":"https:\/\/api.w.org\/{rel}","templated":true}]}}