{"id":2331,"date":"2024-11-09T11:26:29","date_gmt":"2024-11-09T09:26:29","guid":{"rendered":"https:\/\/www.firstedukit.pl\/?post_type=product&#038;p=2331"},"modified":"2025-01-07T00:40:39","modified_gmt":"2025-01-06T22:40:39","slug":"weather-window-zabawa-na-niepogode","status":"publish","type":"product","link":"https:\/\/www.firstedukit.pl\/index.php\/product\/weather-window-zabawa-na-niepogode\/","title":{"rendered":"Weather window- zabawa na (nie)pogod\u0119"},"content":{"rendered":"<p>Weather window czyli idealna zabawa na ka\u017cd\u0105 (nie)pogod\u0119. \u2600\ufe0f\u2614\ufe0f\ud83d\udca8\u2744\ufe0f\ud83c\udf29 Po\u0142\u0105cz tematyk\u0119 le\u015bnych zwierz\u0105t z pogod\u0105 wykorzystuj\u0105c pomys\u0142 z tego zestawu. <br \/>Otwierajcie okno w rytmie wpadaj\u0105cej w ucho rymowanki i sprawdzajcie jaka jest pogoda.<br \/>W zestawie plik\u00f3w PDF otrzymujecie:<br \/>&#8211; szablon okna wraz z opisem i pomys\u0142em na jego wykorzystanie,<br \/>&#8211; 7 uroczych, bajkowych grafik zwierz\u0105t le\u015bnych na r\u00f3\u017cnej pogodzie (windy, stormy ,sunny, rainy, snowy, foggy, cloudy),<br \/>&#8211; BONUS- weather bingo.<\/p>\n<p>Korzystaj z plik\u00f3w samodzielnie albo w po\u0142\u0105czeniu z zestawem FOREST ANIMALS.<\/p>\n","protected":false},"excerpt":{"rendered":"<p>Weather window czyli idealna zabawa na ka\u017cd\u0105 (nie)pogod\u0119. \u2600\ufe0f\u2614\ufe0f\ud83d\udca8\u2744\ufe0f\ud83c\udf29 Po\u0142\u0105cz tematyk\u0119 le\u015bnych zwierz\u0105t z pogod\u0105 wykorzystuj\u0105c pomys\u0142 z tego zestawu. Otwierajcie okno w rytmie wpadaj\u0105cej w ucho rymowanki i sprawdzajcie jaka jest pogoda.W zestawie plik\u00f3w PDF otrzymujecie:&#8211; szablon okna wraz z opisem i pomys\u0142em na jego wykorzystanie,&#8211; 7 uroczych, bajkowych grafik zwierz\u0105t le\u015bnych na r\u00f3\u017cnej&#8230;<\/p>\n","protected":false},"featured_media":2332,"comment_status":"open","ping_status":"closed","template":"","meta":{"_kad_post_transparent":"","_kad_post_title":"","_kad_post_layout":"","_kad_post_sidebar_id":"","_kad_post_content_style":"","_kad_post_vertical_padding":"","_kad_post_feature":"","_kad_post_feature_position":"","_kad_post_header":false,"_kad_post_footer":false,"jetpack_post_was_ever_published":false},"product_brand":[],"product_cat":[123,202],"product_tag":[169,173,172,170],"class_list":{"0":"post-2331","1":"product","2":"type-product","3":"status-publish","4":"has-post-thumbnail","6":"product_cat-pomoce-dydaktyczne","7":"product_cat-weather","8":"product_tag-forestanimals","9":"product_tag-howistheweather","10":"product_tag-weather-2","11":"product_tag-woodland","13":"first","14":"instock","15":"downloadable","16":"virtual","17":"taxable","18":"purchasable","19":"product-type-simple","20":"entry","21":"content-bg","22":"loop-entry"},"jetpack_sharing_enabled":true,"_links":{"self":[{"href":"https:\/\/www.firstedukit.pl\/index.php\/wp-json\/wp\/v2\/product\/2331","targetHints":{"allow":["GET"]}}],"collection":[{"href":"https:\/\/www.firstedukit.pl\/index.php\/wp-json\/wp\/v2\/product"}],"about":[{"href":"https:\/\/www.firstedukit.pl\/index.php\/wp-json\/wp\/v2\/types\/product"}],"replies":[{"embeddable":true,"href":"https:\/\/www.firstedukit.pl\/index.php\/wp-json\/wp\/v2\/comments?post=2331"}],"version-history":[{"count":1,"href":"https:\/\/www.firstedukit.pl\/index.php\/wp-json\/wp\/v2\/product\/2331\/revisions"}],"predecessor-version":[{"id":2335,"href":"https:\/\/www.firstedukit.pl\/index.php\/wp-json\/wp\/v2\/product\/2331\/revisions\/2335"}],"wp:featuredmedia":[{"embeddable":true,"href":"https:\/\/www.firstedukit.pl\/index.php\/wp-json\/wp\/v2\/media\/2332"}],"wp:attachment":[{"href":"https:\/\/www.firstedukit.pl\/index.php\/wp-json\/wp\/v2\/media?parent=2331"}],"wp:term":[{"taxonomy":"product_brand","embeddable":true,"href":"https:\/\/www.firstedukit.pl\/index.php\/wp-json\/wp\/v2\/product_brand?post=2331"},{"taxonomy":"product_cat","embeddable":true,"href":"https:\/\/www.firstedukit.pl\/index.php\/wp-json\/wp\/v2\/product_cat?post=2331"},{"taxonomy":"product_tag","embeddable":true,"href":"https:\/\/www.firstedukit.pl\/index.php\/wp-json\/wp\/v2\/product_tag?post=2331"}],"curies":[{"name":"wp","href":"https:\/\/api.w.org\/{rel}","templated":true}]}}