{"id":2341,"date":"2024-11-17T01:31:01","date_gmt":"2024-11-16T23:31:01","guid":{"rendered":"https:\/\/www.firstedukit.pl\/?post_type=product&#038;p=2341"},"modified":"2025-01-07T00:39:34","modified_gmt":"2025-01-06T22:39:34","slug":"teddy-bear-zawody","status":"publish","type":"product","link":"https:\/\/www.firstedukit.pl\/index.php\/product\/teddy-bear-zawody\/","title":{"rendered":"TEDDY BEAR- zawody"},"content":{"rendered":"<p>Mi\u015b- stra\u017cak, astronauta,  a mo\u017ce kurier? W jakiego pluszaka wciel\u0105 si\u0119 Twoi podopieczni, a jakiego wybierzesz ty?<br \/>Zestaw <strong>Teddy Bear- zawody<\/strong> idealnie sprawdzi si\u0119 podczas Dnia Pluszowego Misia przy okazji &#8222;przemycaj\u0105c&#8221; lub powtarzaj\u0105c s\u0142ownictwo zwi\u0105zane z zawodami i pojazdami. <br \/>W zestawie plikow PDF otrzymujesz:<br \/>\ud83d\udc3b10 misi\u00f3w wcielaj\u0105cych si\u0119 w r\u00f3\u017cne profesje,<br \/>\ud83d\udc3b 10 pojazd\u00f3w, kt\u00f3re trzeba dopasowa\u0107 do odpowiednich zawod\u00f3w,<br \/>\ud83d\udc3b memory,<br \/>\ud83d\udc3b10 kart misi\u00f3w z podpisami lub bez,<br \/>\ud83d\udc3b kart\u0119 pracy,<br \/>\ud83d\udc3bpodpisy po<strong> polsku i angielsku,<\/strong><br \/><strong>\ud83d\udc3b<\/strong> BONUS- dodatkowy materia\u0142 do zabawy.<br \/>Materia\u0142y wykorzystasz wielokrotnie, np. powracaj\u0105c do nich ju\u017c przy okazji Andrzejek- omawiaj\u0105c r\u00f3\u017cne profesje czy w okresie letnim wprowadzaj\u0105c \u015brodki transportu. <\/p>\n","protected":false},"excerpt":{"rendered":"<p>Mi\u015b- stra\u017cak, astronauta, a mo\u017ce kurier? W jakiego pluszaka wciel\u0105 si\u0119 Twoi podopieczni, a jakiego wybierzesz ty?Zestaw Teddy Bear- zawody idealnie sprawdzi si\u0119 podczas Dnia Pluszowego Misia przy okazji &#8222;przemycaj\u0105c&#8221; lub powtarzaj\u0105c s\u0142ownictwo zwi\u0105zane z zawodami i pojazdami. W zestawie plikow PDF otrzymujesz:\ud83d\udc3b10 misi\u00f3w wcielaj\u0105cych si\u0119 w r\u00f3\u017cne profesje,\ud83d\udc3b 10 pojazd\u00f3w, kt\u00f3re trzeba dopasowa\u0107 do&#8230;<\/p>\n","protected":false},"featured_media":2342,"comment_status":"open","ping_status":"closed","template":"","meta":{"_kad_post_transparent":"","_kad_post_title":"","_kad_post_layout":"","_kad_post_sidebar_id":"","_kad_post_content_style":"","_kad_post_vertical_padding":"","_kad_post_feature":"","_kad_post_feature_position":"","_kad_post_header":false,"_kad_post_footer":false,"jetpack_post_was_ever_published":false},"product_brand":[],"product_cat":[24,23,123,203],"product_tag":[181,180,177,174,176,178,179],"class_list":{"0":"post-2341","1":"product","2":"type-product","3":"status-publish","4":"has-post-thumbnail","6":"product_cat-karty-na-zajecia","7":"product_cat-karty-pracy","8":"product_cat-pomoce-dydaktyczne","9":"product_cat-special-days","10":"product_tag-dzienmisia","11":"product_tag-pojazdy","12":"product_tag-professions","13":"product_tag-teddybear","14":"product_tag-teddybearday","15":"product_tag-vehicle","16":"product_tag-zawody-2","18":"first","19":"instock","20":"downloadable","21":"virtual","22":"taxable","23":"purchasable","24":"product-type-simple","25":"entry","26":"content-bg","27":"loop-entry"},"jetpack_sharing_enabled":true,"_links":{"self":[{"href":"https:\/\/www.firstedukit.pl\/index.php\/wp-json\/wp\/v2\/product\/2341","targetHints":{"allow":["GET"]}}],"collection":[{"href":"https:\/\/www.firstedukit.pl\/index.php\/wp-json\/wp\/v2\/product"}],"about":[{"href":"https:\/\/www.firstedukit.pl\/index.php\/wp-json\/wp\/v2\/types\/product"}],"replies":[{"embeddable":true,"href":"https:\/\/www.firstedukit.pl\/index.php\/wp-json\/wp\/v2\/comments?post=2341"}],"version-history":[{"count":1,"href":"https:\/\/www.firstedukit.pl\/index.php\/wp-json\/wp\/v2\/product\/2341\/revisions"}],"predecessor-version":[{"id":2349,"href":"https:\/\/www.firstedukit.pl\/index.php\/wp-json\/wp\/v2\/product\/2341\/revisions\/2349"}],"wp:featuredmedia":[{"embeddable":true,"href":"https:\/\/www.firstedukit.pl\/index.php\/wp-json\/wp\/v2\/media\/2342"}],"wp:attachment":[{"href":"https:\/\/www.firstedukit.pl\/index.php\/wp-json\/wp\/v2\/media?parent=2341"}],"wp:term":[{"taxonomy":"product_brand","embeddable":true,"href":"https:\/\/www.firstedukit.pl\/index.php\/wp-json\/wp\/v2\/product_brand?post=2341"},{"taxonomy":"product_cat","embeddable":true,"href":"https:\/\/www.firstedukit.pl\/index.php\/wp-json\/wp\/v2\/product_cat?post=2341"},{"taxonomy":"product_tag","embeddable":true,"href":"https:\/\/www.firstedukit.pl\/index.php\/wp-json\/wp\/v2\/product_tag?post=2341"}],"curies":[{"name":"wp","href":"https:\/\/api.w.org\/{rel}","templated":true}]}}