{"id":2362,"date":"2024-11-22T18:45:18","date_gmt":"2024-11-22T16:45:18","guid":{"rendered":"https:\/\/www.firstedukit.pl\/?post_type=product&#038;p=2362"},"modified":"2025-01-07T00:37:46","modified_gmt":"2025-01-06T22:37:46","slug":"tim-and-rain","status":"publish","type":"product","link":"https:\/\/www.firstedukit.pl\/index.php\/product\/tim-and-rain\/","title":{"rendered":"Tim and rain"},"content":{"rendered":"<p>Poznaj Tima i jego ulubion\u0105 pogod\u0119. Dzi\u0119ki rymowanej historyjce i przygotowanych do niej elementach stworzysz mini spektakl, kt\u00f3ry przyci\u0105gnie uwag\u0119 zar\u00f3wno m\u0142odszych jak i starszych. <br \/>W zestawie plik\u00f3w <strong>pdf<\/strong> znajdziesz:<br \/>&#8211; deszczow\u0105 histori\u0119 a w niej zmiany pogody (deszcz, wiatr, s\u0142o\u0144ce) + opis jej wprowadzenia,<br \/>&#8211; 6 flashcards do opowiadania z deszczowymi s\u0142\u00f3wkami (raincoat, puddle, raindrop, wellies, umbrella, rain),<br \/>&#8211; kart\u0119 pracy (uzupe\u0142nianie zda\u0144 za pomoc\u0105 obrazk\u00f3w),<br \/>&#8211; BONUS- zimowe i letnie ubrania dla Tima<\/p>\n","protected":false},"excerpt":{"rendered":"<p>Poznaj Tima i jego ulubion\u0105 pogod\u0119. Dzi\u0119ki rymowanej historyjce i przygotowanych do niej elementach stworzysz mini spektakl, kt\u00f3ry przyci\u0105gnie uwag\u0119 zar\u00f3wno m\u0142odszych jak i starszych. W zestawie plik\u00f3w pdf znajdziesz:&#8211; deszczow\u0105 histori\u0119 a w niej zmiany pogody (deszcz, wiatr, s\u0142o\u0144ce) + opis jej wprowadzenia,&#8211; 6 flashcards do opowiadania z deszczowymi s\u0142\u00f3wkami (raincoat, puddle, raindrop, wellies,&#8230;<\/p>\n","protected":false},"featured_media":2365,"comment_status":"open","ping_status":"closed","template":"","meta":{"_kad_post_transparent":"","_kad_post_title":"","_kad_post_layout":"","_kad_post_sidebar_id":"","_kad_post_content_style":"","_kad_post_vertical_padding":"","_kad_post_feature":"","_kad_post_feature_position":"","_kad_post_header":false,"_kad_post_footer":false,"jetpack_post_was_ever_published":false},"product_brand":[],"product_cat":[24,23,123,202],"product_tag":[182],"class_list":{"0":"post-2362","1":"product","2":"type-product","3":"status-publish","4":"has-post-thumbnail","6":"product_cat-karty-na-zajecia","7":"product_cat-karty-pracy","8":"product_cat-pomoce-dydaktyczne","9":"product_cat-weather","10":"product_tag-rain","12":"first","13":"instock","14":"downloadable","15":"virtual","16":"taxable","17":"purchasable","18":"product-type-simple","19":"entry","20":"content-bg","21":"loop-entry"},"jetpack_sharing_enabled":true,"_links":{"self":[{"href":"https:\/\/www.firstedukit.pl\/index.php\/wp-json\/wp\/v2\/product\/2362","targetHints":{"allow":["GET"]}}],"collection":[{"href":"https:\/\/www.firstedukit.pl\/index.php\/wp-json\/wp\/v2\/product"}],"about":[{"href":"https:\/\/www.firstedukit.pl\/index.php\/wp-json\/wp\/v2\/types\/product"}],"replies":[{"embeddable":true,"href":"https:\/\/www.firstedukit.pl\/index.php\/wp-json\/wp\/v2\/comments?post=2362"}],"version-history":[{"count":1,"href":"https:\/\/www.firstedukit.pl\/index.php\/wp-json\/wp\/v2\/product\/2362\/revisions"}],"predecessor-version":[{"id":2370,"href":"https:\/\/www.firstedukit.pl\/index.php\/wp-json\/wp\/v2\/product\/2362\/revisions\/2370"}],"wp:featuredmedia":[{"embeddable":true,"href":"https:\/\/www.firstedukit.pl\/index.php\/wp-json\/wp\/v2\/media\/2365"}],"wp:attachment":[{"href":"https:\/\/www.firstedukit.pl\/index.php\/wp-json\/wp\/v2\/media?parent=2362"}],"wp:term":[{"taxonomy":"product_brand","embeddable":true,"href":"https:\/\/www.firstedukit.pl\/index.php\/wp-json\/wp\/v2\/product_brand?post=2362"},{"taxonomy":"product_cat","embeddable":true,"href":"https:\/\/www.firstedukit.pl\/index.php\/wp-json\/wp\/v2\/product_cat?post=2362"},{"taxonomy":"product_tag","embeddable":true,"href":"https:\/\/www.firstedukit.pl\/index.php\/wp-json\/wp\/v2\/product_tag?post=2362"}],"curies":[{"name":"wp","href":"https:\/\/api.w.org\/{rel}","templated":true}]}}