{"id":2399,"date":"2024-11-25T09:10:07","date_gmt":"2024-11-25T07:10:07","guid":{"rendered":"https:\/\/www.firstedukit.pl\/?post_type=product&#038;p=2399"},"modified":"2025-01-07T00:32:41","modified_gmt":"2025-01-06T22:32:41","slug":"winter-winter-everywhere","status":"publish","type":"product","link":"https:\/\/www.firstedukit.pl\/index.php\/product\/winter-winter-everywhere\/","title":{"rendered":"Winter winter everywhere"},"content":{"rendered":"<p>Szukasz gotowych materia\u0142\u00f3w, kt\u00f3re wprowadz\u0105 zimow\u0105 magi\u0119 do nauki j\u0119zyka angielskiego? Idealnie! Ten zestaw plik\u00f3w <strong>pdf<\/strong> to rozwi\u0105zanie dla wszystkich tych, kt\u00f3rzy chc\u0105 zaoszcz\u0119dzi\u0107 sw\u00f3j czas jednocze\u015bnie prowadz\u0105c kreatywne i anga\u017cuj\u0105ce zaj\u0119cia. <br \/>Co znajdziesz w zestawie?<br \/>\u2744\ufe0f \u0142\u0105cznie <strong>36 stron r\u00f3\u017cnorodnych materia\u0142\u00f3w dydaktycznych<\/strong>, w tym:<br \/>-Kolorowe <strong>flashcards<\/strong> zwi\u0105zane z zimow\u0105 tematyk\u0105.<br \/>-Szablony do zabaw i \u0107wicze\u0144.<br \/>&#8211;<strong>Rockowy ba\u0142wanek<\/strong> i jego 7 emocji \u2013 doskona\u0142e narz\u0119dzie do nauki lub powt\u00f3rki s\u0142ownictwa zwi\u0105zanego z emocjami,<br \/>&#8211;  \ud83c\udfb5 nauka przez zabaw\u0119 i muzyk\u0119- karty wspieraj\u0105ce nauk\u0119 nowej piosenki<br \/>\u2744\ufe0f <strong>8 dok\u0142adnie opisanych pomys\u0142\u00f3w na zimowe zabawy<\/strong>, kt\u00f3re sprawi\u0105, \u017ce Twoje zaj\u0119cia b\u0119d\u0105 niezapomniane!<br \/>W\u015br\u00f3d nich m.in.<br \/>Zabawy sensoryczne.<br \/>Odkodowywanie ukrytego hase\u0142.<br \/>Zabawa z kostk\u0105 lodu.<br \/>Ekscytuj\u0105ce \u201eod\u015bnie\u017canie\u201d.<\/p>\n<p>Dlaczego warto?<br \/>\u2714\ufe0f <strong>Oszcz\u0119dno\u015b\u0107 czasu<\/strong> \u2013 koniec z mozolnym przygotowywaniem pomocy dydaktycznych!<br \/>\u2714\ufe0f <strong>Pobudzanie kreatywno\u015bci<\/strong> \u2013 inspiruj\u0105ce propozycje zabaw, kt\u00f3re ucz\u0105 przez dzia\u0142anie.<br \/>\u2714\ufe0f <strong>Uniwersalno\u015b\u0107<\/strong> \u2013 materia\u0142y \u015bwietnie sprawdz\u0105 si\u0119 w pracy z dzie\u0107mi w r\u00f3\u017cnym wieku.<br \/>\u2714\ufe0f <strong>Zabawa i edukacja w jednym<\/strong> \u2013 zimowa atmosfera po\u0142\u0105czona z nauk\u0105 j\u0119zyka angielskiego.<br \/>Nie pozw\u00f3l, by zima by\u0142a nudna! Wprowad\u017a do swoich zaj\u0119\u0107 atmosfer\u0119 rado\u015bci, kreatywno\u015bci i efektywnej nauki dzi\u0119ki temu zestawowi. \ud83c\udfa8\u2744\ufe0f<\/p>\n","protected":false},"excerpt":{"rendered":"<p><\/p>\n","protected":false},"featured_media":2414,"comment_status":"open","ping_status":"closed","template":"","meta":{"_kad_post_transparent":"","_kad_post_title":"","_kad_post_layout":"","_kad_post_sidebar_id":"","_kad_post_content_style":"","_kad_post_vertical_padding":"","_kad_post_feature":"","_kad_post_feature_position":"","_kad_post_header":false,"_kad_post_footer":false,"jetpack_post_was_ever_published":false},"product_brand":[],"product_cat":[15,24,123,201],"product_tag":[150,184,183],"class_list":{"0":"post-2399","1":"product","2":"type-product","3":"status-publish","4":"has-post-thumbnail","6":"product_cat-e-booki","7":"product_cat-karty-na-zajecia","8":"product_cat-pomoce-dydaktyczne","9":"product_cat-seasons","10":"product_tag-emotions","11":"product_tag-snowman","12":"product_tag-winter-2","14":"first","15":"instock","16":"downloadable","17":"virtual","18":"taxable","19":"purchasable","20":"product-type-simple","21":"entry","22":"content-bg","23":"loop-entry"},"jetpack_sharing_enabled":true,"_links":{"self":[{"href":"https:\/\/www.firstedukit.pl\/index.php\/wp-json\/wp\/v2\/product\/2399","targetHints":{"allow":["GET"]}}],"collection":[{"href":"https:\/\/www.firstedukit.pl\/index.php\/wp-json\/wp\/v2\/product"}],"about":[{"href":"https:\/\/www.firstedukit.pl\/index.php\/wp-json\/wp\/v2\/types\/product"}],"replies":[{"embeddable":true,"href":"https:\/\/www.firstedukit.pl\/index.php\/wp-json\/wp\/v2\/comments?post=2399"}],"version-history":[{"count":1,"href":"https:\/\/www.firstedukit.pl\/index.php\/wp-json\/wp\/v2\/product\/2399\/revisions"}],"predecessor-version":[{"id":2412,"href":"https:\/\/www.firstedukit.pl\/index.php\/wp-json\/wp\/v2\/product\/2399\/revisions\/2412"}],"wp:featuredmedia":[{"embeddable":true,"href":"https:\/\/www.firstedukit.pl\/index.php\/wp-json\/wp\/v2\/media\/2414"}],"wp:attachment":[{"href":"https:\/\/www.firstedukit.pl\/index.php\/wp-json\/wp\/v2\/media?parent=2399"}],"wp:term":[{"taxonomy":"product_brand","embeddable":true,"href":"https:\/\/www.firstedukit.pl\/index.php\/wp-json\/wp\/v2\/product_brand?post=2399"},{"taxonomy":"product_cat","embeddable":true,"href":"https:\/\/www.firstedukit.pl\/index.php\/wp-json\/wp\/v2\/product_cat?post=2399"},{"taxonomy":"product_tag","embeddable":true,"href":"https:\/\/www.firstedukit.pl\/index.php\/wp-json\/wp\/v2\/product_tag?post=2399"}],"curies":[{"name":"wp","href":"https:\/\/api.w.org\/{rel}","templated":true}]}}