{"id":2493,"date":"2024-12-09T22:02:12","date_gmt":"2024-12-09T20:02:12","guid":{"rendered":"https:\/\/www.firstedukit.pl\/?post_type=product&#038;p=2493"},"modified":"2025-01-07T00:36:42","modified_gmt":"2025-01-06T22:36:42","slug":"christmas-everywhere-swiateczny-e-book-pomoce","status":"publish","type":"product","link":"https:\/\/www.firstedukit.pl\/index.php\/product\/christmas-everywhere-swiateczny-e-book-pomoce\/","title":{"rendered":"CHRISTMAS EVERYWHERE- \u015bwi\u0105teczny e-book+ pomoce"},"content":{"rendered":"\n<p>CHRISTMAS everywhere- to zestaw, kt\u00f3ry pomo\u017ce Ci przygotowa\u0107 \u015bwi\u0105teczne zaj\u0119cia bez spiny! W \u015brodku znajdziesz mini e-book z dok\u0142adnymi opisami zabaw a do niego <strong>a\u017c 12 <\/strong>plik\u00f3w pdf<strong>, <\/strong>\u0142\u0105cznie<strong> 79 stron pomocy! <\/strong>Dzi\u0119ki opracowanym przeze mnie materia\u0142om w \u015bwi\u0105tecznym klimacie, nuc\u0105c <strong><em>Jingle bells <\/em><\/strong> pod nosem:<br>\u2728powt\u00f3rzycie kolory oraz utrwalicie\/ wprowadzicie cz\u0142onk\u00f3w rodziny,                                                                                                                                                 \u2728 poznacie nazwy popularnych prezent\u00f3w, m.in. dron, hulajnoga, smartfon,                                                                                                                    \u2728mo\u017cliwe, \u017ce poca\u0142ujecie kogo\u015b pod jemio\u0142\u0105 \ud83d\ude1a,                                                                                                                                                                                       \u2728 pomo\u017cecie Miko\u0142ajowi pozbiera\u0107 prezenty, kt\u00f3re zgubi\u0142 podczas podr\u00f3\u017cy,                                                                                                                     \u2728b\u0119dziecie jecha\u0107 w <em>one-horse open sleight<\/em>,                                                                                                                                                                                \u2728odszukacie zagubione w \u015bniegu \u015bwi\u0105teczne ozdoby,                                                                                                                                                                           \u2728i oczwyi\u015bcie <em>decorate the Christmas tree<\/em>.<\/p>\n\n\n\n<p>Brakuje Ci pomys\u0142\u00f3w na zaj\u0119cia \u015bwi\u0105teczne, a mo\u017ce co roku powtarzasz to samo? Z tym zestawem z pewno\u015bci\u0105 wprowadzisz do swoich lekcji : 1k \u015bwi\u0105tecznej atmosfery, 2 szczypty humoru i 3\u0142y\u017cki zaanga\u017cowania. Po wymieszaniu otrzymasz mas\u0119 czasu. kt\u00f3ry mo\u017cesz przeznaczy\u0107 na&#8230; pieczenie pierniczk\u00f3w, mycie okien ;p albo przegl\u0105danie mojego sklepu i bloga w poszukiwaniu nowych materia\u0142\u00f3w \ud83d\ude42<\/p>\n\n\n\n<p><\/p>\n","protected":false},"excerpt":{"rendered":"<p>CHRISTMAS everywhere- to zestaw, kt\u00f3ry pomo\u017ce Ci przygotowa\u0107 \u015bwi\u0105teczne zaj\u0119cia bez spiny! W \u015brodku znajdziesz mini e-book z dok\u0142adnymi opisami zabaw a do niego a\u017c 12 plik\u00f3w pdf, \u0142\u0105cznie 79 stron pomocy! Dzi\u0119ki opracowanym przeze mnie materia\u0142om w \u015bwi\u0105tecznym klimacie, nuc\u0105c Jingle bells pod nosem:\u2728powt\u00f3rzycie kolory oraz utrwalicie\/ wprowadzicie cz\u0142onk\u00f3w rodziny, \u2728 poznacie nazwy popularnych&#8230;<\/p>\n","protected":false},"featured_media":2496,"comment_status":"open","ping_status":"closed","template":"","meta":{"_kad_post_transparent":"","_kad_post_title":"","_kad_post_layout":"","_kad_post_sidebar_id":"","_kad_post_content_style":"","_kad_post_vertical_padding":"","_kad_post_feature":"","_kad_post_feature_position":"","_kad_post_header":false,"_kad_post_footer":false,"jetpack_post_was_ever_published":false},"product_brand":[],"product_cat":[205,15,24,23,123,206],"product_tag":[],"class_list":{"0":"post-2493","1":"product","2":"type-product","3":"status-publish","4":"has-post-thumbnail","6":"product_cat-christmas","7":"product_cat-e-booki","8":"product_cat-karty-na-zajecia","9":"product_cat-karty-pracy","10":"product_cat-pomoce-dydaktyczne","11":"product_cat-winter","13":"first","14":"instock","15":"downloadable","16":"taxable","17":"shipping-taxable","18":"purchasable","19":"product-type-simple","20":"entry","21":"content-bg","22":"loop-entry"},"jetpack_sharing_enabled":true,"_links":{"self":[{"href":"https:\/\/www.firstedukit.pl\/index.php\/wp-json\/wp\/v2\/product\/2493","targetHints":{"allow":["GET"]}}],"collection":[{"href":"https:\/\/www.firstedukit.pl\/index.php\/wp-json\/wp\/v2\/product"}],"about":[{"href":"https:\/\/www.firstedukit.pl\/index.php\/wp-json\/wp\/v2\/types\/product"}],"replies":[{"embeddable":true,"href":"https:\/\/www.firstedukit.pl\/index.php\/wp-json\/wp\/v2\/comments?post=2493"}],"version-history":[{"count":1,"href":"https:\/\/www.firstedukit.pl\/index.php\/wp-json\/wp\/v2\/product\/2493\/revisions"}],"predecessor-version":[{"id":2494,"href":"https:\/\/www.firstedukit.pl\/index.php\/wp-json\/wp\/v2\/product\/2493\/revisions\/2494"}],"wp:featuredmedia":[{"embeddable":true,"href":"https:\/\/www.firstedukit.pl\/index.php\/wp-json\/wp\/v2\/media\/2496"}],"wp:attachment":[{"href":"https:\/\/www.firstedukit.pl\/index.php\/wp-json\/wp\/v2\/media?parent=2493"}],"wp:term":[{"taxonomy":"product_brand","embeddable":true,"href":"https:\/\/www.firstedukit.pl\/index.php\/wp-json\/wp\/v2\/product_brand?post=2493"},{"taxonomy":"product_cat","embeddable":true,"href":"https:\/\/www.firstedukit.pl\/index.php\/wp-json\/wp\/v2\/product_cat?post=2493"},{"taxonomy":"product_tag","embeddable":true,"href":"https:\/\/www.firstedukit.pl\/index.php\/wp-json\/wp\/v2\/product_tag?post=2493"}],"curies":[{"name":"wp","href":"https:\/\/api.w.org\/{rel}","templated":true}]}}