{"id":2554,"date":"2025-01-12T19:25:21","date_gmt":"2025-01-12T17:25:21","guid":{"rendered":"https:\/\/www.firstedukit.pl\/?post_type=product&#038;p=2554"},"modified":"2025-01-18T13:12:54","modified_gmt":"2025-01-18T11:12:54","slug":"winter-rules-bezpieczne-zabawy","status":"publish","type":"product","link":"https:\/\/www.firstedukit.pl\/index.php\/product\/winter-rules-bezpieczne-zabawy\/","title":{"rendered":"Winter rules- bezpieczne zabawy"},"content":{"rendered":"","protected":false},"excerpt":{"rendered":"<p>\u2745WINTER RULES\u2745 to karty i podpisy do wykorzystania i po <strong>polsku <\/strong> i po <strong>angielsku. <\/strong><br \/>Wykorzystaj je podczas zimowych zaj\u0119\u0107, przygotuj z nich <strong>gazetk\u0119<\/strong> lub przeprowad\u017a lekcj\u0119 dotycz\u0105c\u0105 bezpiecze\u0144stwa na zbli\u017caj\u0105ce si\u0119 ferie. Zimowe zasady prezentuj\u0105 realistycznie wygl\u0105daj\u0105ce zwierz\u0119ta polarne wi\u0119c od razu po\u0142\u0105czysz tematyk\u0119 bezpiecznego wypoczynku z powt\u00f3rk\u0105  lub wprowadzeniem <strong>polar animals<\/strong>!<br \/>Dzi\u0119ki zestawowi <strong>plik\u00f3w pdf<\/strong> wprowadzisz;<br \/>\u27454 kluczowe zasady podczas zimowych zabaw,<br \/>\u2745<strong>winter safety rules- <\/strong>5 bezpiecznych i 5 niebezpiecznych zabaw, kt\u00f3re prezentuj\u0105 urocze zwierz\u0119ta polarne,<br \/>\u274511 nazw zimowych aktywno\u015bci z dzie\u0107mi w roli g\u0142\u00f3wnej,<br \/>a w <strong>BONUSIE <\/strong>otrzymasz zimowy s\u0142owniczek- kt\u00f3ry mo\u017cesz wykorzysta\u0107 jako prezentacj\u0119 lub rozda\u0107 uczniom jako wklejk\u0119 do zeszytu. <\/p>\n<p><\/p>\n","protected":false},"featured_media":2555,"comment_status":"open","ping_status":"closed","template":"","meta":{"_kad_post_transparent":"","_kad_post_title":"","_kad_post_layout":"","_kad_post_sidebar_id":"","_kad_post_content_style":"","_kad_post_vertical_padding":"","_kad_post_feature":"","_kad_post_feature_position":"","_kad_post_header":false,"_kad_post_footer":false,"jetpack_post_was_ever_published":false},"product_brand":[],"product_cat":[24,207,123,206],"product_tag":[],"class_list":{"0":"post-2554","1":"product","2":"type-product","3":"status-publish","4":"has-post-thumbnail","6":"product_cat-karty-na-zajecia","7":"product_cat-na-zajecia-po-polsku","8":"product_cat-pomoce-dydaktyczne","9":"product_cat-winter","11":"first","12":"instock","13":"downloadable","14":"virtual","15":"taxable","16":"purchasable","17":"product-type-simple","18":"entry","19":"content-bg","20":"loop-entry"},"jetpack_sharing_enabled":true,"_links":{"self":[{"href":"https:\/\/www.firstedukit.pl\/index.php\/wp-json\/wp\/v2\/product\/2554","targetHints":{"allow":["GET"]}}],"collection":[{"href":"https:\/\/www.firstedukit.pl\/index.php\/wp-json\/wp\/v2\/product"}],"about":[{"href":"https:\/\/www.firstedukit.pl\/index.php\/wp-json\/wp\/v2\/types\/product"}],"replies":[{"embeddable":true,"href":"https:\/\/www.firstedukit.pl\/index.php\/wp-json\/wp\/v2\/comments?post=2554"}],"version-history":[{"count":1,"href":"https:\/\/www.firstedukit.pl\/index.php\/wp-json\/wp\/v2\/product\/2554\/revisions"}],"predecessor-version":[{"id":2563,"href":"https:\/\/www.firstedukit.pl\/index.php\/wp-json\/wp\/v2\/product\/2554\/revisions\/2563"}],"wp:featuredmedia":[{"embeddable":true,"href":"https:\/\/www.firstedukit.pl\/index.php\/wp-json\/wp\/v2\/media\/2555"}],"wp:attachment":[{"href":"https:\/\/www.firstedukit.pl\/index.php\/wp-json\/wp\/v2\/media?parent=2554"}],"wp:term":[{"taxonomy":"product_brand","embeddable":true,"href":"https:\/\/www.firstedukit.pl\/index.php\/wp-json\/wp\/v2\/product_brand?post=2554"},{"taxonomy":"product_cat","embeddable":true,"href":"https:\/\/www.firstedukit.pl\/index.php\/wp-json\/wp\/v2\/product_cat?post=2554"},{"taxonomy":"product_tag","embeddable":true,"href":"https:\/\/www.firstedukit.pl\/index.php\/wp-json\/wp\/v2\/product_tag?post=2554"}],"curies":[{"name":"wp","href":"https:\/\/api.w.org\/{rel}","templated":true}]}}