{"id":2602,"date":"2025-02-02T12:27:56","date_gmt":"2025-02-02T10:27:56","guid":{"rendered":"https:\/\/www.firstedukit.pl\/?post_type=product&#038;p=2602"},"modified":"2025-02-10T21:52:58","modified_gmt":"2025-02-10T19:52:58","slug":"polar-bear-zimowe-aktywnosci-i-emocje","status":"publish","type":"product","link":"https:\/\/www.firstedukit.pl\/index.php\/product\/polar-bear-zimowe-aktywnosci-i-emocje\/","title":{"rendered":"Polar bear- zimowe aktywno\u015bci i emocje"},"content":{"rendered":"<p>Kolejny zimowy zestaw <strong>plik\u00f3w pdf<\/strong> przygotowany <strong>po polsku i angielsku <\/strong>w , w kt\u00f3rym tym razem znajdziecie:<br \/>\u2744\ufe0f 2 rymowanki z nied\u017awiadkiem polarnym w roli g\u0142\u00f3wnej- <em>poznajcie aktywno\u015bci tj. jazda na sankach, na snowboardzie, \u0142y\u017cwach, nartach, lepienie ba\u0142wana, robienie anio\u0142k\u00f3w w \u015bniegu.<\/em> <em>Wykorzystaj przygotowane elementy i przygotuj dzieciom mini teatrzyk<\/em>,<br \/>\u2744\ufe0f polarna powt\u00f3rka z emocji- <em>sprawd\u017acie jakie emocje towarzysz\u0105 polarnym zwierzakom- kt\u00f3re z nich jest wyczerpane, a kt\u00f3re zakochane?<\/em> <em>To za ma\u0142o? Wykorzystajcie rozsypank\u0119 wyrazow\u0105 do uk\u0142adania zda\u0144.<\/em><br \/>\u2744\ufe0f bingo- <em>powt\u00f3rzcie nazwy<\/em> zwierz\u0105t<em> i ich emocji graj\u0105c w bingo<\/em>,<br \/>\u2744\ufe0f portrety-<em> sprawd\u017acie jak uroczo wygl\u0105daj\u0105 zwierz\u0119ta polarne w zimowych ubraniach, mo\u017ce uda Wam si\u0119 zrobi\u0107 podobne zdj\u0119cia?<\/em> <br \/>\u2744\ufe0f3 BONUSY- <em>odkryjcie 3 zimowe bonusy (2 rymowanki + kolorowanka inaczej z pomys\u0142ami na jej wykorzystanie)<\/em>.<br \/>Wykorzystuj materia\u0142y na wiele innych sposob\u00f3w w grach, zabawach Do dyspozycji masz \u0142\u0105cznie 51 stron opis\u00f3w i materia\u0142\u00f3w do wykorzystania na swoich zimowych zaj\u0119ciach.<\/p>\n","protected":false},"excerpt":{"rendered":"<p>Kolejny zimowy zestaw plik\u00f3w pdf przygotowany po polsku i angielsku w , w kt\u00f3rym tym razem znajdziecie:\u2744\ufe0f 2 rymowanki z nied\u017awiadkiem polarnym w roli g\u0142\u00f3wnej- poznajcie aktywno\u015bci tj. jazda na sankach, na snowboardzie, \u0142y\u017cwach, nartach, lepienie ba\u0142wana, robienie anio\u0142k\u00f3w w \u015bniegu. Wykorzystaj przygotowane elementy i przygotuj dzieciom mini teatrzyk,\u2744\ufe0f polarna powt\u00f3rka z emocji- sprawd\u017acie jakie&#8230;<\/p>\n","protected":false},"featured_media":2603,"comment_status":"open","ping_status":"closed","template":"","meta":{"_kad_post_transparent":"","_kad_post_title":"","_kad_post_layout":"","_kad_post_sidebar_id":"","_kad_post_content_style":"","_kad_post_vertical_padding":"","_kad_post_feature":"","_kad_post_feature_position":"","_kad_post_header":false,"_kad_post_footer":false,"jetpack_post_was_ever_published":false},"product_brand":[],"product_cat":[204,24,23,207,123,206],"product_tag":[93,219,45,47],"class_list":{"0":"post-2602","1":"product","2":"type-product","3":"status-publish","4":"has-post-thumbnail","6":"product_cat-animals","7":"product_cat-karty-na-zajecia","8":"product_cat-karty-pracy","9":"product_cat-na-zajecia-po-polsku","10":"product_cat-pomoce-dydaktyczne","11":"product_cat-winter","12":"product_tag-animals","13":"product_tag-polaranimals","14":"product_tag-winter","15":"product_tag-winter-activities","17":"first","18":"instock","19":"downloadable","20":"virtual","21":"taxable","22":"purchasable","23":"product-type-simple","24":"entry","25":"content-bg","26":"loop-entry"},"jetpack_sharing_enabled":true,"_links":{"self":[{"href":"https:\/\/www.firstedukit.pl\/index.php\/wp-json\/wp\/v2\/product\/2602","targetHints":{"allow":["GET"]}}],"collection":[{"href":"https:\/\/www.firstedukit.pl\/index.php\/wp-json\/wp\/v2\/product"}],"about":[{"href":"https:\/\/www.firstedukit.pl\/index.php\/wp-json\/wp\/v2\/types\/product"}],"replies":[{"embeddable":true,"href":"https:\/\/www.firstedukit.pl\/index.php\/wp-json\/wp\/v2\/comments?post=2602"}],"version-history":[{"count":1,"href":"https:\/\/www.firstedukit.pl\/index.php\/wp-json\/wp\/v2\/product\/2602\/revisions"}],"predecessor-version":[{"id":2611,"href":"https:\/\/www.firstedukit.pl\/index.php\/wp-json\/wp\/v2\/product\/2602\/revisions\/2611"}],"wp:featuredmedia":[{"embeddable":true,"href":"https:\/\/www.firstedukit.pl\/index.php\/wp-json\/wp\/v2\/media\/2603"}],"wp:attachment":[{"href":"https:\/\/www.firstedukit.pl\/index.php\/wp-json\/wp\/v2\/media?parent=2602"}],"wp:term":[{"taxonomy":"product_brand","embeddable":true,"href":"https:\/\/www.firstedukit.pl\/index.php\/wp-json\/wp\/v2\/product_brand?post=2602"},{"taxonomy":"product_cat","embeddable":true,"href":"https:\/\/www.firstedukit.pl\/index.php\/wp-json\/wp\/v2\/product_cat?post=2602"},{"taxonomy":"product_tag","embeddable":true,"href":"https:\/\/www.firstedukit.pl\/index.php\/wp-json\/wp\/v2\/product_tag?post=2602"}],"curies":[{"name":"wp","href":"https:\/\/api.w.org\/{rel}","templated":true}]}}