{"id":2652,"date":"2025-03-22T18:29:25","date_gmt":"2025-03-22T16:29:25","guid":{"rendered":"https:\/\/www.firstedukit.pl\/?post_type=product&#038;p=2652"},"modified":"2025-03-23T22:49:20","modified_gmt":"2025-03-23T20:49:20","slug":"ssring-spring-everywhere","status":"publish","type":"product","link":"https:\/\/www.firstedukit.pl\/index.php\/product\/ssring-spring-everywhere\/","title":{"rendered":"SPRING, SPRING everywhere"},"content":{"rendered":"<p>Spring, spring everywhere to zestaw <strong>plik\u00f3w pdf<\/strong> przygotowany na wiosenne zaj\u0119cia. Tematem przewodnim s\u0105 wiosenne kwiaty tj. przebi\u015bnieg, \u017conkil, hiacynt, tulipan czy krokus.  B\u0119dziecie je &#8222;sadzi\u0107&#8221;, uk\u0142ada\u0107 wiosenne bukiety wg podanych rytm\u00f3w i bawi\u0107 si\u0119 matematycznie przeliczaj\u0105c, uk\u0142adaj\u0105c wg kolor\u00f3w\/ liczebno\u015bci czy rodzaju. Wyruszycie te\u017c na spring flower hunt. Dzi\u0119ki prostej historyjce, piosence i przygotowanym do niej zabawom poznacie uproszczony cykl wzrostu ro\u015bliny czyli od nasionka do kwiatu\/ drzewa. Karty pracy pomog\u0105 utrwali\u0107 ca\u0142\u0105 wiedz\u0119. A je\u015bli dopiero zaczynasz wiosenne tematy to&#8230; znajdziesz te\u017c rymowany wierszyk o jej oznakach i przygotowan\u0105 do niej plansz\u0119.  Tw\u00f3rzcie zdania u\u017cywaj\u0105c struktur &#8222;It&#8217;s a&#8230; &#8222;, &#8222;I have a&#8230;&#8221; przy wykorzystaniu tego wiosennego tematu rymuj\u0105c, \u015bpiewaj\u0105c i \u015bwietnie si\u0119 bawi\u0105c. <\/p>\n","protected":false},"excerpt":{"rendered":"<p>Spring, spring everywhere to zestaw plik\u00f3w pdf przygotowany na wiosenne zaj\u0119cia. Tematem przewodnim s\u0105 wiosenne kwiaty tj. przebi\u015bnieg, \u017conkil, hiacynt, tulipan czy krokus. B\u0119dziecie je &#8222;sadzi\u0107&#8221;, uk\u0142ada\u0107 wiosenne bukiety wg podanych rytm\u00f3w i bawi\u0107 si\u0119 matematycznie przeliczaj\u0105c, uk\u0142adaj\u0105c wg kolor\u00f3w\/ liczebno\u015bci czy rodzaju. Wyruszycie te\u017c na spring flower hunt. Dzi\u0119ki prostej historyjce, piosence i przygotowanym&#8230;<\/p>\n","protected":false},"featured_media":2653,"comment_status":"open","ping_status":"closed","template":"","meta":{"_kad_post_transparent":"","_kad_post_title":"","_kad_post_layout":"","_kad_post_sidebar_id":"","_kad_post_content_style":"","_kad_post_vertical_padding":"","_kad_post_feature":"","_kad_post_feature_position":"","_kad_post_header":false,"_kad_post_footer":false,"jetpack_post_was_ever_published":false},"product_brand":[],"product_cat":[15,24,23,123,212],"product_tag":[221,222,110],"class_list":{"0":"post-2652","1":"product","2":"type-product","3":"status-publish","4":"has-post-thumbnail","6":"product_cat-e-booki","7":"product_cat-karty-na-zajecia","8":"product_cat-karty-pracy","9":"product_cat-pomoce-dydaktyczne","10":"product_cat-spring","11":"product_tag-flowers","12":"product_tag-seed","13":"product_tag-spring","15":"first","16":"instock","17":"downloadable","18":"virtual","19":"taxable","20":"purchasable","21":"product-type-simple","22":"entry","23":"content-bg","24":"loop-entry"},"jetpack_sharing_enabled":true,"_links":{"self":[{"href":"https:\/\/www.firstedukit.pl\/index.php\/wp-json\/wp\/v2\/product\/2652","targetHints":{"allow":["GET"]}}],"collection":[{"href":"https:\/\/www.firstedukit.pl\/index.php\/wp-json\/wp\/v2\/product"}],"about":[{"href":"https:\/\/www.firstedukit.pl\/index.php\/wp-json\/wp\/v2\/types\/product"}],"replies":[{"embeddable":true,"href":"https:\/\/www.firstedukit.pl\/index.php\/wp-json\/wp\/v2\/comments?post=2652"}],"version-history":[{"count":2,"href":"https:\/\/www.firstedukit.pl\/index.php\/wp-json\/wp\/v2\/product\/2652\/revisions"}],"predecessor-version":[{"id":2667,"href":"https:\/\/www.firstedukit.pl\/index.php\/wp-json\/wp\/v2\/product\/2652\/revisions\/2667"}],"wp:featuredmedia":[{"embeddable":true,"href":"https:\/\/www.firstedukit.pl\/index.php\/wp-json\/wp\/v2\/media\/2653"}],"wp:attachment":[{"href":"https:\/\/www.firstedukit.pl\/index.php\/wp-json\/wp\/v2\/media?parent=2652"}],"wp:term":[{"taxonomy":"product_brand","embeddable":true,"href":"https:\/\/www.firstedukit.pl\/index.php\/wp-json\/wp\/v2\/product_brand?post=2652"},{"taxonomy":"product_cat","embeddable":true,"href":"https:\/\/www.firstedukit.pl\/index.php\/wp-json\/wp\/v2\/product_cat?post=2652"},{"taxonomy":"product_tag","embeddable":true,"href":"https:\/\/www.firstedukit.pl\/index.php\/wp-json\/wp\/v2\/product_tag?post=2652"}],"curies":[{"name":"wp","href":"https:\/\/api.w.org\/{rel}","templated":true}]}}