{"id":2682,"date":"2025-04-11T23:51:16","date_gmt":"2025-04-11T21:51:16","guid":{"rendered":"https:\/\/www.firstedukit.pl\/?post_type=product&#038;p=2682"},"modified":"2025-05-20T12:36:34","modified_gmt":"2025-05-20T10:36:34","slug":"easter-chocolate-shop","status":"publish","type":"product","link":"https:\/\/www.firstedukit.pl\/index.php\/product\/easter-chocolate-shop\/","title":{"rendered":"EASTER- chocolate shop"},"content":{"rendered":"<p>Easter- chocolate shop to idealna propozycja na urozmaicenie zaj\u0119\u0107 w okresie Wielkanocnym. W zestawie PDF znajdziesz: <br \/>\ud83c\udf6bwszystkie potrzebne elementy do zabawy w sklep z czekoladowymi figurkami (chick, lamb, egg, bunny, tulip, daffodil,carrot), \u0142\u0105cznie z propozycjami dialog\u00f3w,<br \/>\ud83c\udf6b dwie rymowanki (o r\u00f3\u017cnym stopniu trudno\u015bci) do utrwalenia s\u0142ownictwa,<br \/>\ud83c\udf6bzabaw\u0119 &#8222;wyturlaj wz\u00f3r&#8221; w kt\u00f3rej rzucaj\u0105c kostk\u0105 losujesz wz\u00f3r kt\u00f3ry nanosisz na pisank\u0119 lub na koszulk\u0119 Wielkanocnego zaj\u0105ca.<\/p>\n","protected":false},"excerpt":{"rendered":"<p>.<\/p>\n","protected":false},"featured_media":2683,"comment_status":"open","ping_status":"closed","template":"","meta":{"_kad_post_transparent":"","_kad_post_title":"","_kad_post_layout":"","_kad_post_sidebar_id":"","_kad_post_content_style":"","_kad_post_vertical_padding":"","_kad_post_feature":"","_kad_post_feature_position":"","_kad_post_header":false,"_kad_post_footer":false,"jetpack_post_was_ever_published":false},"product_brand":[],"product_cat":[24,123],"product_tag":[111,226,227],"class_list":{"0":"post-2682","1":"product","2":"type-product","3":"status-publish","4":"has-post-thumbnail","6":"product_cat-karty-na-zajecia","7":"product_cat-pomoce-dydaktyczne","8":"product_tag-easter","9":"product_tag-chocolate","10":"product_tag-shop","12":"first","13":"instock","14":"downloadable","15":"virtual","16":"taxable","17":"purchasable","18":"product-type-simple","19":"entry","20":"content-bg","21":"loop-entry"},"jetpack_sharing_enabled":true,"_links":{"self":[{"href":"https:\/\/www.firstedukit.pl\/index.php\/wp-json\/wp\/v2\/product\/2682","targetHints":{"allow":["GET"]}}],"collection":[{"href":"https:\/\/www.firstedukit.pl\/index.php\/wp-json\/wp\/v2\/product"}],"about":[{"href":"https:\/\/www.firstedukit.pl\/index.php\/wp-json\/wp\/v2\/types\/product"}],"replies":[{"embeddable":true,"href":"https:\/\/www.firstedukit.pl\/index.php\/wp-json\/wp\/v2\/comments?post=2682"}],"version-history":[{"count":3,"href":"https:\/\/www.firstedukit.pl\/index.php\/wp-json\/wp\/v2\/product\/2682\/revisions"}],"predecessor-version":[{"id":2692,"href":"https:\/\/www.firstedukit.pl\/index.php\/wp-json\/wp\/v2\/product\/2682\/revisions\/2692"}],"wp:featuredmedia":[{"embeddable":true,"href":"https:\/\/www.firstedukit.pl\/index.php\/wp-json\/wp\/v2\/media\/2683"}],"wp:attachment":[{"href":"https:\/\/www.firstedukit.pl\/index.php\/wp-json\/wp\/v2\/media?parent=2682"}],"wp:term":[{"taxonomy":"product_brand","embeddable":true,"href":"https:\/\/www.firstedukit.pl\/index.php\/wp-json\/wp\/v2\/product_brand?post=2682"},{"taxonomy":"product_cat","embeddable":true,"href":"https:\/\/www.firstedukit.pl\/index.php\/wp-json\/wp\/v2\/product_cat?post=2682"},{"taxonomy":"product_tag","embeddable":true,"href":"https:\/\/www.firstedukit.pl\/index.php\/wp-json\/wp\/v2\/product_tag?post=2682"}],"curies":[{"name":"wp","href":"https:\/\/api.w.org\/{rel}","templated":true}]}}