{"id":2717,"date":"2025-05-19T16:03:24","date_gmt":"2025-05-19T14:03:24","guid":{"rendered":"https:\/\/www.firstedukit.pl\/?post_type=product&#038;p=2717"},"modified":"2025-05-23T16:13:14","modified_gmt":"2025-05-23T14:13:14","slug":"where-are-you-mummy-scenariusz-zajec","status":"publish","type":"product","link":"https:\/\/www.firstedukit.pl\/index.php\/product\/where-are-you-mummy-scenariusz-zajec\/","title":{"rendered":"WHERE ARE YOU MUMMY- scenariusz zaj\u0119\u0107"},"content":{"rendered":"","protected":false},"excerpt":{"rendered":"<p><strong>WHERE ARE YOU MUMMY<\/strong>&#8211; scenariusz to kompleksowy opis zaj\u0119\u0107 na ok.40-45min z wyszczeg\u00f3lnionymi celami. W zestawie plik\u00f3w <strong>pdf<\/strong> znajdziesz wszystkie  potrzebne do jego zrealizowania pomoce.  Drukujesz i idziesz na zaj\u0119cia nie trac\u0105c czasu:) Je\u015bli masz poprzedni zestaw ( Where are you mummy- story) to ten b\u0119dzie \u015bwietnym jego uzupe\u0142nieniem lub kontynuacj\u0105. R\u00f3wnie dobrze wykorzystasz go samodzielnie.  <br \/><strong>Co znjadziesz w zestawie?<\/strong><br \/>&#8211; 7 plik\u00f3w pdf, \u0142\u0105cznie 32 strony pomocy, w tym szczeg\u00f3\u0142owo opisany scenariusz zaj\u0119\u0107,<br \/>&#8211; mini historyjka o osio\u0142ku szukaj\u0105cym mamy,<br \/>&#8211; karty emocji z uroczym osio\u0142kiem w roli g\u0142\u00f3wnej,<br \/>&#8211; karty zdarze\u0144 do kt\u00f3rych trzeba dopasowa\u0107 odpowiednie emocje- zdecydujcie m.in o tym  co czuje osio\u0142ek gdy przeje\u017cd\u017caj\u0105ce obok auto ochlapie go b\u0142otem , a co kiedy na jego nosie usi\u0105dzie wielki paj\u0105k?,<br \/>&#8211; pary mam i ich dzieci do dopasowania  (idealne dla najm\u0142odszych uczni\u00f3w),<br \/>&#8211; urocze kolorowanki w bonusie!<br \/><strong>Wykorzystaj z okazji zbli\u017caj\u0105cego si\u0119 dnia mamy lub do utrwalania podstawowych emocji!<\/strong><\/p>\n","protected":false},"featured_media":2701,"comment_status":"open","ping_status":"closed","template":"","meta":{"_kad_post_transparent":"","_kad_post_title":"","_kad_post_layout":"","_kad_post_sidebar_id":"","_kad_post_content_style":"","_kad_post_vertical_padding":"","_kad_post_feature":"","_kad_post_feature_position":"","_kad_post_header":false,"_kad_post_footer":false,"jetpack_post_was_ever_published":false},"product_brand":[],"product_cat":[24,123,203],"product_tag":[127,228,125],"class_list":{"0":"post-2717","1":"product","2":"type-product","3":"status-publish","4":"has-post-thumbnail","6":"product_cat-karty-na-zajecia","7":"product_cat-pomoce-dydaktyczne","8":"product_cat-special-days","9":"product_tag-donkey","10":"product_tag-mothersday","11":"product_tag-mummy","13":"first","14":"instock","15":"downloadable","16":"virtual","17":"taxable","18":"purchasable","19":"product-type-simple","20":"entry","21":"content-bg","22":"loop-entry"},"jetpack_sharing_enabled":true,"_links":{"self":[{"href":"https:\/\/www.firstedukit.pl\/index.php\/wp-json\/wp\/v2\/product\/2717","targetHints":{"allow":["GET"]}}],"collection":[{"href":"https:\/\/www.firstedukit.pl\/index.php\/wp-json\/wp\/v2\/product"}],"about":[{"href":"https:\/\/www.firstedukit.pl\/index.php\/wp-json\/wp\/v2\/types\/product"}],"replies":[{"embeddable":true,"href":"https:\/\/www.firstedukit.pl\/index.php\/wp-json\/wp\/v2\/comments?post=2717"}],"version-history":[{"count":1,"href":"https:\/\/www.firstedukit.pl\/index.php\/wp-json\/wp\/v2\/product\/2717\/revisions"}],"predecessor-version":[{"id":2728,"href":"https:\/\/www.firstedukit.pl\/index.php\/wp-json\/wp\/v2\/product\/2717\/revisions\/2728"}],"wp:featuredmedia":[{"embeddable":true,"href":"https:\/\/www.firstedukit.pl\/index.php\/wp-json\/wp\/v2\/media\/2701"}],"wp:attachment":[{"href":"https:\/\/www.firstedukit.pl\/index.php\/wp-json\/wp\/v2\/media?parent=2717"}],"wp:term":[{"taxonomy":"product_brand","embeddable":true,"href":"https:\/\/www.firstedukit.pl\/index.php\/wp-json\/wp\/v2\/product_brand?post=2717"},{"taxonomy":"product_cat","embeddable":true,"href":"https:\/\/www.firstedukit.pl\/index.php\/wp-json\/wp\/v2\/product_cat?post=2717"},{"taxonomy":"product_tag","embeddable":true,"href":"https:\/\/www.firstedukit.pl\/index.php\/wp-json\/wp\/v2\/product_tag?post=2717"}],"curies":[{"name":"wp","href":"https:\/\/api.w.org\/{rel}","templated":true}]}}